{"id":17589,"date":"2010-07-20T07:45:51","date_gmt":"2010-07-20T07:45:51","guid":{"rendered":"https:\/\/shop.metal-badge.ch\/?product=etui-en-cuir-practical-ipa-grece"},"modified":"2017-04-14T06:56:44","modified_gmt":"2017-04-14T06:56:44","slug":"etui-en-cuir-practical-ipa-grece","status":"publish","type":"product","link":"https:\/\/metal-badge.ch\/fr\/product\/17589\/etui-en-cuir-practical-ipa-grece\/","title":{"rendered":"Etui en cuir \u00ab\u00a0Practical\u00a0\u00bb IPA Gr\u00e8ce"},"content":{"rendered":"<p>Etui en cuir noir, simple, avec fen\u00eatre pour carte d&rsquo;identit\u00e9. Dimensions: largeur 8,5 cm \/ hauteur 11,5 cm.<\/p>\n","protected":false},"excerpt":{"rendered":"<p>Etui en cuir noir, simple, avec fen\u00eatre pour carte d&rsquo;identit\u00e9. Dimensions: largeur 8,5 cm \/ hauteur 11,5 cm.<\/p>\n","protected":false},"featured_media":94067,"comment_status":"open","ping_status":"closed","template":"","meta":{"inline_featured_image":false},"product_brand":[],"product_cat":[975],"product_tag":[],"class_list":{"0":"post-17589","1":"product","2":"type-product","3":"status-publish","4":"has-post-thumbnail","6":"product_cat-grece","8":"first","9":"instock","10":"taxable","11":"shipping-taxable","12":"purchasable","13":"product-type-simple"},"_links":{"self":[{"href":"https:\/\/metal-badge.ch\/fr\/wp-json\/wp\/v2\/product\/17589","targetHints":{"allow":["GET"]}}],"collection":[{"href":"https:\/\/metal-badge.ch\/fr\/wp-json\/wp\/v2\/product"}],"about":[{"href":"https:\/\/metal-badge.ch\/fr\/wp-json\/wp\/v2\/types\/product"}],"replies":[{"embeddable":true,"href":"https:\/\/metal-badge.ch\/fr\/wp-json\/wp\/v2\/comments?post=17589"}],"wp:featuredmedia":[{"embeddable":true,"href":"https:\/\/metal-badge.ch\/fr\/wp-json\/wp\/v2\/media\/94067"}],"wp:attachment":[{"href":"https:\/\/metal-badge.ch\/fr\/wp-json\/wp\/v2\/media?parent=17589"}],"wp:term":[{"taxonomy":"product_brand","embeddable":true,"href":"https:\/\/metal-badge.ch\/fr\/wp-json\/wp\/v2\/product_brand?post=17589"},{"taxonomy":"product_cat","embeddable":true,"href":"https:\/\/metal-badge.ch\/fr\/wp-json\/wp\/v2\/product_cat?post=17589"},{"taxonomy":"product_tag","embeddable":true,"href":"https:\/\/metal-badge.ch\/fr\/wp-json\/wp\/v2\/product_tag?post=17589"}],"curies":[{"name":"wp","href":"https:\/\/api.w.org\/{rel}","templated":true}]}}