{"id":17162,"date":"2010-03-31T13:07:43","date_gmt":"2010-03-31T13:07:43","guid":{"rendered":"https:\/\/shop.metal-badge.ch\/?product=ceinture-en-cuir-vachette-de-haute-qualite-fermoir-reversible"},"modified":"2019-02-05T10:55:44","modified_gmt":"2019-02-05T10:55:44","slug":"ceinture-en-cuir-vachette-de-haute-qualite-fermoir-reversible","status":"publish","type":"product","link":"https:\/\/metal-badge.ch\/fr\/product\/17162\/ceinture-en-cuir-vachette-de-haute-qualite-fermoir-reversible\/","title":{"rendered":"Ceinture en cuir vachette de haute qualit\u00e9, fermoir r\u00e9versible"},"content":{"rendered":"<p>Ceinture extr\u00eamement solide et durable pour les exigences particuli\u00e8res, fabriqu\u00e9e en cuir vachette v\u00e9ritable. Conception \u00e0 la mode et \u00e9l\u00e9gante. Largeur: 33 mm (aussi bien appropri\u00e9e pour un costume que pour un pantalon de loisir.) Mati\u00e8re \/ cuir: cuir de vachette tann\u00e9 structur\u00e9.<br \/>\nBoucle: fermoir de couleur argent, alliage de zinc nickel\u00e9, poli mat. Longueurs de ceinture de 90 cm \u00e0 120 cm \u00e0 choix, la ceinture peut \u00eatre facilement soi-m\u00eame raccourcie en ouvrant le fermoir. Livraison dans un box cadeau exclusif avec porte-cl\u00e9s. Voir la description du produit ci-dessous:<\/p>\n<p>Information du produit<\/p>\n<p>\u00a0<\/p>\n<ul>\n<li>Ceinture en cuir vachette v\u00e9ritable<\/li>\n<li>Ceinture r\u00e9versible d&rsquo;un c\u00f4t\u00e9 couleur noir mat, de l&rsquo;autre c\u00f4t\u00e9, couleur brun mat<\/li>\n<li>Longueur jusqu\u2019\u00e0 120 cm<\/li>\n<li>Largeur 3,3 cm<\/li>\n<li>M\u00e9canisme \u00e0 rabat pour facilement raccourcir soi-m\u00eame<\/li>\n<li>Fermoir poli nickel\u00e9 mat, de forme \u00e9l\u00e9gante<\/li>\n<li>Label de qualit\u00e9 cuir<\/li>\n<li>Belle bo\u00eete-cadeau<\/li>\n<li>Pour les commandes plus importantes d\u00e8s 50 pi\u00e8ces: rabais. Veuillez s.v.p. nous contacter.<\/li>\n<\/ul>\n<p>\u00a0<\/p>\n<p>Inclus dans le prix, le parfait accessoire: un porte-cl\u00e9s pratique.<\/p>\n<p>Information du produit: porte-cl\u00e9s<\/p>\n<p>\u00a0<\/p>\n<ul>\n<li>Longueur totale: env.13 cm \/ poids 38 gr.<\/li>\n<li>En cuir v\u00e9ritable, passant en cuir pour ceinture, longueur du passant 6 cm, largeur de 1,5 cm<\/li>\n<li>Mat\u00e9riel: alliage de zinc nickel\u00e9, poli brillant, avec deux boucles pour cl\u00e9s, diam\u00e8tre de la boucle 3cm<\/li>\n<li>Avec m\u00e9canisme \u00e0 ressort pour l\u2019ouverture<\/li>\n<li>Couleur du cuir: noir<\/li>\n<\/ul>\n<p><img decoding=\"async\" src=\"https:\/\/metal-badge.ch\/wp-content\/uploads\/products-inline-content\/ceinture_tableau_des_dimensions_f.png\" style=\"height:auto; width:100%\" alt=\"\"><\/p>\n","protected":false},"excerpt":{"rendered":"<p>Ceinture extr\u00eamement solide et durable pour les exigences particuli\u00e8res, fabriqu\u00e9e en cuir vachette v\u00e9ritable. Conception \u00e0 la mode et \u00e9l\u00e9gante. Largeur: 33 mm (aussi bien appropri\u00e9e pour un costume que pour un pantalon de loisir.) Mati\u00e8re \/ cuir: cuir de vachette tann\u00e9 structur\u00e9. Boucle: fermoir de couleur argent, alliage de zinc nickel\u00e9, poli mat. Longueurs [&hellip;]<\/p>\n","protected":false},"featured_media":94251,"comment_status":"open","ping_status":"closed","template":"","meta":{"inline_featured_image":false},"product_brand":[],"product_cat":[1347,1435,1646],"product_tag":[1769,1777,1773,1781,1765],"class_list":{"0":"post-17162","1":"product","2":"type-product","3":"status-publish","4":"has-post-thumbnail","6":"product_cat-accessoires-militaires-de-chasse","7":"product_cat-camping-voyage","8":"product_cat-ceintures-a-inserer","9":"product_tag-army-survival-fr","10":"product_tag-camping-voyage","11":"product_tag-chasse-peche","12":"product_tag-police-securite","13":"product_tag-sport-outdoor-fr","15":"first","16":"instock","17":"taxable","18":"shipping-taxable","19":"purchasable","20":"product-type-simple"},"_links":{"self":[{"href":"https:\/\/metal-badge.ch\/fr\/wp-json\/wp\/v2\/product\/17162","targetHints":{"allow":["GET"]}}],"collection":[{"href":"https:\/\/metal-badge.ch\/fr\/wp-json\/wp\/v2\/product"}],"about":[{"href":"https:\/\/metal-badge.ch\/fr\/wp-json\/wp\/v2\/types\/product"}],"replies":[{"embeddable":true,"href":"https:\/\/metal-badge.ch\/fr\/wp-json\/wp\/v2\/comments?post=17162"}],"wp:featuredmedia":[{"embeddable":true,"href":"https:\/\/metal-badge.ch\/fr\/wp-json\/wp\/v2\/media\/94251"}],"wp:attachment":[{"href":"https:\/\/metal-badge.ch\/fr\/wp-json\/wp\/v2\/media?parent=17162"}],"wp:term":[{"taxonomy":"product_brand","embeddable":true,"href":"https:\/\/metal-badge.ch\/fr\/wp-json\/wp\/v2\/product_brand?post=17162"},{"taxonomy":"product_cat","embeddable":true,"href":"https:\/\/metal-badge.ch\/fr\/wp-json\/wp\/v2\/product_cat?post=17162"},{"taxonomy":"product_tag","embeddable":true,"href":"https:\/\/metal-badge.ch\/fr\/wp-json\/wp\/v2\/product_tag?post=17162"}],"curies":[{"name":"wp","href":"https:\/\/api.w.org\/{rel}","templated":true}]}}