{"id":17095,"date":"2010-02-22T09:25:12","date_gmt":"2010-02-22T09:25:12","guid":{"rendered":"https:\/\/shop.metal-badge.ch\/?product=army-cap-brun"},"modified":"2012-04-23T19:01:00","modified_gmt":"2012-04-23T19:01:00","slug":"army-cap-brun","status":"publish","type":"product","link":"https:\/\/metal-badge.ch\/fr\/product\/17095\/army-cap-brun\/","title":{"rendered":"Army Cap brun"},"content":{"rendered":"<p>Les casquettes militaires \u00ab Military Caps \u00bb, (aussi appel\u00e9e \u00ab Army Caps \u00bb) sont d\u2019origine militaire. Sa forme actuelle remonte \u00e0 la coupe de casquettes militaires traditionnelles. Ainsi, ces casquettes ne sont pas taill\u00e9es rondes comme les casquettes de base-ball mais plates. En outre, seule la visi\u00e8re est g\u00e9n\u00e9ralement constitu\u00e9e d&rsquo;un mat\u00e9riau solide. On peut donc au besoin la rouler facilement et la mettre dans sa poche, sans endommager la casquette, ce qui est tr\u00e8s pratique. Beaucoup de fabricants de marques connues ont red\u00e9couvert ces casquettes et les ont embelli avec de nombreux designs \u00e0 la mode et ont continu\u00e9 \u00e0 les d\u00e9velopper. C&rsquo;est aussi la raison pour laquelle les casquettes militaires sont devenues tr\u00e8s populaires et ont maintenant une communaut\u00e9 de fans importante. <\/p>\n<p>Produit:<\/p>\n<ul>\n<li>Couleur: brun<\/li>\n<li>Fabrication de haute qualit\u00e9 et forme confortable <\/li>\n<li>Combinaisons de couleurs cools et structure sup\u00e9rieure carr\u00e9e<\/li>\n<li>Longueur de la visi\u00e8re: 6,5 cm <\/li>\n<li>Mat\u00e9riau: 100% coton twill lav\u00e9  <\/li>\n<li>Mat\u00e9riau int\u00e9rieur: doublure confortable en coton l\u00e9ger et bande anti-sueur en coton piqu\u00e9, respirant et r\u00e9sistant <\/li>\n<li>Instructions d&rsquo;entretien: lavable \u00e0 la main \u00e0 30 degr\u00e9s <\/li>\n<li>Tour de t\u00eate: Small \u2013 XLarge \/ 56cm \u2013 60cm<\/li>\n<li>Pas de r\u00e9glage possible <\/li>\n<p><strong>Pour les commandes plus importantes, les casquettes de l\u2019arm\u00e9e peuvent  \u00eatre brod\u00e9es ou imprim\u00e9es sur demande. Pour les grandes commandes, d\u00e8s 50 articles: rabais. Contactez-nous.<\/strong><\/p>\n","protected":false},"excerpt":{"rendered":"<p>Les casquettes militaires \u00ab Military Caps \u00bb, (aussi appel\u00e9e \u00ab Army Caps \u00bb) sont d\u2019origine militaire. Sa forme actuelle remonte \u00e0 la coupe de casquettes militaires traditionnelles. Ainsi, ces casquettes ne sont pas taill\u00e9es rondes comme les casquettes de base-ball mais plates. En outre, seule la visi\u00e8re est g\u00e9n\u00e9ralement constitu\u00e9e d&rsquo;un mat\u00e9riau solide. On peut [&hellip;]<\/p>\n","protected":false},"featured_media":94267,"comment_status":"open","ping_status":"closed","template":"","meta":{"inline_featured_image":false},"product_brand":[],"product_cat":[1622],"product_tag":[1777,1773,1765],"class_list":{"0":"post-17095","1":"product","2":"type-product","3":"status-publish","4":"has-post-thumbnail","6":"product_cat-cappes","7":"product_tag-camping-voyage","8":"product_tag-chasse-peche","9":"product_tag-sport-outdoor-fr","11":"first","12":"instock","13":"taxable","14":"shipping-taxable","15":"purchasable","16":"product-type-simple"},"_links":{"self":[{"href":"https:\/\/metal-badge.ch\/fr\/wp-json\/wp\/v2\/product\/17095","targetHints":{"allow":["GET"]}}],"collection":[{"href":"https:\/\/metal-badge.ch\/fr\/wp-json\/wp\/v2\/product"}],"about":[{"href":"https:\/\/metal-badge.ch\/fr\/wp-json\/wp\/v2\/types\/product"}],"replies":[{"embeddable":true,"href":"https:\/\/metal-badge.ch\/fr\/wp-json\/wp\/v2\/comments?post=17095"}],"wp:featuredmedia":[{"embeddable":true,"href":"https:\/\/metal-badge.ch\/fr\/wp-json\/wp\/v2\/media\/94267"}],"wp:attachment":[{"href":"https:\/\/metal-badge.ch\/fr\/wp-json\/wp\/v2\/media?parent=17095"}],"wp:term":[{"taxonomy":"product_brand","embeddable":true,"href":"https:\/\/metal-badge.ch\/fr\/wp-json\/wp\/v2\/product_brand?post=17095"},{"taxonomy":"product_cat","embeddable":true,"href":"https:\/\/metal-badge.ch\/fr\/wp-json\/wp\/v2\/product_cat?post=17095"},{"taxonomy":"product_tag","embeddable":true,"href":"https:\/\/metal-badge.ch\/fr\/wp-json\/wp\/v2\/product_tag?post=17095"}],"curies":[{"name":"wp","href":"https:\/\/api.w.org\/{rel}","templated":true}]}}