{"id":17088,"date":"2010-02-22T09:00:57","date_gmt":"2010-02-22T09:00:57","guid":{"rendered":"https:\/\/shop.metal-badge.ch\/?product=ceinture-en-cuir-vachette-avec-fermoir-reversible-deux-couleurs"},"modified":"2019-02-05T10:47:39","modified_gmt":"2019-02-05T10:47:39","slug":"ceinture-en-cuir-vachette-avec-fermoir-reversible-deux-couleurs","status":"publish","type":"product","link":"https:\/\/metal-badge.ch\/fr\/product\/17088\/ceinture-en-cuir-vachette-avec-fermoir-reversible-deux-couleurs\/","title":{"rendered":"Ceinture en cuir vachette avec fermoir r\u00e9versible, deux couleurs"},"content":{"rendered":"<p>Ceinture extr\u00eamement solide et durable pour les exigences particuli\u00e8res, fabriqu\u00e9e en cuir vachette v\u00e9ritable. Conception \u00e0 la mode et \u00e9l\u00e9gante. Largeur: 34 mm (aussi bien appropri\u00e9e pour un costume que pour un pantalon de loisir.) Mati\u00e8re \/ cuir: cuir de vachette tann\u00e9 lisse. Boucle: fermoir de couleur argent, alliage de zinc nickel\u00e9, poli brillant. Longueurs de ceinture de 90 cm \u00e0 120 cm \u00e0 choix, la ceinture peut \u00eatre facilement soi-m\u00eame raccourcie en ouvrant le fermoir. Livraison dans un box cadeau exclusif.<\/p>\n<p>Information du produit:<\/p>\n<ul>\n<li>En cuir v\u00e9ritable<\/li>\n<li>Ceinture r\u00e9versible d&rsquo;un c\u00f4t\u00e9 en couleur noir satin\u00e9, de l&rsquo;autre c\u00f4t\u00e9, couleur brun mat<\/li>\n<li>Longueur jusqu\u2019\u00e0 120 cm<\/li>\n<li>Largeur 3,4 cm<\/li>\n<li>M\u00e9chanisme \u00e0 rabat pour facilement raccourcir soi-m\u00eame<\/li>\n<li>Fermoir poli nickel\u00e9, de forme \u00e9l\u00e9gante<\/li>\n<li>Label de qualit\u00e9 cuir<\/li>\n<li>Belle bo\u00eete-cadeau<\/li>\n<li>Pour les commandes plus importantes d\u00e8s 50 pi\u00e8ces: rabais. Veuillez s.v.p. nous contacter.<\/li>\n<\/ul>\n<p><img decoding=\"async\" src=\"https:\/\/metal-badge.ch\/wp-content\/uploads\/products-inline-content\/ceinture_tableau_des_dimensions_f.png\" style=\"height:auto; width:100%\" alt=\"\"><\/p>\n","protected":false},"excerpt":{"rendered":"<p>Ceinture extr\u00eamement solide et durable pour les exigences particuli\u00e8res, fabriqu\u00e9e en cuir vachette v\u00e9ritable. Conception \u00e0 la mode et \u00e9l\u00e9gante. Largeur: 34 mm (aussi bien appropri\u00e9e pour un costume que pour un pantalon de loisir.) Mati\u00e8re \/ cuir: cuir de vachette tann\u00e9 lisse. Boucle: fermoir de couleur argent, alliage de zinc nickel\u00e9, poli brillant. Longueurs [&hellip;]<\/p>\n","protected":false},"featured_media":94269,"comment_status":"open","ping_status":"closed","template":"","meta":{"inline_featured_image":false},"product_brand":[],"product_cat":[1347,1435,1646],"product_tag":[1769,1777,1773,1781,1765],"class_list":{"0":"post-17088","1":"product","2":"type-product","3":"status-publish","4":"has-post-thumbnail","6":"product_cat-accessoires-militaires-de-chasse","7":"product_cat-camping-voyage","8":"product_cat-ceintures-a-inserer","9":"product_tag-army-survival-fr","10":"product_tag-camping-voyage","11":"product_tag-chasse-peche","12":"product_tag-police-securite","13":"product_tag-sport-outdoor-fr","15":"first","16":"instock","17":"taxable","18":"shipping-taxable","19":"purchasable","20":"product-type-simple"},"_links":{"self":[{"href":"https:\/\/metal-badge.ch\/fr\/wp-json\/wp\/v2\/product\/17088","targetHints":{"allow":["GET"]}}],"collection":[{"href":"https:\/\/metal-badge.ch\/fr\/wp-json\/wp\/v2\/product"}],"about":[{"href":"https:\/\/metal-badge.ch\/fr\/wp-json\/wp\/v2\/types\/product"}],"replies":[{"embeddable":true,"href":"https:\/\/metal-badge.ch\/fr\/wp-json\/wp\/v2\/comments?post=17088"}],"wp:featuredmedia":[{"embeddable":true,"href":"https:\/\/metal-badge.ch\/fr\/wp-json\/wp\/v2\/media\/94269"}],"wp:attachment":[{"href":"https:\/\/metal-badge.ch\/fr\/wp-json\/wp\/v2\/media?parent=17088"}],"wp:term":[{"taxonomy":"product_brand","embeddable":true,"href":"https:\/\/metal-badge.ch\/fr\/wp-json\/wp\/v2\/product_brand?post=17088"},{"taxonomy":"product_cat","embeddable":true,"href":"https:\/\/metal-badge.ch\/fr\/wp-json\/wp\/v2\/product_cat?post=17088"},{"taxonomy":"product_tag","embeddable":true,"href":"https:\/\/metal-badge.ch\/fr\/wp-json\/wp\/v2\/product_tag?post=17088"}],"curies":[{"name":"wp","href":"https:\/\/api.w.org\/{rel}","templated":true}]}}