{"id":17036,"date":"2010-02-19T08:24:53","date_gmt":"2010-02-19T08:24:53","guid":{"rendered":"https:\/\/shop.metal-badge.ch\/?product=latifolia"},"modified":"2019-10-23T18:51:18","modified_gmt":"2019-10-23T18:51:18","slug":"latifolia","status":"publish","type":"product","link":"https:\/\/metal-badge.ch\/fr\/product\/17036\/latifolia\/","title":{"rendered":"Latifolia"},"content":{"rendered":"<p>Porte sac \u00e0 main \/ \u201ePurse Hanger\u201c avec un grand cristal de verre jaune joliment taill\u00e9 et brillant. Int\u00e9gr\u00e9 d&rsquo;une bo\u00eete coulissante avec miroir. Le prix comprend une bo\u00eete-cadeau et un sac de velours pour protection.<\/p>\n<p><a class=\"pursehanger\" href=\"..\/shop\/pdf\/Produkteblatt_PurseHanger.pdf?osCAdminID=31aa48bfa152097f8f6c9e231a0d170f&#038;osCAdminID=31aa48bfa152097f8f6c9e231a0d170f\" target=\"_blank\">D&rsquo;autres informations dans la fiche du produit \u00ab\u00a0Purse Hanger\u00a0\u00bb (PDF, 88kb)<\/a><\/p>\n<p><strong>Pour les grosses commandes, rabais:<br \/>\nd\u00e8s 70 pi\u00e8ces: CHF 15.90 par article<br \/>\nd\u00e8s 150 pi\u00e8ces: CHF 11.90 par article<br \/>\nd\u00e8s 500 pi\u00e8ces: CHF 09.00 par article <\/strong><\/p>\n","protected":false},"excerpt":{"rendered":"<p>Porte sac \u00e0 main \/ \u201ePurse Hanger\u201c avec un grand cristal de verre jaune joliment taill\u00e9 et brillant. Int\u00e9gr\u00e9 d&rsquo;une bo\u00eete coulissante avec miroir. Le prix comprend une bo\u00eete-cadeau et un sac de velours pour protection. D&rsquo;autres informations dans la fiche du produit \u00ab\u00a0Purse Hanger\u00a0\u00bb (PDF, 88kb) Pour les grosses commandes, rabais: d\u00e8s 70 pi\u00e8ces: [&hellip;]<\/p>\n","protected":false},"featured_media":94281,"comment_status":"open","ping_status":"closed","template":"","meta":{"inline_featured_image":false},"product_brand":[],"product_cat":[942],"product_tag":[1890],"class_list":{"0":"post-17036","1":"product","2":"type-product","3":"status-publish","4":"has-post-thumbnail","6":"product_cat-purse-hanger","7":"product_tag-cadeaux","9":"first","10":"instock","11":"sale","12":"taxable","13":"shipping-taxable","14":"purchasable","15":"product-type-simple"},"_links":{"self":[{"href":"https:\/\/metal-badge.ch\/fr\/wp-json\/wp\/v2\/product\/17036","targetHints":{"allow":["GET"]}}],"collection":[{"href":"https:\/\/metal-badge.ch\/fr\/wp-json\/wp\/v2\/product"}],"about":[{"href":"https:\/\/metal-badge.ch\/fr\/wp-json\/wp\/v2\/types\/product"}],"replies":[{"embeddable":true,"href":"https:\/\/metal-badge.ch\/fr\/wp-json\/wp\/v2\/comments?post=17036"}],"wp:featuredmedia":[{"embeddable":true,"href":"https:\/\/metal-badge.ch\/fr\/wp-json\/wp\/v2\/media\/94281"}],"wp:attachment":[{"href":"https:\/\/metal-badge.ch\/fr\/wp-json\/wp\/v2\/media?parent=17036"}],"wp:term":[{"taxonomy":"product_brand","embeddable":true,"href":"https:\/\/metal-badge.ch\/fr\/wp-json\/wp\/v2\/product_brand?post=17036"},{"taxonomy":"product_cat","embeddable":true,"href":"https:\/\/metal-badge.ch\/fr\/wp-json\/wp\/v2\/product_cat?post=17036"},{"taxonomy":"product_tag","embeddable":true,"href":"https:\/\/metal-badge.ch\/fr\/wp-json\/wp\/v2\/product_tag?post=17036"}],"curies":[{"name":"wp","href":"https:\/\/api.w.org\/{rel}","templated":true}]}}