{"id":16649,"date":"2009-11-28T15:06:57","date_gmt":"2009-11-28T15:06:57","guid":{"rendered":"https:\/\/shop.metal-badge.ch\/?product=bois-noyer-a-suspendre-ipa-france"},"modified":"2017-04-17T03:19:23","modified_gmt":"2017-04-17T03:19:23","slug":"bois-noyer-a-suspendre-ipa-france","status":"publish","type":"product","link":"https:\/\/metal-badge.ch\/fr\/product\/16649\/bois-noyer-a-suspendre-ipa-france\/","title":{"rendered":"Bois (Noyer)  \u00e0 suspendre IPA France"},"content":{"rendered":"<p>Id\u00e9al comme cadeau ou comme distinction. 100% bois noyer suisse, \u00e0 suspendre.<\/p>\n<p>Attention: badge uniquement disponible pour les membres IPA!<\/p>\n","protected":false},"excerpt":{"rendered":"<p>Id\u00e9al comme cadeau ou comme distinction. 100% bois noyer suisse, \u00e0 suspendre. Attention: badge uniquement disponible pour les membres IPA!<\/p>\n","protected":false},"featured_media":94339,"comment_status":"open","ping_status":"closed","template":"","meta":{"inline_featured_image":false},"product_brand":[],"product_cat":[847],"product_tag":[],"class_list":{"0":"post-16649","1":"product","2":"type-product","3":"status-publish","4":"has-post-thumbnail","6":"product_cat-france-fr","8":"first","9":"instock","10":"taxable","11":"shipping-taxable","12":"purchasable","13":"product-type-simple"},"_links":{"self":[{"href":"https:\/\/metal-badge.ch\/fr\/wp-json\/wp\/v2\/product\/16649","targetHints":{"allow":["GET"]}}],"collection":[{"href":"https:\/\/metal-badge.ch\/fr\/wp-json\/wp\/v2\/product"}],"about":[{"href":"https:\/\/metal-badge.ch\/fr\/wp-json\/wp\/v2\/types\/product"}],"replies":[{"embeddable":true,"href":"https:\/\/metal-badge.ch\/fr\/wp-json\/wp\/v2\/comments?post=16649"}],"wp:featuredmedia":[{"embeddable":true,"href":"https:\/\/metal-badge.ch\/fr\/wp-json\/wp\/v2\/media\/94339"}],"wp:attachment":[{"href":"https:\/\/metal-badge.ch\/fr\/wp-json\/wp\/v2\/media?parent=16649"}],"wp:term":[{"taxonomy":"product_brand","embeddable":true,"href":"https:\/\/metal-badge.ch\/fr\/wp-json\/wp\/v2\/product_brand?post=16649"},{"taxonomy":"product_cat","embeddable":true,"href":"https:\/\/metal-badge.ch\/fr\/wp-json\/wp\/v2\/product_cat?post=16649"},{"taxonomy":"product_tag","embeddable":true,"href":"https:\/\/metal-badge.ch\/fr\/wp-json\/wp\/v2\/product_tag?post=16649"}],"curies":[{"name":"wp","href":"https:\/\/api.w.org\/{rel}","templated":true}]}}