{"id":16604,"date":"2009-11-13T05:26:29","date_gmt":"2009-11-13T05:26:29","guid":{"rendered":"https:\/\/shop.metal-badge.ch\/?product=etui-en-cuir-quantum-ipa-italie"},"modified":"2017-04-14T06:38:23","modified_gmt":"2017-04-14T06:38:23","slug":"etui-en-cuir-quantum-ipa-italie","status":"publish","type":"product","link":"https:\/\/metal-badge.ch\/fr\/product\/16604\/etui-en-cuir-quantum-ipa-italie\/","title":{"rendered":"Etui en cuir \u00ab\u00a0Quantum\u00a0\u00bb IPA Italie"},"content":{"rendered":"<p>Etui en cuir noir pratique de haute qualit\u00e9 avec une fen\u00eatre pour carte d&rsquo;identit\u00e9, six emplacements pour cartes de cr\u00e9dit et deux compartiments s\u00e9par\u00e9s pour les billets de banque. Dimensions: largeur 12 cm \/ hauteur 9 cm.<\/p>\n","protected":false},"excerpt":{"rendered":"<p>Etui en cuir noir pratique de haute qualit\u00e9 avec une fen\u00eatre pour carte d&rsquo;identit\u00e9, six emplacements pour cartes de cr\u00e9dit et deux compartiments s\u00e9par\u00e9s pour les billets de banque. Dimensions: largeur 12 cm \/ hauteur 9 cm.<\/p>\n","protected":false},"featured_media":94453,"comment_status":"open","ping_status":"closed","template":"","meta":{"inline_featured_image":false},"product_brand":[],"product_cat":[923],"product_tag":[],"class_list":{"0":"post-16604","1":"product","2":"type-product","3":"status-publish","4":"has-post-thumbnail","6":"product_cat-italie","8":"first","9":"instock","10":"taxable","11":"shipping-taxable","12":"purchasable","13":"product-type-simple"},"_links":{"self":[{"href":"https:\/\/metal-badge.ch\/fr\/wp-json\/wp\/v2\/product\/16604","targetHints":{"allow":["GET"]}}],"collection":[{"href":"https:\/\/metal-badge.ch\/fr\/wp-json\/wp\/v2\/product"}],"about":[{"href":"https:\/\/metal-badge.ch\/fr\/wp-json\/wp\/v2\/types\/product"}],"replies":[{"embeddable":true,"href":"https:\/\/metal-badge.ch\/fr\/wp-json\/wp\/v2\/comments?post=16604"}],"wp:featuredmedia":[{"embeddable":true,"href":"https:\/\/metal-badge.ch\/fr\/wp-json\/wp\/v2\/media\/94453"}],"wp:attachment":[{"href":"https:\/\/metal-badge.ch\/fr\/wp-json\/wp\/v2\/media?parent=16604"}],"wp:term":[{"taxonomy":"product_brand","embeddable":true,"href":"https:\/\/metal-badge.ch\/fr\/wp-json\/wp\/v2\/product_brand?post=16604"},{"taxonomy":"product_cat","embeddable":true,"href":"https:\/\/metal-badge.ch\/fr\/wp-json\/wp\/v2\/product_cat?post=16604"},{"taxonomy":"product_tag","embeddable":true,"href":"https:\/\/metal-badge.ch\/fr\/wp-json\/wp\/v2\/product_tag?post=16604"}],"curies":[{"name":"wp","href":"https:\/\/api.w.org\/{rel}","templated":true}]}}