{"id":16266,"date":"2009-11-13T05:24:01","date_gmt":"2009-11-13T05:24:01","guid":{"rendered":"https:\/\/shop.metal-badge.ch\/?product=etui-en-cuir-global-ipa-france"},"modified":"2017-04-13T15:53:56","modified_gmt":"2017-04-13T15:53:56","slug":"etui-en-cuir-global-ipa-france","status":"publish","type":"product","link":"https:\/\/metal-badge.ch\/fr\/product\/16266\/etui-en-cuir-global-ipa-france\/","title":{"rendered":"Etui en cuir \u00ab\u00a0Global\u00a0\u00bb IPA France"},"content":{"rendered":"<p>Etui en cuir noir pratique. L\u2019\u00e9tui est \u00e9quip\u00e9 d&rsquo;une fen\u00eatre pour carte d&rsquo;identit\u00e9 et de six emplacements pour cartes de cr\u00e9dit. Un compartiment s\u00e9par\u00e9 pour billets de banque est \u00e9galement inclu dans l&rsquo;\u00e9tui. Conforme aux normes les plus \u00e9lev\u00e9es. Dimensions: largeur 9,5 cm \/ hauteur 11,5 cm.<\/p>\n<p>Attention: badge uniquement disponible pour les membres IPA!<\/p>\n","protected":false},"excerpt":{"rendered":"<p>Etui en cuir noir pratique. L\u2019\u00e9tui est \u00e9quip\u00e9 d&rsquo;une fen\u00eatre pour carte d&rsquo;identit\u00e9 et de six emplacements pour cartes de cr\u00e9dit. Un compartiment s\u00e9par\u00e9 pour billets de banque est \u00e9galement inclu dans l&rsquo;\u00e9tui. Conforme aux normes les plus \u00e9lev\u00e9es. Dimensions: largeur 9,5 cm \/ hauteur 11,5 cm. Attention: badge uniquement disponible pour les membres IPA!<\/p>\n","protected":false},"featured_media":94475,"comment_status":"open","ping_status":"closed","template":"","meta":{"inline_featured_image":false},"product_brand":[],"product_cat":[847],"product_tag":[],"class_list":{"0":"post-16266","1":"product","2":"type-product","3":"status-publish","4":"has-post-thumbnail","6":"product_cat-france-fr","8":"first","9":"instock","10":"taxable","11":"shipping-taxable","12":"purchasable","13":"product-type-simple"},"_links":{"self":[{"href":"https:\/\/metal-badge.ch\/fr\/wp-json\/wp\/v2\/product\/16266","targetHints":{"allow":["GET"]}}],"collection":[{"href":"https:\/\/metal-badge.ch\/fr\/wp-json\/wp\/v2\/product"}],"about":[{"href":"https:\/\/metal-badge.ch\/fr\/wp-json\/wp\/v2\/types\/product"}],"replies":[{"embeddable":true,"href":"https:\/\/metal-badge.ch\/fr\/wp-json\/wp\/v2\/comments?post=16266"}],"wp:featuredmedia":[{"embeddable":true,"href":"https:\/\/metal-badge.ch\/fr\/wp-json\/wp\/v2\/media\/94475"}],"wp:attachment":[{"href":"https:\/\/metal-badge.ch\/fr\/wp-json\/wp\/v2\/media?parent=16266"}],"wp:term":[{"taxonomy":"product_brand","embeddable":true,"href":"https:\/\/metal-badge.ch\/fr\/wp-json\/wp\/v2\/product_brand?post=16266"},{"taxonomy":"product_cat","embeddable":true,"href":"https:\/\/metal-badge.ch\/fr\/wp-json\/wp\/v2\/product_cat?post=16266"},{"taxonomy":"product_tag","embeddable":true,"href":"https:\/\/metal-badge.ch\/fr\/wp-json\/wp\/v2\/product_tag?post=16266"}],"curies":[{"name":"wp","href":"https:\/\/api.w.org\/{rel}","templated":true}]}}