{"id":16131,"date":"2009-11-13T05:13:52","date_gmt":"2009-11-13T05:13:52","guid":{"rendered":"https:\/\/shop.metal-badge.ch\/?product=etui-en-cuir-casual-ipa-suisse"},"modified":"2017-04-13T01:45:14","modified_gmt":"2017-04-13T01:45:14","slug":"etui-en-cuir-casual-ipa-suisse","status":"publish","type":"product","link":"https:\/\/metal-badge.ch\/fr\/product\/16131\/etui-en-cuir-casual-ipa-suisse\/","title":{"rendered":"Etui en cuir \u00ab\u00a0Casual\u00a0\u00bb IPA Suisse"},"content":{"rendered":"<p>Etui en cuir noir de haute qualit\u00e9 avec une belle surface structur\u00e9e. L&rsquo;\u00e9tui est \u00e9quip\u00e9 de deux fen\u00eatres pour cartes d&rsquo;identit\u00e9 et de six emplacements pour cartes de cr\u00e9dit et un compartiment s\u00e9par\u00e9 pour billets de banque. L&rsquo;\u00e9tui est d\u00e9cor\u00e9 de deux boutons \u00e0 pression. Connect\u00e9 \u00e0 une cha\u00eene, l&rsquo;\u00e9tui peut facilement \u00eatre attach\u00e9 \u00e0 chaque ceinture et s&rsquo;int\u00e8gre dans n&rsquo;importe quelle poche. Appropri\u00e9 pour les motocyclistes, etc. Dimensions: largeur 10 cm \/ hauteur 12 cm. Longueur de la cha\u00eene: 40 cm.<\/p>\n<p>Attention: badge uniquement disponible pour les membres IPA!<\/p>\n","protected":false},"excerpt":{"rendered":"<p>Etui en cuir noir de haute qualit\u00e9 avec une belle surface structur\u00e9e. L&rsquo;\u00e9tui est \u00e9quip\u00e9 de deux fen\u00eatres pour cartes d&rsquo;identit\u00e9 et de six emplacements pour cartes de cr\u00e9dit et un compartiment s\u00e9par\u00e9 pour billets de banque. L&rsquo;\u00e9tui est d\u00e9cor\u00e9 de deux boutons \u00e0 pression. Connect\u00e9 \u00e0 une cha\u00eene, l&rsquo;\u00e9tui peut facilement \u00eatre attach\u00e9 \u00e0 [&hellip;]<\/p>\n","protected":false},"featured_media":94537,"comment_status":"open","ping_status":"closed","template":"","meta":{"inline_featured_image":false},"product_brand":[],"product_cat":[839],"product_tag":[],"class_list":{"0":"post-16131","1":"product","2":"type-product","3":"status-publish","4":"has-post-thumbnail","6":"product_cat-suisse","8":"first","9":"instock","10":"taxable","11":"shipping-taxable","12":"purchasable","13":"product-type-simple"},"_links":{"self":[{"href":"https:\/\/metal-badge.ch\/fr\/wp-json\/wp\/v2\/product\/16131","targetHints":{"allow":["GET"]}}],"collection":[{"href":"https:\/\/metal-badge.ch\/fr\/wp-json\/wp\/v2\/product"}],"about":[{"href":"https:\/\/metal-badge.ch\/fr\/wp-json\/wp\/v2\/types\/product"}],"replies":[{"embeddable":true,"href":"https:\/\/metal-badge.ch\/fr\/wp-json\/wp\/v2\/comments?post=16131"}],"wp:featuredmedia":[{"embeddable":true,"href":"https:\/\/metal-badge.ch\/fr\/wp-json\/wp\/v2\/media\/94537"}],"wp:attachment":[{"href":"https:\/\/metal-badge.ch\/fr\/wp-json\/wp\/v2\/media?parent=16131"}],"wp:term":[{"taxonomy":"product_brand","embeddable":true,"href":"https:\/\/metal-badge.ch\/fr\/wp-json\/wp\/v2\/product_brand?post=16131"},{"taxonomy":"product_cat","embeddable":true,"href":"https:\/\/metal-badge.ch\/fr\/wp-json\/wp\/v2\/product_cat?post=16131"},{"taxonomy":"product_tag","embeddable":true,"href":"https:\/\/metal-badge.ch\/fr\/wp-json\/wp\/v2\/product_tag?post=16131"}],"curies":[{"name":"wp","href":"https:\/\/api.w.org\/{rel}","templated":true}]}}