{"id":16107,"date":"2009-11-09T15:38:28","date_gmt":"2009-11-09T15:38:28","guid":{"rendered":"https:\/\/shop.metal-badge.ch\/?product=etui-en-cuir-quantum-sans-badge"},"modified":"2016-04-20T14:30:00","modified_gmt":"2016-04-20T14:30:00","slug":"etui-en-cuir-quantum-sans-badge","status":"publish","type":"product","link":"https:\/\/metal-badge.ch\/fr\/product\/16107\/etui-en-cuir-quantum-sans-badge\/","title":{"rendered":"Etui en cuir \u00ab\u00a0Quantum\u00a0\u00bb (sans badge)"},"content":{"rendered":"<p>Etui en cuir noir pratique de haute qualit\u00e9 avec une fen\u00eatre pour carte d&rsquo;identit\u00e9, six emplacements pour cartes de cr\u00e9dit et deux compartiments s\u00e9par\u00e9s pour les billets de banque. Dimensions: largeur 12 cm \/ hauteur 9 cm.<\/p>\n","protected":false},"excerpt":{"rendered":"<p>Etui en cuir noir pratique de haute qualit\u00e9 avec une fen\u00eatre pour carte d&rsquo;identit\u00e9, six emplacements pour cartes de cr\u00e9dit et deux compartiments s\u00e9par\u00e9s pour les billets de banque. Dimensions: largeur 12 cm \/ hauteur 9 cm.<\/p>\n","protected":false},"featured_media":94547,"comment_status":"open","ping_status":"closed","template":"","meta":{"inline_featured_image":false},"product_brand":[],"product_cat":[907,947],"product_tag":[],"class_list":{"0":"post-16107","1":"product","2":"type-product","3":"status-publish","4":"has-post-thumbnail","6":"product_cat-etuis-en-cuir-sans-badge","7":"product_cat-portemonnaies-etuis-en-cuir","9":"first","10":"instock","11":"taxable","12":"shipping-taxable","13":"purchasable","14":"product-type-simple"},"_links":{"self":[{"href":"https:\/\/metal-badge.ch\/fr\/wp-json\/wp\/v2\/product\/16107","targetHints":{"allow":["GET"]}}],"collection":[{"href":"https:\/\/metal-badge.ch\/fr\/wp-json\/wp\/v2\/product"}],"about":[{"href":"https:\/\/metal-badge.ch\/fr\/wp-json\/wp\/v2\/types\/product"}],"replies":[{"embeddable":true,"href":"https:\/\/metal-badge.ch\/fr\/wp-json\/wp\/v2\/comments?post=16107"}],"wp:featuredmedia":[{"embeddable":true,"href":"https:\/\/metal-badge.ch\/fr\/wp-json\/wp\/v2\/media\/94547"}],"wp:attachment":[{"href":"https:\/\/metal-badge.ch\/fr\/wp-json\/wp\/v2\/media?parent=16107"}],"wp:term":[{"taxonomy":"product_brand","embeddable":true,"href":"https:\/\/metal-badge.ch\/fr\/wp-json\/wp\/v2\/product_brand?post=16107"},{"taxonomy":"product_cat","embeddable":true,"href":"https:\/\/metal-badge.ch\/fr\/wp-json\/wp\/v2\/product_cat?post=16107"},{"taxonomy":"product_tag","embeddable":true,"href":"https:\/\/metal-badge.ch\/fr\/wp-json\/wp\/v2\/product_tag?post=16107"}],"curies":[{"name":"wp","href":"https:\/\/api.w.org\/{rel}","templated":true}]}}