{"id":16095,"date":"2009-11-06T18:14:01","date_gmt":"2009-11-06T18:14:01","guid":{"rendered":"https:\/\/shop.metal-badge.ch\/?product=etui-en-cuir-vip-sans-badge"},"modified":"2026-04-01T02:51:21","modified_gmt":"2026-04-01T00:51:21","slug":"etui-en-cuir-vip-sans-badge","status":"publish","type":"product","link":"https:\/\/metal-badge.ch\/fr\/product\/16095\/etui-en-cuir-vip-sans-badge\/","title":{"rendered":"Etui en cuir \u00ab\u00a0VIP\u00a0\u00bb (sans badge)"},"content":{"rendered":"<p>Cet \u00e9tui a trois fonctions : en passant de ceinture, \u00e0 suspendre en cha\u00eenette ou en suppl\u00e9ment auto en tant que support d&rsquo;\u00e9criture \u00c9tui en cuir ovale noir avec un cha\u00eenette en acier inoxydable. La cha\u00eenette est munie d&rsquo;une fermeture de s\u00e9curit\u00e9. L&rsquo;arri\u00e8re de cet \u00e9tui compote un clip afin de la porter \u00e0 la ceinture. Taille : Hauteur d&rsquo;env. 10 cm, largeur d&rsquo;environ 7,5 cm<\/p>\n<p><strong>Nouveau:<\/strong> fixation sur le pare-brise de la voiture Mesures : Peut \u00eatre ocmmand\u00e9 en suppl\u00e9ment \u00e0 tout moment..<\/p>\n","protected":false},"excerpt":{"rendered":"<p>Cet \u00e9tui a trois fonctions : en passant de ceinture, \u00e0 suspendre en cha\u00eenette ou en suppl\u00e9ment auto en tant que support d&rsquo;\u00e9criture \u00c9tui en cuir ovale noir avec un cha\u00eenette en acier inoxydable. La cha\u00eenette est munie d&rsquo;une fermeture de s\u00e9curit\u00e9. L&rsquo;arri\u00e8re de cet \u00e9tui compote un clip afin de la porter \u00e0 la [&hellip;]<\/p>\n","protected":false},"featured_media":16093,"comment_status":"open","ping_status":"closed","template":"","meta":{"inline_featured_image":false},"product_brand":[],"product_cat":[907,947],"product_tag":[],"class_list":{"0":"post-16095","1":"product","2":"type-product","3":"status-publish","4":"has-post-thumbnail","6":"product_cat-etuis-en-cuir-sans-badge","7":"product_cat-portemonnaies-etuis-en-cuir","9":"first","10":"instock","11":"taxable","12":"shipping-taxable","13":"purchasable","14":"product-type-simple"},"_links":{"self":[{"href":"https:\/\/metal-badge.ch\/fr\/wp-json\/wp\/v2\/product\/16095","targetHints":{"allow":["GET"]}}],"collection":[{"href":"https:\/\/metal-badge.ch\/fr\/wp-json\/wp\/v2\/product"}],"about":[{"href":"https:\/\/metal-badge.ch\/fr\/wp-json\/wp\/v2\/types\/product"}],"replies":[{"embeddable":true,"href":"https:\/\/metal-badge.ch\/fr\/wp-json\/wp\/v2\/comments?post=16095"}],"wp:featuredmedia":[{"embeddable":true,"href":"https:\/\/metal-badge.ch\/fr\/wp-json\/wp\/v2\/media\/16093"}],"wp:attachment":[{"href":"https:\/\/metal-badge.ch\/fr\/wp-json\/wp\/v2\/media?parent=16095"}],"wp:term":[{"taxonomy":"product_brand","embeddable":true,"href":"https:\/\/metal-badge.ch\/fr\/wp-json\/wp\/v2\/product_brand?post=16095"},{"taxonomy":"product_cat","embeddable":true,"href":"https:\/\/metal-badge.ch\/fr\/wp-json\/wp\/v2\/product_cat?post=16095"},{"taxonomy":"product_tag","embeddable":true,"href":"https:\/\/metal-badge.ch\/fr\/wp-json\/wp\/v2\/product_tag?post=16095"}],"curies":[{"name":"wp","href":"https:\/\/api.w.org\/{rel}","templated":true}]}}