{"id":16067,"date":"2009-03-19T07:35:57","date_gmt":"2009-03-19T07:35:57","guid":{"rendered":"https:\/\/shop.metal-badge.ch\/?product=police-t-shirt-noir"},"modified":"2020-12-03T04:18:12","modified_gmt":"2020-12-03T03:18:12","slug":"police-t-shirt-noir","status":"publish","type":"product","link":"https:\/\/metal-badge.ch\/fr\/product\/16067\/police-t-shirt-noir\/","title":{"rendered":"Police T-Shirt noir"},"content":{"rendered":"<p>Le t-shirt classique, encolure ronde. Qualit\u00e9 \u00e9lastique et tr\u00e8s confortable. Agr\u00e9able \u00e0 porter et facile \u00e0 entretenir. 100% coton.<\/p>\n","protected":false},"excerpt":{"rendered":"<p>Le t-shirt classique, encolure ronde. Qualit\u00e9 \u00e9lastique et tr\u00e8s confortable. Agr\u00e9able \u00e0 porter et facile \u00e0 entretenir. 100% coton.<\/p>\n","protected":false},"featured_media":84989,"comment_status":"open","ping_status":"closed","template":"","meta":{"inline_featured_image":false},"product_brand":[],"product_cat":[1570,1103],"product_tag":[1765],"class_list":{"0":"post-16067","1":"product","2":"type-product","3":"status-publish","4":"has-post-thumbnail","6":"product_cat-t-shirts-polo-shirts-fr","7":"product_cat-vetements","8":"product_tag-sport-outdoor-fr","10":"first","11":"instock","12":"taxable","13":"shipping-taxable","14":"purchasable","15":"product-type-simple"},"_links":{"self":[{"href":"https:\/\/metal-badge.ch\/fr\/wp-json\/wp\/v2\/product\/16067","targetHints":{"allow":["GET"]}}],"collection":[{"href":"https:\/\/metal-badge.ch\/fr\/wp-json\/wp\/v2\/product"}],"about":[{"href":"https:\/\/metal-badge.ch\/fr\/wp-json\/wp\/v2\/types\/product"}],"replies":[{"embeddable":true,"href":"https:\/\/metal-badge.ch\/fr\/wp-json\/wp\/v2\/comments?post=16067"}],"wp:featuredmedia":[{"embeddable":true,"href":"https:\/\/metal-badge.ch\/fr\/wp-json\/wp\/v2\/media\/84989"}],"wp:attachment":[{"href":"https:\/\/metal-badge.ch\/fr\/wp-json\/wp\/v2\/media?parent=16067"}],"wp:term":[{"taxonomy":"product_brand","embeddable":true,"href":"https:\/\/metal-badge.ch\/fr\/wp-json\/wp\/v2\/product_brand?post=16067"},{"taxonomy":"product_cat","embeddable":true,"href":"https:\/\/metal-badge.ch\/fr\/wp-json\/wp\/v2\/product_cat?post=16067"},{"taxonomy":"product_tag","embeddable":true,"href":"https:\/\/metal-badge.ch\/fr\/wp-json\/wp\/v2\/product_tag?post=16067"}],"curies":[{"name":"wp","href":"https:\/\/api.w.org\/{rel}","templated":true}]}}