{"id":16028,"date":"2009-02-20T07:00:12","date_gmt":"2009-02-20T07:00:12","guid":{"rendered":"https:\/\/shop.metal-badge.ch\/?product=bois-a-suspendre-ipa-suede"},"modified":"2023-12-22T02:38:52","modified_gmt":"2023-12-22T01:38:52","slug":"bois-a-suspendre-ipa-suede","status":"publish","type":"product","link":"https:\/\/metal-badge.ch\/fr\/product\/16028\/bois-a-suspendre-ipa-suede\/","title":{"rendered":"Bois \u00e0 suspendre IPA Su\u00e8de"},"content":{"rendered":"<p>Id\u00e9al comme cadeau ou comme distinction. 100% bois suisse, \u00e0 suspendre. Vous avez le choix entre un badge en argent ou en or ainsi qu&rsquo;entre du bois d&rsquo;\u00e9rable, d&rsquo;h\u00eatre ou de noyer.<\/p>\n<ul>\n<li>Hauteur: 16,5 cm<\/li>\n<li>Largeur: 12 cm<\/li>\n<\/ul>\n","protected":false},"excerpt":{"rendered":"<p>Id\u00e9al comme cadeau ou comme distinction. 100% bois suisse, \u00e0 suspendre. Vous avez le choix entre un badge en argent ou en or ainsi qu&rsquo;entre du bois d&rsquo;\u00e9rable, d&rsquo;h\u00eatre ou de noyer.<\/p>\n<ul>\n<li>Hauteur: 16,5 cm<\/li>\n<li>Largeur: 12 cm<\/li>\n<\/ul>\n","protected":false},"featured_media":94567,"comment_status":"open","ping_status":"closed","template":"","meta":{"inline_featured_image":false},"product_brand":[],"product_cat":[911],"product_tag":[],"class_list":{"0":"post-16028","1":"product","2":"type-product","3":"status-publish","4":"has-post-thumbnail","6":"product_cat-suede","8":"first","9":"instock","10":"taxable","11":"shipping-taxable","12":"purchasable","13":"product-type-simple"},"_links":{"self":[{"href":"https:\/\/metal-badge.ch\/fr\/wp-json\/wp\/v2\/product\/16028","targetHints":{"allow":["GET"]}}],"collection":[{"href":"https:\/\/metal-badge.ch\/fr\/wp-json\/wp\/v2\/product"}],"about":[{"href":"https:\/\/metal-badge.ch\/fr\/wp-json\/wp\/v2\/types\/product"}],"replies":[{"embeddable":true,"href":"https:\/\/metal-badge.ch\/fr\/wp-json\/wp\/v2\/comments?post=16028"}],"wp:featuredmedia":[{"embeddable":true,"href":"https:\/\/metal-badge.ch\/fr\/wp-json\/wp\/v2\/media\/94567"}],"wp:attachment":[{"href":"https:\/\/metal-badge.ch\/fr\/wp-json\/wp\/v2\/media?parent=16028"}],"wp:term":[{"taxonomy":"product_brand","embeddable":true,"href":"https:\/\/metal-badge.ch\/fr\/wp-json\/wp\/v2\/product_brand?post=16028"},{"taxonomy":"product_cat","embeddable":true,"href":"https:\/\/metal-badge.ch\/fr\/wp-json\/wp\/v2\/product_cat?post=16028"},{"taxonomy":"product_tag","embeddable":true,"href":"https:\/\/metal-badge.ch\/fr\/wp-json\/wp\/v2\/product_tag?post=16028"}],"curies":[{"name":"wp","href":"https:\/\/api.w.org\/{rel}","templated":true}]}}