{"id":16011,"date":"2009-02-06T08:42:48","date_gmt":"2009-02-06T08:42:48","guid":{"rendered":"https:\/\/shop.metal-badge.ch\/?product=lanyard-police-avec-ou-sans-etui-a-carte"},"modified":"2020-12-22T16:49:17","modified_gmt":"2020-12-22T15:49:17","slug":"lanyard-police-avec-ou-sans-etui-a-carte","status":"publish","type":"product","link":"https:\/\/metal-badge.ch\/fr\/product\/16011\/lanyard-police-avec-ou-sans-etui-a-carte\/","title":{"rendered":"Lanyard Police avec ou sans \u00e9tui \u00e0 carte"},"content":{"rendered":"<p>Lanyard avec inscription (POLICE). Lanyard de couleur bleue, \u00e9criture blanche. Ecriture fluo (luit dans le noir). En polyester. Largeur 2.5 cm. Avec fermeture de s\u00e9curit\u00e9 rapide, mousqueton ovale et porte-cl\u00e9s.<\/p>\n","protected":false},"excerpt":{"rendered":"<p>Lanyard avec inscription (POLICE). Lanyard de couleur bleue, \u00e9criture blanche. Ecriture fluo (luit dans le noir). En polyester. Largeur 2.5 cm. Avec fermeture de s\u00e9curit\u00e9 rapide, mousqueton ovale et porte-cl\u00e9s.<\/p>\n","protected":false},"featured_media":16008,"comment_status":"open","ping_status":"closed","template":"","meta":{"inline_featured_image":false},"product_brand":[],"product_cat":[887],"product_tag":[],"class_list":{"0":"post-16011","1":"product","2":"type-product","3":"status-publish","4":"has-post-thumbnail","6":"product_cat-accessoires","8":"first","9":"instock","10":"taxable","11":"shipping-taxable","12":"purchasable","13":"product-type-simple"},"_links":{"self":[{"href":"https:\/\/metal-badge.ch\/fr\/wp-json\/wp\/v2\/product\/16011","targetHints":{"allow":["GET"]}}],"collection":[{"href":"https:\/\/metal-badge.ch\/fr\/wp-json\/wp\/v2\/product"}],"about":[{"href":"https:\/\/metal-badge.ch\/fr\/wp-json\/wp\/v2\/types\/product"}],"replies":[{"embeddable":true,"href":"https:\/\/metal-badge.ch\/fr\/wp-json\/wp\/v2\/comments?post=16011"}],"wp:featuredmedia":[{"embeddable":true,"href":"https:\/\/metal-badge.ch\/fr\/wp-json\/wp\/v2\/media\/16008"}],"wp:attachment":[{"href":"https:\/\/metal-badge.ch\/fr\/wp-json\/wp\/v2\/media?parent=16011"}],"wp:term":[{"taxonomy":"product_brand","embeddable":true,"href":"https:\/\/metal-badge.ch\/fr\/wp-json\/wp\/v2\/product_brand?post=16011"},{"taxonomy":"product_cat","embeddable":true,"href":"https:\/\/metal-badge.ch\/fr\/wp-json\/wp\/v2\/product_cat?post=16011"},{"taxonomy":"product_tag","embeddable":true,"href":"https:\/\/metal-badge.ch\/fr\/wp-json\/wp\/v2\/product_tag?post=16011"}],"curies":[{"name":"wp","href":"https:\/\/api.w.org\/{rel}","templated":true}]}}