{"id":15985,"date":"2008-10-20T13:21:57","date_gmt":"2008-10-20T13:21:57","guid":{"rendered":"https:\/\/shop.metal-badge.ch\/?product=etui-en-cuir-functional-sans-badge"},"modified":"2017-04-17T02:49:51","modified_gmt":"2017-04-17T02:49:51","slug":"etui-en-cuir-functional-sans-badge","status":"publish","type":"product","link":"https:\/\/metal-badge.ch\/fr\/product\/15985\/etui-en-cuir-functional-sans-badge\/","title":{"rendered":"Etui en cuir  \u00ab\u00a0Functional\u00a0\u00bb (sans badge)"},"content":{"rendered":"<p>Etui en cuir marron avec fen\u00eatre pour carte de cr\u00e9dit, compartiments pour cartes de cr\u00e9dit, monnaie et billets.<\/p>\n","protected":false},"excerpt":{"rendered":"<p>Etui en cuir marron avec fen\u00eatre pour carte de cr\u00e9dit, compartiments pour cartes de cr\u00e9dit, monnaie et billets.<\/p>\n","protected":false},"featured_media":94579,"comment_status":"open","ping_status":"closed","template":"","meta":{"inline_featured_image":false},"product_brand":[],"product_cat":[907,947],"product_tag":[],"class_list":{"0":"post-15985","1":"product","2":"type-product","3":"status-publish","4":"has-post-thumbnail","6":"product_cat-etuis-en-cuir-sans-badge","7":"product_cat-portemonnaies-etuis-en-cuir","9":"first","10":"instock","11":"taxable","12":"shipping-taxable","13":"purchasable","14":"product-type-simple"},"_links":{"self":[{"href":"https:\/\/metal-badge.ch\/fr\/wp-json\/wp\/v2\/product\/15985","targetHints":{"allow":["GET"]}}],"collection":[{"href":"https:\/\/metal-badge.ch\/fr\/wp-json\/wp\/v2\/product"}],"about":[{"href":"https:\/\/metal-badge.ch\/fr\/wp-json\/wp\/v2\/types\/product"}],"replies":[{"embeddable":true,"href":"https:\/\/metal-badge.ch\/fr\/wp-json\/wp\/v2\/comments?post=15985"}],"wp:featuredmedia":[{"embeddable":true,"href":"https:\/\/metal-badge.ch\/fr\/wp-json\/wp\/v2\/media\/94579"}],"wp:attachment":[{"href":"https:\/\/metal-badge.ch\/fr\/wp-json\/wp\/v2\/media?parent=15985"}],"wp:term":[{"taxonomy":"product_brand","embeddable":true,"href":"https:\/\/metal-badge.ch\/fr\/wp-json\/wp\/v2\/product_brand?post=15985"},{"taxonomy":"product_cat","embeddable":true,"href":"https:\/\/metal-badge.ch\/fr\/wp-json\/wp\/v2\/product_cat?post=15985"},{"taxonomy":"product_tag","embeddable":true,"href":"https:\/\/metal-badge.ch\/fr\/wp-json\/wp\/v2\/product_tag?post=15985"}],"curies":[{"name":"wp","href":"https:\/\/api.w.org\/{rel}","templated":true}]}}