{"id":15954,"date":"2008-09-05T07:06:50","date_gmt":"2008-09-05T07:06:50","guid":{"rendered":"https:\/\/shop.metal-badge.ch\/?product=bois-avec-socle-ipa-suisse-fin-de-serie"},"modified":"2022-12-20T22:20:02","modified_gmt":"2022-12-20T21:20:02","slug":"bois-avec-socle-ipa-suisse-fin-de-serie","status":"publish","type":"product","link":"https:\/\/metal-badge.ch\/fr\/product\/15954\/bois-avec-socle-ipa-suisse-fin-de-serie\/","title":{"rendered":"Bois avec socle IPA Suisse (fin de s\u00e9rie)"},"content":{"rendered":"<p>100% bois suisse avec socle. Id\u00e9al comme cadeau ou comme distinction. Vous avez le choix entre un badge en argent ou en or ainsi qu&rsquo;entre du bois d&rsquo;\u00e9rable, d&rsquo;h\u00eatre ou de noyer. <strong>Jusqu&rsquo;\u00e0 \u00e9puisement du stock.<\/strong><\/p>\n","protected":false},"excerpt":{"rendered":"<p>100% bois suisse avec socle. Id\u00e9al comme cadeau ou comme distinction. Vous avez le choix entre un badge en argent ou en or ainsi qu&rsquo;entre du bois d&rsquo;\u00e9rable, d&rsquo;h\u00eatre ou de noyer. Jusqu&rsquo;\u00e0 \u00e9puisement du stock.<\/p>\n","protected":false},"featured_media":87538,"comment_status":"open","ping_status":"closed","template":"","meta":{"inline_featured_image":false},"product_brand":[],"product_cat":[903],"product_tag":[],"class_list":{"0":"post-15954","1":"product","2":"type-product","3":"status-publish","4":"has-post-thumbnail","6":"product_cat-modeles-arretes","8":"first","9":"instock","10":"sale","11":"taxable","12":"shipping-taxable","13":"purchasable","14":"product-type-simple"},"_links":{"self":[{"href":"https:\/\/metal-badge.ch\/fr\/wp-json\/wp\/v2\/product\/15954","targetHints":{"allow":["GET"]}}],"collection":[{"href":"https:\/\/metal-badge.ch\/fr\/wp-json\/wp\/v2\/product"}],"about":[{"href":"https:\/\/metal-badge.ch\/fr\/wp-json\/wp\/v2\/types\/product"}],"replies":[{"embeddable":true,"href":"https:\/\/metal-badge.ch\/fr\/wp-json\/wp\/v2\/comments?post=15954"}],"wp:featuredmedia":[{"embeddable":true,"href":"https:\/\/metal-badge.ch\/fr\/wp-json\/wp\/v2\/media\/87538"}],"wp:attachment":[{"href":"https:\/\/metal-badge.ch\/fr\/wp-json\/wp\/v2\/media?parent=15954"}],"wp:term":[{"taxonomy":"product_brand","embeddable":true,"href":"https:\/\/metal-badge.ch\/fr\/wp-json\/wp\/v2\/product_brand?post=15954"},{"taxonomy":"product_cat","embeddable":true,"href":"https:\/\/metal-badge.ch\/fr\/wp-json\/wp\/v2\/product_cat?post=15954"},{"taxonomy":"product_tag","embeddable":true,"href":"https:\/\/metal-badge.ch\/fr\/wp-json\/wp\/v2\/product_tag?post=15954"}],"curies":[{"name":"wp","href":"https:\/\/api.w.org\/{rel}","templated":true}]}}