{"id":15943,"date":"2008-08-31T08:58:12","date_gmt":"2008-08-31T08:58:12","guid":{"rendered":"https:\/\/shop.metal-badge.ch\/?product=police-t-shirt-bleu"},"modified":"2009-10-08T22:56:04","modified_gmt":"2009-10-08T22:56:04","slug":"police-t-shirt-bleu","status":"publish","type":"product","link":"https:\/\/metal-badge.ch\/fr\/product\/15943\/police-t-shirt-bleu\/","title":{"rendered":"Police T-Shirt bleu"},"content":{"rendered":"<p>Le t-shirt classique, encolure ronde. Qualit\u00e9 \u00e9lastique et tr\u00e8s confortable. Agr\u00e9able \u00e0 porter et facile \u00e0 entretenir. 100% coton.<\/p>\n","protected":false},"excerpt":{"rendered":"<p>Le t-shirt classique, encolure ronde. Qualit\u00e9 \u00e9lastique et tr\u00e8s confortable. Agr\u00e9able \u00e0 porter et facile \u00e0 entretenir. 100% coton.<\/p>\n","protected":false},"featured_media":94585,"comment_status":"open","ping_status":"closed","template":"","meta":{"inline_featured_image":false},"product_brand":[],"product_cat":[1570,1103],"product_tag":[1765],"class_list":{"0":"post-15943","1":"product","2":"type-product","3":"status-publish","4":"has-post-thumbnail","6":"product_cat-t-shirts-polo-shirts-fr","7":"product_cat-vetements","8":"product_tag-sport-outdoor-fr","10":"first","11":"instock","12":"taxable","13":"shipping-taxable","14":"purchasable","15":"product-type-simple"},"_links":{"self":[{"href":"https:\/\/metal-badge.ch\/fr\/wp-json\/wp\/v2\/product\/15943","targetHints":{"allow":["GET"]}}],"collection":[{"href":"https:\/\/metal-badge.ch\/fr\/wp-json\/wp\/v2\/product"}],"about":[{"href":"https:\/\/metal-badge.ch\/fr\/wp-json\/wp\/v2\/types\/product"}],"replies":[{"embeddable":true,"href":"https:\/\/metal-badge.ch\/fr\/wp-json\/wp\/v2\/comments?post=15943"}],"wp:featuredmedia":[{"embeddable":true,"href":"https:\/\/metal-badge.ch\/fr\/wp-json\/wp\/v2\/media\/94585"}],"wp:attachment":[{"href":"https:\/\/metal-badge.ch\/fr\/wp-json\/wp\/v2\/media?parent=15943"}],"wp:term":[{"taxonomy":"product_brand","embeddable":true,"href":"https:\/\/metal-badge.ch\/fr\/wp-json\/wp\/v2\/product_brand?post=15943"},{"taxonomy":"product_cat","embeddable":true,"href":"https:\/\/metal-badge.ch\/fr\/wp-json\/wp\/v2\/product_cat?post=15943"},{"taxonomy":"product_tag","embeddable":true,"href":"https:\/\/metal-badge.ch\/fr\/wp-json\/wp\/v2\/product_tag?post=15943"}],"curies":[{"name":"wp","href":"https:\/\/api.w.org\/{rel}","templated":true}]}}