{"id":15833,"date":"2008-08-27T19:21:46","date_gmt":"2008-08-27T19:21:46","guid":{"rendered":"https:\/\/shop.metal-badge.ch\/?product=etui-en-cuir-business-police-ferroviaire-suisse"},"modified":"2017-04-14T22:58:01","modified_gmt":"2017-04-14T22:58:01","slug":"etui-en-cuir-business-police-ferroviaire-suisse","status":"publish","type":"product","link":"https:\/\/metal-badge.ch\/fr\/product\/15833\/etui-en-cuir-business-police-ferroviaire-suisse\/","title":{"rendered":"Etui en cuir \u00ab\u00a0Business\u00a0\u00bb police ferroviaire Suisse"},"content":{"rendered":"<p>Etui en cuir noir avec 2 fen\u00eatres pour carte d&rsquo;identit\u00e9, compartiments cartes de cr\u00e9dit et billets.<\/p>\n","protected":false},"excerpt":{"rendered":"<p>Etui en cuir noir avec 2 fen\u00eatres pour carte d&rsquo;identit\u00e9, compartiments cartes de cr\u00e9dit et billets.<\/p>\n","protected":false},"featured_media":94613,"comment_status":"open","ping_status":"closed","template":"","meta":{"inline_featured_image":false},"product_brand":[],"product_cat":[899],"product_tag":[],"class_list":{"0":"post-15833","1":"product","2":"type-product","3":"status-publish","4":"has-post-thumbnail","6":"product_cat-police-ferroviaire-suisse","8":"first","9":"instock","10":"taxable","11":"shipping-taxable","12":"purchasable","13":"product-type-simple"},"_links":{"self":[{"href":"https:\/\/metal-badge.ch\/fr\/wp-json\/wp\/v2\/product\/15833","targetHints":{"allow":["GET"]}}],"collection":[{"href":"https:\/\/metal-badge.ch\/fr\/wp-json\/wp\/v2\/product"}],"about":[{"href":"https:\/\/metal-badge.ch\/fr\/wp-json\/wp\/v2\/types\/product"}],"replies":[{"embeddable":true,"href":"https:\/\/metal-badge.ch\/fr\/wp-json\/wp\/v2\/comments?post=15833"}],"wp:featuredmedia":[{"embeddable":true,"href":"https:\/\/metal-badge.ch\/fr\/wp-json\/wp\/v2\/media\/94613"}],"wp:attachment":[{"href":"https:\/\/metal-badge.ch\/fr\/wp-json\/wp\/v2\/media?parent=15833"}],"wp:term":[{"taxonomy":"product_brand","embeddable":true,"href":"https:\/\/metal-badge.ch\/fr\/wp-json\/wp\/v2\/product_brand?post=15833"},{"taxonomy":"product_cat","embeddable":true,"href":"https:\/\/metal-badge.ch\/fr\/wp-json\/wp\/v2\/product_cat?post=15833"},{"taxonomy":"product_tag","embeddable":true,"href":"https:\/\/metal-badge.ch\/fr\/wp-json\/wp\/v2\/product_tag?post=15833"}],"curies":[{"name":"wp","href":"https:\/\/api.w.org\/{rel}","templated":true}]}}