{"id":15785,"date":"2008-07-25T08:14:09","date_gmt":"2008-07-25T08:14:09","guid":{"rendered":"https:\/\/shop.metal-badge.ch\/?product=etui-police-recto-verso-argent"},"modified":"2012-09-14T10:46:40","modified_gmt":"2012-09-14T10:46:40","slug":"etui-police-recto-verso-argent","status":"publish","type":"product","link":"https:\/\/metal-badge.ch\/fr\/product\/15785\/etui-police-recto-verso-argent\/","title":{"rendered":"Etui \u00ab\u00a0POLICE\u00a0\u00bb, recto-verso, argent"},"content":{"rendered":"<p>Etui POLICE avec cha\u00eenette, inscription des deux c\u00f4t\u00e9s (POLICE\/POLIZEI), pour deux cartes format carte de cr\u00e9dit, \u00e9criture argent\u00e9e.<\/p>\n<p>Attention: Nous offrons une remise de 20% sur les achats et commandes sup\u00e9rieures \u00e0 100 pi\u00e8ces.<\/p>\n","protected":false},"excerpt":{"rendered":"<p>Etui POLICE avec cha\u00eenette, inscription des deux c\u00f4t\u00e9s (POLICE\/POLIZEI), pour deux cartes format carte de cr\u00e9dit, \u00e9criture argent\u00e9e. Attention: Nous offrons une remise de 20% sur les achats et commandes sup\u00e9rieures \u00e0 100 pi\u00e8ces.<\/p>\n","protected":false},"featured_media":54911,"comment_status":"open","ping_status":"closed","template":"","meta":{"inline_featured_image":false},"product_brand":[],"product_cat":[907,887,947],"product_tag":[],"class_list":{"0":"post-15785","1":"product","2":"type-product","3":"status-publish","4":"has-post-thumbnail","6":"product_cat-etuis-en-cuir-sans-badge","7":"product_cat-accessoires","8":"product_cat-portemonnaies-etuis-en-cuir","10":"first","11":"instock","12":"taxable","13":"shipping-taxable","14":"purchasable","15":"product-type-simple"},"_links":{"self":[{"href":"https:\/\/metal-badge.ch\/fr\/wp-json\/wp\/v2\/product\/15785","targetHints":{"allow":["GET"]}}],"collection":[{"href":"https:\/\/metal-badge.ch\/fr\/wp-json\/wp\/v2\/product"}],"about":[{"href":"https:\/\/metal-badge.ch\/fr\/wp-json\/wp\/v2\/types\/product"}],"replies":[{"embeddable":true,"href":"https:\/\/metal-badge.ch\/fr\/wp-json\/wp\/v2\/comments?post=15785"}],"wp:featuredmedia":[{"embeddable":true,"href":"https:\/\/metal-badge.ch\/fr\/wp-json\/wp\/v2\/media\/54911"}],"wp:attachment":[{"href":"https:\/\/metal-badge.ch\/fr\/wp-json\/wp\/v2\/media?parent=15785"}],"wp:term":[{"taxonomy":"product_brand","embeddable":true,"href":"https:\/\/metal-badge.ch\/fr\/wp-json\/wp\/v2\/product_brand?post=15785"},{"taxonomy":"product_cat","embeddable":true,"href":"https:\/\/metal-badge.ch\/fr\/wp-json\/wp\/v2\/product_cat?post=15785"},{"taxonomy":"product_tag","embeddable":true,"href":"https:\/\/metal-badge.ch\/fr\/wp-json\/wp\/v2\/product_tag?post=15785"}],"curies":[{"name":"wp","href":"https:\/\/api.w.org\/{rel}","templated":true}]}}