{"id":153054,"date":"2026-01-16T12:43:52","date_gmt":"2026-01-16T11:43:52","guid":{"rendered":"https:\/\/metal-badge.ch\/?post_type=product&#038;p=153054"},"modified":"2026-01-16T12:50:37","modified_gmt":"2026-01-16T11:50:37","slug":"traserp69-black-stealth-blue-109857","status":"publish","type":"product","link":"https:\/\/metal-badge.ch\/fr\/product\/153054\/traserp69-black-stealth-blue-109857\/","title":{"rendered":"TraserP69 Black Stealth Blue &#8211; 109857"},"content":{"rendered":"<p>La P69 Black Stealth \u2013 un garde-temps tactique con\u00e7u pour les missions les plus exigeantes. Gr\u00e2ce \u00e0 la pr\u00e9cision de l\u2019horlogerie suisse et \u00e0 une fiabilit\u00e9 in\u00e9branlable, elle est le compagnon id\u00e9al pour ceux qui doivent pouvoir compter sur chaque seconde en conditions extr\u00eames.<\/p>\n<p><strong>Compagnon silencieux<\/strong><\/p>\n<p>Au c\u0153ur de la nuit, entour\u00e9 d\u2019obscurit\u00e9 et de danger, chaque d\u00e9tail compte. La P69 Black Stealth repose calmement \u00e0 votre poignet \u2013 un camarade silencieux qui ne vous abandonne jamais. Elle incarne la coh\u00e9sion d\u2019une unit\u00e9, forg\u00e9e par des \u00e9preuves difficiles, et vous donne la certitude de ne pas \u00eatre seul.<\/p>\n<p><strong>Con\u00e7ue pour durer<\/strong><\/p>\n<p>Le cadran bleu de la P69 Black Stealth se fond dans la nuit, id\u00e9al pour les missions o\u00f9 la discr\u00e9tion est essentielle. Le bo\u00eetier en acier inoxydable rev\u00eatu de PVD noir mat absorbe la lumi\u00e8re et reste discret, tandis que l\u2019insert de lunette en c\u00e9ramique r\u00e9siste aux rayures \u2013 un symbole de durabilit\u00e9. Le bracelet NATO \u00e9pouse le poignet avec robustesse et confort, pr\u00eat \u00e0 affronter les rigueurs du terrain, et le verre saphir antireflet prot\u00e8ge le cadran avec une clart\u00e9 et une duret\u00e9 absolues.<\/p>\n<p><strong>Robuste. Pr\u00e9cise. Fiable.<\/strong><\/p>\n<p>Au c\u0153ur de la P69 Black Stealth bat un mouvement \u00e0 quartz Swiss Made, pr\u00e9cis m\u00eame sous pression \u2013 un rythme fiable dans les moments chaotiques. \u00c9tanche jusqu\u2019\u00e0 20 bar, elle r\u00e9siste aux \u00e9l\u00e9ments, des tranch\u00e9es boueuses \u00e0 la haute mer. La lunette tournante bidirectionnelle avec marquage trigalight devient un outil tactique pour mesurer le temps avec pr\u00e9cision, tandis que les aiguilles auto-luminescentes indiquent l\u2019heure m\u00eame dans l\u2019obscurit\u00e9 totale.<\/p>\n<p><strong>Une lumi\u00e8re qui dure<\/strong><\/p>\n<p>La technologie trigalight transforme la P69 Black Stealth en un v\u00e9ritable phare dans l\u2019obscurit\u00e9. Les tubes en verre au tritium auto-aliment\u00e9s offrent une visibilit\u00e9 pendant des ann\u00e9es sans \u00e9nergie externe \u2013 un avantage d\u00e9cisif pour les professionnels qui doivent pouvoir compter sur chaque seconde.<\/p>\n<p><strong>Sp\u00e9cifications<\/strong><\/p>\n<ul>\n<li>\u00c9l\u00e9ments lumineux: trigalight &amp; Super-LumiNova<\/li>\n<li>Aiguilles lumineuses: trigalight<\/li>\n<li>Lunette lumineuse: trigalight<\/li>\n<li>Joint lumineux: Joint lumineux<\/li>\n<li>Mouvement: Quartz Swiss Made<\/li>\n<li>Diam\u00e8tre: \u00d8 45 mm<\/li>\n<li>Verre: Saphir antireflet<\/li>\n<li>Bo\u00eetier: Acier inoxydable rev\u00eatu PVD<\/li>\n<li>Cadran: Bleu<\/li>\n<li>Couronne: Couronne viss\u00e9e<\/li>\n<li>Bracelet: Caoutchouc<\/li>\n<li>\u00c9tanch\u00e9it\u00e9: 20 atm \/ 20 bar<\/li>\n<li>Entre-cornes: 22 mm<\/li>\n<\/ul>\n","protected":false},"excerpt":{"rendered":"<p>La P69 Black Stealth \u2013 un garde-temps tactique con\u00e7u pour les missions les plus exigeantes. Gr\u00e2ce \u00e0 la pr\u00e9cision de l\u2019horlogerie suisse et \u00e0 une fiabilit\u00e9 in\u00e9branlable, elle est le compagnon id\u00e9al pour ceux qui doivent pouvoir compter sur chaque seconde en conditions extr\u00eames.<\/p>\n","protected":false},"featured_media":153058,"comment_status":"closed","ping_status":"closed","template":"","meta":{"inline_featured_image":false},"product_brand":[],"product_cat":[967,2315],"product_tag":[1765,1932],"class_list":{"0":"post-153054","1":"product","2":"type-product","3":"status-publish","4":"has-post-thumbnail","6":"product_cat-montres","7":"product_cat-traser-fr","8":"product_tag-sport-outdoor-fr","9":"product_tag-traser-fr","11":"first","12":"instock","13":"taxable","14":"shipping-taxable","15":"purchasable","16":"product-type-simple"},"_links":{"self":[{"href":"https:\/\/metal-badge.ch\/fr\/wp-json\/wp\/v2\/product\/153054","targetHints":{"allow":["GET"]}}],"collection":[{"href":"https:\/\/metal-badge.ch\/fr\/wp-json\/wp\/v2\/product"}],"about":[{"href":"https:\/\/metal-badge.ch\/fr\/wp-json\/wp\/v2\/types\/product"}],"replies":[{"embeddable":true,"href":"https:\/\/metal-badge.ch\/fr\/wp-json\/wp\/v2\/comments?post=153054"}],"wp:featuredmedia":[{"embeddable":true,"href":"https:\/\/metal-badge.ch\/fr\/wp-json\/wp\/v2\/media\/153058"}],"wp:attachment":[{"href":"https:\/\/metal-badge.ch\/fr\/wp-json\/wp\/v2\/media?parent=153054"}],"wp:term":[{"taxonomy":"product_brand","embeddable":true,"href":"https:\/\/metal-badge.ch\/fr\/wp-json\/wp\/v2\/product_brand?post=153054"},{"taxonomy":"product_cat","embeddable":true,"href":"https:\/\/metal-badge.ch\/fr\/wp-json\/wp\/v2\/product_cat?post=153054"},{"taxonomy":"product_tag","embeddable":true,"href":"https:\/\/metal-badge.ch\/fr\/wp-json\/wp\/v2\/product_tag?post=153054"}],"curies":[{"name":"wp","href":"https:\/\/api.w.org\/{rel}","templated":true}]}}