{"id":152992,"date":"2026-01-16T04:34:45","date_gmt":"2026-01-16T03:34:45","guid":{"rendered":"https:\/\/metal-badge.ch\/?post_type=product&#038;p=152992"},"modified":"2026-01-16T04:48:09","modified_gmt":"2026-01-16T03:48:09","slug":"traser-p99-q-tactical-black-110723","status":"publish","type":"product","link":"https:\/\/metal-badge.ch\/fr\/product\/152992\/traser-p99-q-tactical-black-110723\/","title":{"rendered":"Traser P99 Q Tactical Black &#8211; 110723"},"content":{"rendered":"<p>D\u00e9velopp\u00e9e pour les forces d\u2019\u00e9lite, la P99 Q Tactical est votre compagnon fiable dans les situations extr\u00eames. Le double bo\u00eetier renforc\u00e9 en fibre de carbone et le mouvement suisse de haute pr\u00e9cision garantissent des performances maximales. Dot\u00e9e de la technologie trigalight, qui assure une visibilit\u00e9 constante, elle est pr\u00eate \u00e0 relever tous les d\u00e9fis.<\/p>\n<p>Au c\u0153ur de la nuit, lorsque vous progressez sur un terrain difficile, la P99 Q Tactical devient votre partenaire silencieux. Sa lueur vous guide \u00e0 chaque pas, tandis que sa conception robuste r\u00e9siste aux conditions les plus s\u00e9v\u00e8res. Quand chaque seconde compte, faites confiance \u00e0 une montre aussi infatigable que vous.<\/p>\n<p>Le design enti\u00e8rement noir\u2014du cadran au bracelet NATO\u2014vous permet de rester invisible dans l\u2019obscurit\u00e9. La surface mate du bo\u00eetier renforc\u00e9 en fibre de carbone absorbe la lumi\u00e8re et emp\u00eache les reflets ind\u00e9sirables susceptibles de trahir votre position. Ce mat\u00e9riau a \u00e9t\u00e9 choisi pour allier l\u00e9g\u00e8ret\u00e9 et r\u00e9sistance\u2014un compagnon fid\u00e8le qui ne vous abandonne jamais.<\/p>\n<p>Au c\u0153ur de la P99 Q Tactical bat un mouvement \u00e0 quartz suisse, garantissant une pr\u00e9cision in\u00e9gal\u00e9e m\u00eame sous pression. Le double bo\u00eetier en fibre de carbone et acier inoxydable prot\u00e8ge comme une forteresse, tandis que la lunette rotative bidirectionnelle permet une manipulation pr\u00e9cise, m\u00eame avec des gants. Gr\u00e2ce au verre saphir et \u00e0 une \u00e9tanch\u00e9it\u00e9 de 20 bars, elle affronte tous les terrains\u2014de la boue \u00e0 la mer.<\/p>\n<p>La technologie trigalight utilise du gaz tritium pour offrir un \u00e9clairage constant et sans batterie pendant jusqu\u2019\u00e0 20 ans. Aucun besoin de lumi\u00e8re solaire ni de recharge\u2014une visibilit\u00e9 fiable \u00e0 tout moment, d\u00e9velopp\u00e9e par traser, pionnier de cette innovation.<\/p>\n<p><strong>Sp\u00e9cifications<\/strong><\/p>\n<ul>\n<li>\u00c9l\u00e9ments lumineux : trigalight<\/li>\n<li>Aiguilles lumineuses : trigalight<\/li>\n<li>Lunette lumineuse : trigalight &amp; Super-LumiNova<\/li>\n<li>Joint lumineux : Oui<\/li>\n<li>Mouvement : Quartz Swiss Made<\/li>\n<li>Diam\u00e8tre : \u00d8 46 mm<\/li>\n<li>Verre : Saphir antireflet<\/li>\n<li>Bo\u00eetier : Double bo\u00eetier renforc\u00e9 en fibre de carbone avec conteneur en acier inoxydable<\/li>\n<li>Cadran : Noir<\/li>\n<li>Couronne : Couronne viss\u00e9e<\/li>\n<li>Bracelet : Caoutchouc<\/li>\n<li>\u00c9tanch\u00e9it\u00e9 : 20 atm \/ 20 bar<\/li>\n<li>Entre-cornes : 22 mm<\/li>\n<\/ul>\n","protected":false},"excerpt":{"rendered":"<p>D\u00e9velopp\u00e9e pour les forces d\u2019\u00e9lite, la P99 Q Tactical est votre compagnon fiable dans les situations extr\u00eames. Le double bo\u00eetier renforc\u00e9 en fibre de carbone et le mouvement suisse de haute pr\u00e9cision garantissent des performances maximales. Dot\u00e9e de la technologie trigalight, qui assure une visibilit\u00e9 constante, elle est pr\u00eate \u00e0 relever tous les d\u00e9fis.<\/p>\n","protected":false},"featured_media":152996,"comment_status":"closed","ping_status":"closed","template":"","meta":{"inline_featured_image":false},"product_brand":[],"product_cat":[967,2315],"product_tag":[1765,1932],"class_list":{"0":"post-152992","1":"product","2":"type-product","3":"status-publish","4":"has-post-thumbnail","6":"product_cat-montres","7":"product_cat-traser-fr","8":"product_tag-sport-outdoor-fr","9":"product_tag-traser-fr","11":"first","12":"instock","13":"taxable","14":"shipping-taxable","15":"purchasable","16":"product-type-simple"},"_links":{"self":[{"href":"https:\/\/metal-badge.ch\/fr\/wp-json\/wp\/v2\/product\/152992","targetHints":{"allow":["GET"]}}],"collection":[{"href":"https:\/\/metal-badge.ch\/fr\/wp-json\/wp\/v2\/product"}],"about":[{"href":"https:\/\/metal-badge.ch\/fr\/wp-json\/wp\/v2\/types\/product"}],"replies":[{"embeddable":true,"href":"https:\/\/metal-badge.ch\/fr\/wp-json\/wp\/v2\/comments?post=152992"}],"wp:featuredmedia":[{"embeddable":true,"href":"https:\/\/metal-badge.ch\/fr\/wp-json\/wp\/v2\/media\/152996"}],"wp:attachment":[{"href":"https:\/\/metal-badge.ch\/fr\/wp-json\/wp\/v2\/media?parent=152992"}],"wp:term":[{"taxonomy":"product_brand","embeddable":true,"href":"https:\/\/metal-badge.ch\/fr\/wp-json\/wp\/v2\/product_brand?post=152992"},{"taxonomy":"product_cat","embeddable":true,"href":"https:\/\/metal-badge.ch\/fr\/wp-json\/wp\/v2\/product_cat?post=152992"},{"taxonomy":"product_tag","embeddable":true,"href":"https:\/\/metal-badge.ch\/fr\/wp-json\/wp\/v2\/product_tag?post=152992"}],"curies":[{"name":"wp","href":"https:\/\/api.w.org\/{rel}","templated":true}]}}