{"id":152922,"date":"2026-01-15T05:32:09","date_gmt":"2026-01-15T04:32:09","guid":{"rendered":"https:\/\/metal-badge.ch\/?post_type=product&#038;p=152922"},"modified":"2026-01-15T05:50:03","modified_gmt":"2026-01-15T04:50:03","slug":"traser-p99-t-tactical-brown-110669","status":"publish","type":"product","link":"https:\/\/metal-badge.ch\/fr\/product\/152922\/traser-p99-t-tactical-brown-110669\/","title":{"rendered":"Traser P99 T Tactical Brown &#8211; 110669"},"content":{"rendered":"<p>Extr\u00eamement r\u00e9sistante et ultral\u00e9g\u00e8re : la P99 T Tactical de traser swiss H3 watches est un chef-d\u2019\u0153uvre en titane. Gr\u00e2ce \u00e0 sa technologie unique trigalight, elle offre une lisibilit\u00e9 in\u00e9gal\u00e9e et est con\u00e7ue pour les missions les plus exigeantes\u2014un Titan au poignet pour les professionnels.<\/p>\n<p><strong>Con\u00e7ue pour l\u2019extr\u00eame<\/strong><\/p>\n<p>De la chaleur \u00e9crasante du d\u00e9sert aux sommets glac\u00e9s, la P99 T Tactical vous accompagne. Son bo\u00eetier l\u00e9ger en titane garantit un grand confort, tandis que les \u00e9l\u00e9ments trigalight assurent une orientation parfaite m\u00eame dans l\u2019obscurit\u00e9 totale. Un garde-temps qui soutient vos missions avec fiabilit\u00e9 et \u00e9l\u00e9gance.<\/p>\n<p><strong>Sobre &amp; Robuste<\/strong><\/p>\n<p>Le cadran brun de la P99 T Tactical est compl\u00e9t\u00e9 par un bracelet NATO kaki-rouge, lui conf\u00e9rant un caract\u00e8re aventurier. Le bo\u00eetier en titane mat souligne son esth\u00e9tique robuste, tandis que le verre saphir trait\u00e9 antireflet des deux c\u00f4t\u00e9s assure une lisibilit\u00e9 parfaite.<\/p>\n<p><strong>Durabilit\u00e9 suisse pour chaque mission<\/strong><\/p>\n<p>Anim\u00e9e par un mouvement \u00e0 quartz Swiss Made de haute pr\u00e9cision, la P99 T Tactical allie r\u00e9sistance maximale et poids minimal. Le titane prot\u00e8ge contre les champs magn\u00e9tiques et la corrosion, tandis que la couronne viss\u00e9e et l\u2019\u00e9tanch\u00e9it\u00e9 \u00e0 20 bars la rendent pr\u00eate pour tous les terrains. L\u2019affichage jour-date \u00e0 3 heures et la lunette tournante renforcent sa fonctionnalit\u00e9.<\/p>\n<p><strong>Toujours lisible<\/strong><\/p>\n<p>La technologie trigalight de traser garantit une luminosit\u00e9 constante sur les aiguilles, les index et la lunette\u2014sans source lumineuse externe. Un joint de verre luminescent et une bague de couronne lumineuse assurent une utilisation optimale, m\u00eame dans l\u2019obscurit\u00e9 absolue.<\/p>\n<p><strong>Sp\u00e9cifications<\/strong><\/p>\n<ul>\n<li>\u00c9l\u00e9ments lumineux : trigalight<\/li>\n<li>Aiguilles lumineuses : trigalight<\/li>\n<li>Lunette lumineuse : trigalight<\/li>\n<li>Joint lumineux : Oui<\/li>\n<li>Mouvement : Quartz Swiss Made<\/li>\n<li>Diam\u00e8tre : \u00d8 46 mm<\/li>\n<li>Verre : Saphir antireflet<\/li>\n<li>Bo\u00eetier : Titane<\/li>\n<li>Cadran : Brun<\/li>\n<li>Couronne : Couronne viss\u00e9e<\/li>\n<li>Bracelet : NATO<\/li>\n<li>\u00c9tanch\u00e9it\u00e9 : 20 atm \/ 20 bar<\/li>\n<li>Entre-cornes : 22 mm<\/li>\n<\/ul>\n","protected":false},"excerpt":{"rendered":"<p>Extr\u00eamement r\u00e9sistante et ultral\u00e9g\u00e8re : la P99 T Tactical de traser swiss H3 watches est un chef-d\u2019\u0153uvre en titane. Gr\u00e2ce \u00e0 sa technologie unique trigalight, elle offre une lisibilit\u00e9 in\u00e9gal\u00e9e et est con\u00e7ue pour les missions les plus exigeantes\u2014un Titan au poignet pour les professionnels.<\/p>\n","protected":false},"featured_media":152926,"comment_status":"closed","ping_status":"closed","template":"","meta":{"inline_featured_image":false},"product_brand":[],"product_cat":[967,2315],"product_tag":[1765,1932],"class_list":{"0":"post-152922","1":"product","2":"type-product","3":"status-publish","4":"has-post-thumbnail","6":"product_cat-montres","7":"product_cat-traser-fr","8":"product_tag-sport-outdoor-fr","9":"product_tag-traser-fr","11":"first","12":"instock","13":"taxable","14":"shipping-taxable","15":"purchasable","16":"product-type-simple"},"_links":{"self":[{"href":"https:\/\/metal-badge.ch\/fr\/wp-json\/wp\/v2\/product\/152922","targetHints":{"allow":["GET"]}}],"collection":[{"href":"https:\/\/metal-badge.ch\/fr\/wp-json\/wp\/v2\/product"}],"about":[{"href":"https:\/\/metal-badge.ch\/fr\/wp-json\/wp\/v2\/types\/product"}],"replies":[{"embeddable":true,"href":"https:\/\/metal-badge.ch\/fr\/wp-json\/wp\/v2\/comments?post=152922"}],"wp:featuredmedia":[{"embeddable":true,"href":"https:\/\/metal-badge.ch\/fr\/wp-json\/wp\/v2\/media\/152926"}],"wp:attachment":[{"href":"https:\/\/metal-badge.ch\/fr\/wp-json\/wp\/v2\/media?parent=152922"}],"wp:term":[{"taxonomy":"product_brand","embeddable":true,"href":"https:\/\/metal-badge.ch\/fr\/wp-json\/wp\/v2\/product_brand?post=152922"},{"taxonomy":"product_cat","embeddable":true,"href":"https:\/\/metal-badge.ch\/fr\/wp-json\/wp\/v2\/product_cat?post=152922"},{"taxonomy":"product_tag","embeddable":true,"href":"https:\/\/metal-badge.ch\/fr\/wp-json\/wp\/v2\/product_tag?post=152922"}],"curies":[{"name":"wp","href":"https:\/\/api.w.org\/{rel}","templated":true}]}}