{"id":152905,"date":"2026-01-15T05:14:08","date_gmt":"2026-01-15T04:14:08","guid":{"rendered":"https:\/\/metal-badge.ch\/?post_type=product&#038;p=152905"},"modified":"2026-01-15T05:23:14","modified_gmt":"2026-01-15T04:23:14","slug":"traser-p99-iris-tactical-111461","status":"publish","type":"product","link":"https:\/\/metal-badge.ch\/fr\/product\/152905\/traser-p99-iris-tactical-111461\/","title":{"rendered":"Traser P99 Iris Tactical &#8211; 111461"},"content":{"rendered":"<p>La P99 Iris \u00c9dition Limit\u00e9e r\u00e9unit invisibilit\u00e9 et lisibilit\u00e9 dans une seule montre. Gr\u00e2ce \u00e0 son diaphragme iris brevet\u00e9 et \u00e0 ses Super Powered trigalights plus lumineux, elle s\u2019adapte instantan\u00e9ment \u00e0 votre mission. Limit\u00e9e \u00e0 300 pi\u00e8ces.<\/p>\n<p><strong>Dominez l\u2019obscurit\u00e9<\/strong><\/p>\n<p>Avec la P99 Iris, vous d\u00e9cidez qui vous voit. Le diaphragme iris dissimule la montre en un instant, tandis que les Super Powered trigalights \u00e9clairent la nuit la plus profonde. Plus qu\u2019une montre : un outil pour ceux qui refusent de choisir\u2014entre dissimulation et contr\u00f4le.<\/p>\n<p><strong>Une technologie qui repousse les limites<\/strong><\/p>\n<p>Le diaphragme iris \u00e0 16 lamelles s\u2019ouvre et se ferme avec fluidit\u00e9, prot\u00e9g\u00e9 par un verre saphir antireflet. Les Super Powered trigalights offrent une luminosit\u00e9 accrue gr\u00e2ce \u00e0 un rev\u00eatement sp\u00e9cial et durent plus de 20 ans. \u00c9quip\u00e9e d\u2019un mouvement \u00e0 quartz Swiss Made, d\u2019un fond de bo\u00eetier grav\u00e9 et de bracelets tactiques.<\/p>\n<p><strong>Sp\u00e9cifications<\/strong><\/p>\n<ul>\n<li>\u00c9l\u00e9ments lumineux : Super Powered trigalight<\/li>\n<li>Aiguilles lumineuses : trigalight<\/li>\n<li>Mouvement : Quartz Swiss Made<\/li>\n<li>Diam\u00e8tre : \u00d8 46 mm<\/li>\n<li>Verre : Saphir antireflet<\/li>\n<li>Bo\u00eetier : Acier inoxydable rev\u00eatu PVD<\/li>\n<li>Cadran : Noir<\/li>\n<li>Couronne : Couronne viss\u00e9e<\/li>\n<li>Bracelet : Caoutchouc<\/li>\n<li>\u00c9tanch\u00e9it\u00e9 : 10 atm \/ 10 bar<\/li>\n<li>Entre-cornes : 22 mm<\/li>\n<\/ul>\n","protected":false},"excerpt":{"rendered":"<p>La P99 Iris \u00c9dition Limit\u00e9e r\u00e9unit invisibilit\u00e9 et lisibilit\u00e9 dans une seule montre. Gr\u00e2ce \u00e0 son diaphragme iris brevet\u00e9 et \u00e0 ses Super Powered trigalights plus lumineux, elle s\u2019adapte instantan\u00e9ment \u00e0 votre mission. Limit\u00e9e \u00e0 300 pi\u00e8ces.<\/p>\n","protected":false},"featured_media":152913,"comment_status":"closed","ping_status":"closed","template":"","meta":{"inline_featured_image":false},"product_brand":[],"product_cat":[967,2315],"product_tag":[1765,1932],"class_list":{"0":"post-152905","1":"product","2":"type-product","3":"status-publish","4":"has-post-thumbnail","6":"product_cat-montres","7":"product_cat-traser-fr","8":"product_tag-sport-outdoor-fr","9":"product_tag-traser-fr","11":"first","12":"instock","13":"taxable","14":"shipping-taxable","15":"purchasable","16":"product-type-simple"},"_links":{"self":[{"href":"https:\/\/metal-badge.ch\/fr\/wp-json\/wp\/v2\/product\/152905","targetHints":{"allow":["GET"]}}],"collection":[{"href":"https:\/\/metal-badge.ch\/fr\/wp-json\/wp\/v2\/product"}],"about":[{"href":"https:\/\/metal-badge.ch\/fr\/wp-json\/wp\/v2\/types\/product"}],"replies":[{"embeddable":true,"href":"https:\/\/metal-badge.ch\/fr\/wp-json\/wp\/v2\/comments?post=152905"}],"wp:featuredmedia":[{"embeddable":true,"href":"https:\/\/metal-badge.ch\/fr\/wp-json\/wp\/v2\/media\/152913"}],"wp:attachment":[{"href":"https:\/\/metal-badge.ch\/fr\/wp-json\/wp\/v2\/media?parent=152905"}],"wp:term":[{"taxonomy":"product_brand","embeddable":true,"href":"https:\/\/metal-badge.ch\/fr\/wp-json\/wp\/v2\/product_brand?post=152905"},{"taxonomy":"product_cat","embeddable":true,"href":"https:\/\/metal-badge.ch\/fr\/wp-json\/wp\/v2\/product_cat?post=152905"},{"taxonomy":"product_tag","embeddable":true,"href":"https:\/\/metal-badge.ch\/fr\/wp-json\/wp\/v2\/product_tag?post=152905"}],"curies":[{"name":"wp","href":"https:\/\/api.w.org\/{rel}","templated":true}]}}