{"id":152833,"date":"2026-01-14T13:04:07","date_gmt":"2026-01-14T12:04:07","guid":{"rendered":"https:\/\/metal-badge.ch\/?post_type=product&#038;p=152833"},"modified":"2026-01-14T13:41:56","modified_gmt":"2026-01-14T12:41:56","slug":"traser-p99-a-tactical-carbon-111355","status":"publish","type":"product","link":"https:\/\/metal-badge.ch\/fr\/product\/152833\/traser-p99-a-tactical-carbon-111355\/","title":{"rendered":"Traser P99 A Tactical Carbon &#8211; 111355"},"content":{"rendered":"<p data-start=\"178\" data-end=\"499\">La <strong data-start=\"181\" data-end=\"199\">P99 A Tactical<\/strong> associe l\u2019h\u00e9ritage tactique de traser aux technologies de pointe. Anim\u00e9e par un mouvement automatique suisse, elle offre ind\u00e9pendance et pr\u00e9cision, tandis que la technologie trigalight et la construction robuste \u00e0 double bo\u00eetier en font l\u2019outil horloger ultime pour les missions les plus exigeantes.<\/p>\n<p data-start=\"501\" data-end=\"534\"><strong>Toujours trouver son chemin<\/strong><\/p>\n<p data-start=\"535\" data-end=\"842\">Que ce soit lors d\u2019une op\u00e9ration de plong\u00e9e ou d\u2019un entra\u00eenement outdoor intensif, la P99 A Tactical, avec son bracelet en caoutchouc robuste, rel\u00e8ve tous les d\u00e9fis. Ses \u00e9l\u00e9ments trigalight brillent dans les profondeurs, et le mouvement automatique garantit des performances fiables en toutes circonstances.<\/p>\n<p data-start=\"844\" data-end=\"870\"><strong>Un design saisissant<\/strong><\/p>\n<p data-start=\"871\" data-end=\"1172\">Le bracelet en caoutchouc noir de la P99 A Tactical offre flexibilit\u00e9 et confort pour une utilisation active. Le cadran structur\u00e9 en carbone et le double bo\u00eetier noir mat en acier et polym\u00e8re renforc\u00e9 de fibres de carbone lui conf\u00e8rent une esth\u00e9tique sans compromis, sublim\u00e9e par des aiguilles rouges.<\/p>\n<p data-start=\"1174\" data-end=\"1226\"><strong>La pr\u00e9cision suisse ne vous fait jamais d\u00e9faut<\/strong><\/p>\n<p data-start=\"1227\" data-end=\"1921\">La P99 A Tactical est anim\u00e9e par un mouvement automatique suisse fonctionnant sans pile, garantissant une pr\u00e9cision optimale. Son double bo\u00eetier, compos\u00e9 d\u2019un conteneur interne en acier et d\u2019une coque en polym\u00e8re renforc\u00e9 de fibres de carbone, prot\u00e8ge efficacement contre les chocs. Le verre saphir antireflet et r\u00e9sistant aux rayures renforce sa durabilit\u00e9. Une couronne viss\u00e9e avec protection lat\u00e9rale et une \u00e9tanch\u00e9it\u00e9 jusqu\u2019\u00e0 20 bar compl\u00e8tent sa robustesse. La lunette tournante bidirectionnelle avec insert trigalight facilite la mesure du temps, tandis que la fen\u00eatre de date de 6 \u00e0 9 heures assure une excellente lisibilit\u00e9. Le fond de bo\u00eetier transparent permet d\u2019admirer le mouvement.<\/p>\n<p data-start=\"1923\" data-end=\"1961\"><strong>Illumination autonome trigalight<\/strong><\/p>\n<p data-start=\"1962\" data-end=\"2312\">Dot\u00e9e de la technologie trigalight de traser sur les aiguilles, les index et sous forme d\u2019insert en croix dans la lunette, la P99 A Tactical garantit une lisibilit\u00e9 constante sans source de lumi\u00e8re externe. Associ\u00e9e \u00e0 un joint en verre luminescent et \u00e0 un rep\u00e8re lumineux sur la couronne, elle reste parfaitement lisible m\u00eame dans l\u2019obscurit\u00e9 totale.<\/p>\n<p data-start=\"2314\" data-end=\"2334\"><strong>Sp\u00e9cifications<\/strong><\/p>\n<ul data-start=\"2335\" data-end=\"2834\">\n<li data-start=\"2335\" data-end=\"2374\">\n<p data-start=\"2337\" data-end=\"2374\">Illumination du cadran : trigalight<\/p>\n<\/li>\n<li data-start=\"2375\" data-end=\"2404\">\n<p data-start=\"2377\" data-end=\"2404\">Illumination : trigalight<\/p>\n<\/li>\n<li data-start=\"2405\" data-end=\"2465\">\n<p data-start=\"2407\" data-end=\"2465\">Illumination de la lunette : trigalight &amp; Super-LumiNova<\/p>\n<\/li>\n<li data-start=\"2466\" data-end=\"2513\">\n<p data-start=\"2468\" data-end=\"2513\">Joint en verre : joint en verre luminescent<\/p>\n<\/li>\n<li data-start=\"2514\" data-end=\"2552\">\n<p data-start=\"2516\" data-end=\"2552\">Mouvement : automatique Swiss Made<\/p>\n<\/li>\n<li data-start=\"2553\" data-end=\"2573\">\n<p data-start=\"2555\" data-end=\"2573\">Taille : \u00d8 46 mm<\/p>\n<\/li>\n<li data-start=\"2574\" data-end=\"2603\">\n<p data-start=\"2576\" data-end=\"2603\">Verre : saphir antireflet<\/p>\n<\/li>\n<li data-start=\"2604\" data-end=\"2688\">\n<p data-start=\"2606\" data-end=\"2688\">Bo\u00eetier : polym\u00e8re renforc\u00e9 de fibres de carbone avec conteneur interne en acier<\/p>\n<\/li>\n<li data-start=\"2689\" data-end=\"2709\">\n<p data-start=\"2691\" data-end=\"2709\">Cadran : carbone<\/p>\n<\/li>\n<li data-start=\"2710\" data-end=\"2740\">\n<p data-start=\"2712\" data-end=\"2740\">Couronne : couronne viss\u00e9e<\/p>\n<\/li>\n<li data-start=\"2741\" data-end=\"2766\">\n<p data-start=\"2743\" data-end=\"2766\">Bracelet : NATO<\/p>\n<\/li>\n<li data-start=\"2767\" data-end=\"2799\">\n<p data-start=\"2769\" data-end=\"2799\">\u00c9tanch\u00e9it\u00e9 : 20 atm \/ 20 bar<\/p>\n<\/li>\n<li data-start=\"2800\" data-end=\"2834\">\n<p data-start=\"2802\" data-end=\"2834\">Largeur d\u2019entre-cornes : 22 mm<\/p>\n<\/li>\n<\/ul>\n","protected":false},"excerpt":{"rendered":"<p>La <strong data-start=\"181\" data-end=\"199\">P99 A Tactical<\/strong> associe l\u2019h\u00e9ritage tactique de traser aux technologies de pointe. Anim\u00e9e par un mouvement automatique suisse, elle offre ind\u00e9pendance et pr\u00e9cision, tandis que la technologie trigalight et la construction robuste \u00e0 double bo\u00eetier en font l\u2019outil horloger ultime pour les missions les plus exigeantes.<\/p>\n","protected":false},"featured_media":152837,"comment_status":"closed","ping_status":"closed","template":"","meta":{"inline_featured_image":false},"product_brand":[],"product_cat":[967,2315],"product_tag":[1765,1932],"class_list":{"0":"post-152833","1":"product","2":"type-product","3":"status-publish","4":"has-post-thumbnail","6":"product_cat-montres","7":"product_cat-traser-fr","8":"product_tag-sport-outdoor-fr","9":"product_tag-traser-fr","11":"first","12":"instock","13":"taxable","14":"shipping-taxable","15":"purchasable","16":"product-type-simple"},"_links":{"self":[{"href":"https:\/\/metal-badge.ch\/fr\/wp-json\/wp\/v2\/product\/152833","targetHints":{"allow":["GET"]}}],"collection":[{"href":"https:\/\/metal-badge.ch\/fr\/wp-json\/wp\/v2\/product"}],"about":[{"href":"https:\/\/metal-badge.ch\/fr\/wp-json\/wp\/v2\/types\/product"}],"replies":[{"embeddable":true,"href":"https:\/\/metal-badge.ch\/fr\/wp-json\/wp\/v2\/comments?post=152833"}],"wp:featuredmedia":[{"embeddable":true,"href":"https:\/\/metal-badge.ch\/fr\/wp-json\/wp\/v2\/media\/152837"}],"wp:attachment":[{"href":"https:\/\/metal-badge.ch\/fr\/wp-json\/wp\/v2\/media?parent=152833"}],"wp:term":[{"taxonomy":"product_brand","embeddable":true,"href":"https:\/\/metal-badge.ch\/fr\/wp-json\/wp\/v2\/product_brand?post=152833"},{"taxonomy":"product_cat","embeddable":true,"href":"https:\/\/metal-badge.ch\/fr\/wp-json\/wp\/v2\/product_cat?post=152833"},{"taxonomy":"product_tag","embeddable":true,"href":"https:\/\/metal-badge.ch\/fr\/wp-json\/wp\/v2\/product_tag?post=152833"}],"curies":[{"name":"wp","href":"https:\/\/api.w.org\/{rel}","templated":true}]}}