{"id":152802,"date":"2026-01-14T05:34:17","date_gmt":"2026-01-14T04:34:17","guid":{"rendered":"https:\/\/metal-badge.ch\/?post_type=product&#038;p=152802"},"modified":"2026-01-15T06:48:23","modified_gmt":"2026-01-15T05:48:23","slug":"traser-p99-q-tactical-green-11072","status":"publish","type":"product","link":"https:\/\/metal-badge.ch\/fr\/product\/152802\/traser-p99-q-tactical-green-11072\/","title":{"rendered":"Traser P99 Q Tactical Green &#8211; 11072"},"content":{"rendered":"<p>D\u00e9velopp\u00e9e pour les forces d\u2019\u00e9lite, la P99 Q Tactical est votre compagnon fiable dans les situations extr\u00eames. Le double bo\u00eetier renforc\u00e9 en fibre de carbone et le mouvement suisse de haute pr\u00e9cision garantissent des performances maximales. Dot\u00e9e de la technologie trigalight, qui assure une visibilit\u00e9 constante, elle est pr\u00eate \u00e0 relever tous les d\u00e9fis.<\/p>\n<p>Au c\u0153ur de la nuit, lorsque vous progressez sur un terrain difficile, la P99 Q Tactical devient votre partenaire silencieux. Sa lueur guide chacun de vos pas, tandis que sa conception robuste r\u00e9siste aux conditions les plus s\u00e9v\u00e8res. Quand chaque seconde compte, faites confiance \u00e0 une montre aussi infatigable que vous.<\/p>\n<p>Inspir\u00e9 par la mer, le cadran bleu associ\u00e9 au bracelet NATO allie \u00e9l\u00e9gance maritime et puissance tactique. Le bo\u00eetier renforc\u00e9 en fibre de carbone r\u00e9siste \u00e0 la corrosion et reste discret sous l\u2019eau\u2014un compagnon fid\u00e8le capable de ma\u00eetriser les forces des profondeurs.<\/p>\n<p>Au c\u0153ur de la P99 Q Tactical bat un mouvement \u00e0 quartz suisse, garantissant une pr\u00e9cision in\u00e9gal\u00e9e m\u00eame lorsque la pression augmente. Le double bo\u00eetier en fibre de carbone et acier inoxydable prot\u00e8ge comme une forteresse, tandis que la lunette rotative bidirectionnelle permet une manipulation pr\u00e9cise, m\u00eame avec des gants. Gr\u00e2ce au verre saphir et \u00e0 une \u00e9tanch\u00e9it\u00e9 de 20 bars, elle affronte tous les terrains\u2014de la boue \u00e0 la mer.<\/p>\n<p>La technologie trigalight utilise du gaz tritium pour offrir un \u00e9clairage constant et sans batterie pendant jusqu\u2019\u00e0 20 ans. Aucun besoin de lumi\u00e8re solaire ni de recharge\u2014une visibilit\u00e9 fiable \u00e0 tout moment, d\u00e9velopp\u00e9e par traser, pionnier de cette innovation.<\/p>\n<p><strong>Sp\u00e9cifications<\/strong><\/p>\n<ul>\n<li>\u00c9l\u00e9ments lumineux : trigalight<\/li>\n<li>Aiguilles lumineuses : trigalight<\/li>\n<li>Lunette lumineuse : trigalight &amp; Super-LumiNova<\/li>\n<li>Joint lumineux : Oui<\/li>\n<li>Mouvement : Quartz Swiss Made<\/li>\n<li>Diam\u00e8tre : \u00d8 46 mm<\/li>\n<li>Verre : Saphir antireflet<\/li>\n<li>Bo\u00eetier : Double bo\u00eetier renforc\u00e9 en fibre de carbone avec conteneur en acier inoxydable<\/li>\n<li>Cadran : Noir<\/li>\n<li>Couronne : Couronne viss\u00e9e<\/li>\n<li>Bracelet : Caoutchouc<\/li>\n<li>\u00c9tanch\u00e9it\u00e9 : 20 atm \/ 20 bar<\/li>\n<li>Entre-cornes : 22 mm<\/li>\n<\/ul>\n","protected":false},"excerpt":{"rendered":"<p>D\u00e9velopp\u00e9e pour les forces d\u2019\u00e9lite, la P99 Q Tactical est votre compagnon fiable dans les situations extr\u00eames. Le double bo\u00eetier renforc\u00e9 en fibre de carbone et le mouvement suisse de haute pr\u00e9cision garantissent des performances maximales. Dot\u00e9e de la technologie trigalight, qui assure une visibilit\u00e9 constante, elle est pr\u00eate \u00e0 relever tous les d\u00e9fis.<\/p>\n","protected":false},"featured_media":152958,"comment_status":"closed","ping_status":"closed","template":"","meta":{"inline_featured_image":false},"product_brand":[],"product_cat":[967,2315],"product_tag":[1765,1932],"class_list":{"0":"post-152802","1":"product","2":"type-product","3":"status-publish","4":"has-post-thumbnail","6":"product_cat-montres","7":"product_cat-traser-fr","8":"product_tag-sport-outdoor-fr","9":"product_tag-traser-fr","11":"first","12":"instock","13":"taxable","14":"shipping-taxable","15":"purchasable","16":"product-type-simple"},"_links":{"self":[{"href":"https:\/\/metal-badge.ch\/fr\/wp-json\/wp\/v2\/product\/152802","targetHints":{"allow":["GET"]}}],"collection":[{"href":"https:\/\/metal-badge.ch\/fr\/wp-json\/wp\/v2\/product"}],"about":[{"href":"https:\/\/metal-badge.ch\/fr\/wp-json\/wp\/v2\/types\/product"}],"replies":[{"embeddable":true,"href":"https:\/\/metal-badge.ch\/fr\/wp-json\/wp\/v2\/comments?post=152802"}],"wp:featuredmedia":[{"embeddable":true,"href":"https:\/\/metal-badge.ch\/fr\/wp-json\/wp\/v2\/media\/152958"}],"wp:attachment":[{"href":"https:\/\/metal-badge.ch\/fr\/wp-json\/wp\/v2\/media?parent=152802"}],"wp:term":[{"taxonomy":"product_brand","embeddable":true,"href":"https:\/\/metal-badge.ch\/fr\/wp-json\/wp\/v2\/product_brand?post=152802"},{"taxonomy":"product_cat","embeddable":true,"href":"https:\/\/metal-badge.ch\/fr\/wp-json\/wp\/v2\/product_cat?post=152802"},{"taxonomy":"product_tag","embeddable":true,"href":"https:\/\/metal-badge.ch\/fr\/wp-json\/wp\/v2\/product_tag?post=152802"}],"curies":[{"name":"wp","href":"https:\/\/api.w.org\/{rel}","templated":true}]}}