{"id":152572,"date":"2026-01-07T21:20:45","date_gmt":"2026-01-07T20:20:45","guid":{"rendered":"https:\/\/metal-badge.ch\/product\/152572\/traser-p69-black-stealth-black-109854\/"},"modified":"2026-01-16T05:58:08","modified_gmt":"2026-01-16T04:58:08","slug":"traser-p69-black-stealth-black-109854","status":"publish","type":"product","link":"https:\/\/metal-badge.ch\/fr\/product\/152572\/traser-p69-black-stealth-black-109854\/","title":{"rendered":"Traser P69 Black Stealth Black &#8211; 109854"},"content":{"rendered":"<p>La P69 Black Stealth \u2013 un garde-temps tactique con\u00e7u pour les missions les plus exigeantes. Avec une pr\u00e9cision suisse et une fiabilit\u00e9 sans faille, elle est le compagnon id\u00e9al pour ceux qui doivent pouvoir compter sur une s\u00e9curit\u00e9 absolue en situations extr\u00eames.<\/p>\n<p><strong>Compagnon silencieux<\/strong><\/p>\n<p>Au c\u0153ur de la nuit, entour\u00e9 d\u2019obscurit\u00e9 et de danger, chaque d\u00e9tail compte. La P69 Black Stealth repose calmement \u00e0 votre poignet\u2014un partenaire silencieux qui ne vous abandonne jamais. Elle incarne la coh\u00e9sion d\u2019une unit\u00e9, forg\u00e9e par des \u00e9preuves difficiles, et vous assure que vous n\u2019\u00eates pas seul.<\/p>\n<p><strong>Con\u00e7ue pour durer<\/strong><\/p>\n<p>Le cadran noir de la P69 Black Stealth se fond dans la nuit, id\u00e9al pour les op\u00e9rations o\u00f9 la discr\u00e9tion est essentielle. Le bo\u00eetier en acier inoxydable rev\u00eatu de PVD noir mat absorbe la lumi\u00e8re et reste discret, tandis que l\u2019insert en c\u00e9ramique de la lunette r\u00e9siste aux rayures\u2014un v\u00e9ritable symbole de durabilit\u00e9. Le bracelet NATO offre maintien et confort, pr\u00eat \u00e0 affronter les rigueurs du terrain, et le verre saphir antireflet prot\u00e8ge avec une clart\u00e9 et une solidit\u00e9 exemplaires.<\/p>\n<p><strong>Robuste. Pr\u00e9cise. Fiable.<\/strong><\/p>\n<p>Au c\u0153ur de la P69 Black Stealth bat un mouvement quartz Swiss Made, pr\u00e9cis m\u00eame sous pression\u2014un rythme fiable dans les moments chaotiques. \u00c9tanche jusqu\u2019\u00e0 20 bar, elle r\u00e9siste aux \u00e9l\u00e9ments, des tranch\u00e9es boueuses \u00e0 la haute mer. La lunette tournante bidirectionnelle avec marquage trigalight devient un outil tactique pour un chronom\u00e9trage pr\u00e9cis, tandis que les aiguilles auto-lumineuses assurent la lisibilit\u00e9 m\u00eame dans l\u2019obscurit\u00e9 totale.<\/p>\n<p><strong>Une lumi\u00e8re durable.<\/strong><\/p>\n<p>La technologie trigalight fait de la P69 Black Stealth un v\u00e9ritable phare dans l\u2019obscurit\u00e9. Les microtubes de tritium auto-lumineux garantissent des ann\u00e9es de visibilit\u00e9 sans source d\u2019\u00e9nergie externe\u2014un avantage d\u00e9cisif pour les professionnels qui comptent sur chaque seconde.<\/p>\n<p><strong>Sp\u00e9cifications<\/strong><\/p>\n<ul>\n<li>\u00c9l\u00e9ments lumineux : trigalight &amp; Super-LumiNova<\/li>\n<li>Aiguilles lumineuses : trigalight<\/li>\n<li>Lunette lumineuse : trigalight<\/li>\n<li>Joint lumineux : Oui<\/li>\n<li>Mouvement : Quartz Swiss Made<\/li>\n<li>Diam\u00e8tre : \u00d8 46 mm<\/li>\n<li>Verre : Saphir antireflet<\/li>\n<li>Bo\u00eetier : Acier inoxydable rev\u00eatu PVD<\/li>\n<li>Cadran : Noir<\/li>\n<li>Couronne : Couronne viss\u00e9e<\/li>\n<li>Bracelet : NATO<\/li>\n<li>\u00c9tanch\u00e9it\u00e9 : 20 atm<\/li>\n<\/ul>\n","protected":false},"excerpt":{"rendered":"<p>La P69 Black Stealth \u2013 un garde-temps tactique con\u00e7u pour les missions les plus exigeantes. Avec une pr\u00e9cision suisse et une fiabilit\u00e9 sans faille, elle est le compagnon id\u00e9al pour ceux qui doivent pouvoir compter sur une s\u00e9curit\u00e9 absolue en situations extr\u00eames.<\/p>\n","protected":false},"featured_media":153033,"comment_status":"closed","ping_status":"closed","template":"","meta":{"inline_featured_image":false},"product_brand":[],"product_cat":[967,2315],"product_tag":[1765,1932],"class_list":{"0":"post-152572","1":"product","2":"type-product","3":"status-publish","4":"has-post-thumbnail","6":"product_cat-montres","7":"product_cat-traser-fr","8":"product_tag-sport-outdoor-fr","9":"product_tag-traser-fr","11":"first","12":"instock","13":"taxable","14":"shipping-taxable","15":"purchasable","16":"product-type-simple"},"_links":{"self":[{"href":"https:\/\/metal-badge.ch\/fr\/wp-json\/wp\/v2\/product\/152572","targetHints":{"allow":["GET"]}}],"collection":[{"href":"https:\/\/metal-badge.ch\/fr\/wp-json\/wp\/v2\/product"}],"about":[{"href":"https:\/\/metal-badge.ch\/fr\/wp-json\/wp\/v2\/types\/product"}],"replies":[{"embeddable":true,"href":"https:\/\/metal-badge.ch\/fr\/wp-json\/wp\/v2\/comments?post=152572"}],"wp:featuredmedia":[{"embeddable":true,"href":"https:\/\/metal-badge.ch\/fr\/wp-json\/wp\/v2\/media\/153033"}],"wp:attachment":[{"href":"https:\/\/metal-badge.ch\/fr\/wp-json\/wp\/v2\/media?parent=152572"}],"wp:term":[{"taxonomy":"product_brand","embeddable":true,"href":"https:\/\/metal-badge.ch\/fr\/wp-json\/wp\/v2\/product_brand?post=152572"},{"taxonomy":"product_cat","embeddable":true,"href":"https:\/\/metal-badge.ch\/fr\/wp-json\/wp\/v2\/product_cat?post=152572"},{"taxonomy":"product_tag","embeddable":true,"href":"https:\/\/metal-badge.ch\/fr\/wp-json\/wp\/v2\/product_tag?post=152572"}],"curies":[{"name":"wp","href":"https:\/\/api.w.org\/{rel}","templated":true}]}}