{"id":152465,"date":"2026-01-07T04:59:56","date_gmt":"2026-01-07T03:59:56","guid":{"rendered":"https:\/\/metal-badge.ch\/product\/152465\/traser-p99-t-tactical-grey-110666\/"},"modified":"2026-01-07T05:10:30","modified_gmt":"2026-01-07T04:10:30","slug":"traser-p99-t-tactical-grey-110666","status":"publish","type":"product","link":"https:\/\/metal-badge.ch\/fr\/product\/152465\/traser-p99-t-tactical-grey-110666\/","title":{"rendered":"Traser P99 T Tactical Grey &#8211; 110666"},"content":{"rendered":"<p><strong data-start=\"2147\" data-end=\"2191\">Extr\u00eamement r\u00e9sistante et ultra-l\u00e9g\u00e8re :<\/strong> la P99 T Tactical de traser swiss H3 watches est un chef-d\u2019\u0153uvre en titane. Gr\u00e2ce \u00e0 sa technologie trigalight unique, elle offre une lisibilit\u00e9 in\u00e9gal\u00e9e et est con\u00e7ue pour les missions les plus exigeantes\u2014un titan au poignet des professionnels.<\/p>\n<p data-start=\"2438\" data-end=\"2465\"><strong>Con\u00e7ue pour l\u2019extr\u00eame<\/strong><\/p>\n<p data-start=\"2466\" data-end=\"2773\">De la chaleur \u00e9crasante du d\u00e9sert aux sommets glac\u00e9s, la P99 T Tactical vous accompagne partout. Son bo\u00eetier en titane l\u00e9ger assure un grand confort, tandis que les \u00e9l\u00e9ments trigalight offrent une orientation parfaite, m\u00eame dans l\u2019obscurit\u00e9 totale. Un garde-temps fiable et \u00e9l\u00e9gant pour toutes vos missions.<\/p>\n<p data-start=\"2775\" data-end=\"2802\"><strong>Sobri\u00e9t\u00e9 &amp; robustesse<\/strong><\/p>\n<p data-start=\"2803\" data-end=\"3089\">Le cadran gris de la P99 T Tactical est associ\u00e9 \u00e0 un bracelet robuste en titane. La finition mate du bo\u00eetier en titane lui conf\u00e8re une \u00e9l\u00e9gante sobri\u00e9t\u00e9, aussi impressionnante en mission qu\u2019au quotidien. Le verre saphir trait\u00e9 antireflet des deux c\u00f4t\u00e9s garantit une visibilit\u00e9 optimale.<\/p>\n<p data-start=\"3091\" data-end=\"3134\"><strong>Durabilit\u00e9 suisse pour chaque mission<\/strong><\/p>\n<p data-start=\"3135\" data-end=\"3525\">Anim\u00e9e par un mouvement \u00e0 quartz Swiss Made de haute pr\u00e9cision, la P99 T Tactical allie r\u00e9sistance maximale et poids minimal. Le titane prot\u00e8ge contre les champs magn\u00e9tiques et la corrosion, tandis que la couronne viss\u00e9e et l\u2019\u00e9tanch\u00e9it\u00e9 jusqu\u2019\u00e0 20 bar la rendent adapt\u00e9e \u00e0 tous les terrains. L\u2019affichage jour et date \u00e0 3 heures, ainsi que la lunette tournante, renforcent sa fonctionnalit\u00e9.<\/p>\n<p data-start=\"3527\" data-end=\"3549\"><strong>Toujours lisible<\/strong><\/p>\n<p data-start=\"3550\" data-end=\"3825\">La technologie trigalight de traser assure une luminosit\u00e9 constante sur les aiguilles, les index et la lunette\u2014sans source de lumi\u00e8re externe. Un joint en verre luminescent et un anneau de couronne lumineux garantissent une utilisation optimale, m\u00eame dans l\u2019obscurit\u00e9 totale.<\/p>\n<p data-start=\"3827\" data-end=\"3847\"><strong>Sp\u00e9cifications<\/strong><\/p>\n<ul data-start=\"3848\" data-end=\"4256\">\n<li data-start=\"3848\" data-end=\"3882\">\n<p data-start=\"3850\" data-end=\"3882\">\u00c9l\u00e9ments lumineux : trigalight<\/p>\n<\/li>\n<li data-start=\"3883\" data-end=\"3920\">\n<p data-start=\"3885\" data-end=\"3920\">Aiguilles lumineuses : trigalight<\/p>\n<\/li>\n<li data-start=\"3921\" data-end=\"3972\">\n<p data-start=\"3923\" data-end=\"3972\">Lunette lumineuse : trigalight &amp; Super-LumiNova<\/p>\n<\/li>\n<li data-start=\"3973\" data-end=\"4011\">\n<p data-start=\"3975\" data-end=\"4011\">Joint lumineux : joint luminescent<\/p>\n<\/li>\n<li data-start=\"4012\" data-end=\"4045\">\n<p data-start=\"4014\" data-end=\"4045\">Mouvement : quartz Swiss Made<\/p>\n<\/li>\n<li data-start=\"4046\" data-end=\"4066\">\n<p data-start=\"4048\" data-end=\"4066\">Taille : \u00d8 46 mm<\/p>\n<\/li>\n<li data-start=\"4067\" data-end=\"4096\">\n<p data-start=\"4069\" data-end=\"4096\">Verre : saphir antireflet<\/p>\n<\/li>\n<li data-start=\"4097\" data-end=\"4117\">\n<p data-start=\"4099\" data-end=\"4117\">Bo\u00eetier : titane<\/p>\n<\/li>\n<li data-start=\"4118\" data-end=\"4135\">\n<p data-start=\"4120\" data-end=\"4135\">Cadran : gris<\/p>\n<\/li>\n<li data-start=\"4136\" data-end=\"4166\">\n<p data-start=\"4138\" data-end=\"4166\">Couronne : couronne viss\u00e9e<\/p>\n<\/li>\n<li data-start=\"4167\" data-end=\"4188\">\n<p data-start=\"4169\" data-end=\"4188\">Bracelet : titane<\/p>\n<\/li>\n<li data-start=\"4189\" data-end=\"4221\">\n<p data-start=\"4191\" data-end=\"4221\">\u00c9tanch\u00e9it\u00e9 : 20 atm \/ 20 bar<\/p>\n<\/li>\n<li data-start=\"4222\" data-end=\"4256\">\n<p data-start=\"4224\" data-end=\"4256\">Largeur d\u2019entre-cornes : 22 mm<\/p>\n<\/li>\n<\/ul>\n","protected":false},"excerpt":{"rendered":"<p><strong data-start=\"2147\" data-end=\"2191\">Extr\u00eamement r\u00e9sistante et ultra-l\u00e9g\u00e8re :<\/strong> la P99 T Tactical de traser swiss H3 watches est un chef-d\u2019\u0153uvre en titane. Gr\u00e2ce \u00e0 sa technologie trigalight unique, elle offre une lisibilit\u00e9 in\u00e9gal\u00e9e et est con\u00e7ue pour les missions les plus exigeantes\u2014un titan au poignet des professionnels.<\/p>\n","protected":false},"featured_media":152430,"comment_status":"closed","ping_status":"closed","template":"","meta":{"inline_featured_image":false},"product_brand":[],"product_cat":[967,2315],"product_tag":[1765,1932],"class_list":{"0":"post-152465","1":"product","2":"type-product","3":"status-publish","4":"has-post-thumbnail","6":"product_cat-montres","7":"product_cat-traser-fr","8":"product_tag-sport-outdoor-fr","9":"product_tag-traser-fr","11":"first","12":"instock","13":"taxable","14":"shipping-taxable","15":"purchasable","16":"product-type-simple"},"_links":{"self":[{"href":"https:\/\/metal-badge.ch\/fr\/wp-json\/wp\/v2\/product\/152465","targetHints":{"allow":["GET"]}}],"collection":[{"href":"https:\/\/metal-badge.ch\/fr\/wp-json\/wp\/v2\/product"}],"about":[{"href":"https:\/\/metal-badge.ch\/fr\/wp-json\/wp\/v2\/types\/product"}],"replies":[{"embeddable":true,"href":"https:\/\/metal-badge.ch\/fr\/wp-json\/wp\/v2\/comments?post=152465"}],"wp:featuredmedia":[{"embeddable":true,"href":"https:\/\/metal-badge.ch\/fr\/wp-json\/wp\/v2\/media\/152430"}],"wp:attachment":[{"href":"https:\/\/metal-badge.ch\/fr\/wp-json\/wp\/v2\/media?parent=152465"}],"wp:term":[{"taxonomy":"product_brand","embeddable":true,"href":"https:\/\/metal-badge.ch\/fr\/wp-json\/wp\/v2\/product_brand?post=152465"},{"taxonomy":"product_cat","embeddable":true,"href":"https:\/\/metal-badge.ch\/fr\/wp-json\/wp\/v2\/product_cat?post=152465"},{"taxonomy":"product_tag","embeddable":true,"href":"https:\/\/metal-badge.ch\/fr\/wp-json\/wp\/v2\/product_tag?post=152465"}],"curies":[{"name":"wp","href":"https:\/\/api.w.org\/{rel}","templated":true}]}}