{"id":151542,"date":"2025-08-10T07:27:43","date_gmt":"2025-08-10T05:27:43","guid":{"rendered":"https:\/\/metal-badge.ch\/product\/151542\/chaussettes-dhiver-chaussettes-de-ski\/"},"modified":"2025-08-10T07:41:55","modified_gmt":"2025-08-10T05:41:55","slug":"chaussettes-dhiver-chaussettes-de-ski-bleu-noir","status":"publish","type":"product","link":"https:\/\/metal-badge.ch\/fr\/product\/151542\/chaussettes-dhiver-chaussettes-de-ski-bleu-noir\/","title":{"rendered":"Chaussettes d\u2019hiver \/ Chaussettes de ski &#8211; bleu \/ noir"},"content":{"rendered":"<p><span style=\"font-weight: 400;\">Soyez bien \u00e9quip\u00e9 pour le froid&nbsp;: Chaussettes fonctionnelles avec rembourrage et soutien<\/span><\/p>\n<p><span style=\"font-weight: 400;\">Une journ\u00e9e de ski ou de snowboard parfaite&nbsp;: Vous passez toute la journ\u00e9e sur les pistes ? Ce n&rsquo;est plus un probl\u00e8me avec ces chaussettes fonctionnelles. Le m\u00e9lange de coton et de polyester sportif garantit que les pieds restent chauds. La coupe confortable, avec des zones fonctionnelles rembourr\u00e9es au niveau du mollet et de la cheville soutient parfaitement le pied lors des longues randonn\u00e9es \u00e0 ski ou en snowboard. Les chaussettes fonctionnelles permettent en outre une \u00e9vacuation optimale de l&rsquo;humidit\u00e9. Le mat\u00e9riau respirant assure l&rsquo;\u00e9vacuation id\u00e9ale de l&rsquo;humidit\u00e9. L&rsquo;humidit\u00e9 est transf\u00e9r\u00e9e de mani\u00e8re optimale, m\u00eame en cas d&rsquo;effort prolong\u00e9 et accru. Assurez-vous que vos pieds restent confortables et chauds pour que vous puissiez commencer chaque journ\u00e9e sur les pistes plein d&rsquo;\u00e9nergie. Avec une coupe anatomique et des coutures souples pour ne pas avoir d&rsquo;ampoules.&nbsp;<\/span><\/p>\n<p><span style=\"font-weight: 400;\">Le design des chaussettes de ski est \u00e9galement convaincant&nbsp;: un design sportif dot\u00e9 d&rsquo;un motif dynamique.<\/span><\/p>\n<p><b>Informations sur le produit&nbsp;:&nbsp;<\/b><\/p>\n<ul>\n<li><span style=\"font-weight: 400;\">Chaussettes d\u2019hiver&nbsp;<\/span><\/li>\n<li><span style=\"font-weight: 400;\">Chaussettes fonctionnelles avec rembourrage pour les pieds<\/span><\/li>\n<li><span style=\"font-weight: 400;\">D\u00e9signation&nbsp;: CFRN8201&nbsp;<\/span><\/li>\n<li><span style=\"font-weight: 400;\">Le m\u00e9lange de mati\u00e8res id\u00e9al pour avoir les pieds au chaud<\/span><\/li>\n<li><span style=\"font-weight: 400;\">Zones fonctionnelles rembourr\u00e9es<\/span><\/li>\n<li><span style=\"font-weight: 400;\">Coutures souples<\/span><\/li>\n<li><span style=\"font-weight: 400;\">Antistatique, antibact\u00e9rien et anti-odeurs<\/span><\/li>\n<li><span style=\"font-weight: 400;\">Rembourrage de protection sur les orteils, les talons, les chevilles et les tibias<\/span><\/li>\n<li><span style=\"font-weight: 400;\">\u00c9vacue l&rsquo;humidit\u00e9 pour que vos pieds restent secs<\/span><\/li>\n<li><span style=\"font-weight: 400;\">Structure extensible s&rsquo;adaptant parfaitement \u00e0 la forme de votre pied pour un ajustement parfait<\/span><\/li>\n<li><span style=\"font-weight: 400;\">L&rsquo;\u00e9lastique emp\u00eache que les chaussettes ne glissent<\/span><\/li>\n<li><span style=\"font-weight: 400;\">Entretien&nbsp;: Lavage en machine \u00e0 30\u00ba, ne pas repasser<\/span><\/li>\n<li><span style=\"font-weight: 400;\">Couleur&nbsp;: bleu \/ noir<\/span><\/li>\n<li><span style=\"font-weight: 400;\">Tissu&nbsp;: 65 % acrylique \/ 25&nbsp;% nylon \/ 10&nbsp;% \u00e9lasthanne<\/span><\/li>\n<li><span style=\"font-weight: 400;\">Tailles&nbsp;: 34 &#8211; 38<\/span><\/li>\n<li><span style=\"font-weight: 400;\">Tailles&nbsp;: 39 \u2013 44&nbsp;<\/span><\/li>\n<li><span style=\"font-weight: 400;\">Poids&nbsp;: env. 130 g<\/span><\/li>\n<\/ul>\n","protected":false},"excerpt":{"rendered":"<p><span style=\"font-weight: 400;\">Soyez bien \u00e9quip\u00e9 pour le froid&nbsp;: Chaussettes fonctionnelles avec rembourrage et soutien<\/span><\/p>\n<p><span style=\"font-weight: 400;\">Une journ\u00e9e de ski ou de snowboard parfaite&nbsp;: Vous passez toute la journ\u00e9e sur les pistes ? Ce n&rsquo;est plus un probl\u00e8me avec ces chaussettes fonctionnelles. Le m\u00e9lange de coton et de polyester sportif garantit que les pieds restent chauds. La coupe confortable, avec des zones fonctionnelles rembourr\u00e9es au niveau du mollet et de la cheville soutient parfaitement le pied lors des longues randonn\u00e9es \u00e0 ski ou en snowboard. Les chaussettes fonctionnelles permettent en outre une \u00e9vacuation optimale de l&rsquo;humidit\u00e9. Le mat\u00e9riau respirant assure l&rsquo;\u00e9vacuation id\u00e9ale de l&rsquo;humidit\u00e9. L&rsquo;humidit\u00e9 est transf\u00e9r\u00e9e de mani\u00e8re optimale, m\u00eame en cas d&rsquo;effort prolong\u00e9 et accru. Assurez-vous que vos pieds restent confortables et chauds pour que vous puissiez commencer chaque journ\u00e9e sur les pistes plein d&rsquo;\u00e9nergie. Avec une coupe anatomique et des coutures souples pour ne pas avoir d&rsquo;ampoules.&nbsp;<\/span><\/p>\n","protected":false},"featured_media":151514,"comment_status":"closed","ping_status":"closed","template":"","meta":{"inline_featured_image":false},"product_brand":[],"product_cat":[2546,2189],"product_tag":[],"class_list":{"0":"post-151542","1":"product","2":"type-product","3":"status-publish","4":"has-post-thumbnail","6":"product_cat-chaussettes","7":"product_cat-vetementsdeloisirs","9":"first","10":"instock","11":"taxable","12":"shipping-taxable","13":"purchasable","14":"product-type-simple"},"_links":{"self":[{"href":"https:\/\/metal-badge.ch\/fr\/wp-json\/wp\/v2\/product\/151542","targetHints":{"allow":["GET"]}}],"collection":[{"href":"https:\/\/metal-badge.ch\/fr\/wp-json\/wp\/v2\/product"}],"about":[{"href":"https:\/\/metal-badge.ch\/fr\/wp-json\/wp\/v2\/types\/product"}],"replies":[{"embeddable":true,"href":"https:\/\/metal-badge.ch\/fr\/wp-json\/wp\/v2\/comments?post=151542"}],"wp:featuredmedia":[{"embeddable":true,"href":"https:\/\/metal-badge.ch\/fr\/wp-json\/wp\/v2\/media\/151514"}],"wp:attachment":[{"href":"https:\/\/metal-badge.ch\/fr\/wp-json\/wp\/v2\/media?parent=151542"}],"wp:term":[{"taxonomy":"product_brand","embeddable":true,"href":"https:\/\/metal-badge.ch\/fr\/wp-json\/wp\/v2\/product_brand?post=151542"},{"taxonomy":"product_cat","embeddable":true,"href":"https:\/\/metal-badge.ch\/fr\/wp-json\/wp\/v2\/product_cat?post=151542"},{"taxonomy":"product_tag","embeddable":true,"href":"https:\/\/metal-badge.ch\/fr\/wp-json\/wp\/v2\/product_tag?post=151542"}],"curies":[{"name":"wp","href":"https:\/\/api.w.org\/{rel}","templated":true}]}}