{"id":151444,"date":"2025-08-09T20:52:29","date_gmt":"2025-08-09T18:52:29","guid":{"rendered":"https:\/\/metal-badge.ch\/product\/151444\/lanterne-tempete-a-petrole-petite-2\/"},"modified":"2025-08-09T21:03:51","modified_gmt":"2025-08-09T19:03:51","slug":"lanterne-tempete-a-petrole-petite-rouge","status":"publish","type":"product","link":"https:\/\/metal-badge.ch\/fr\/product\/151444\/lanterne-tempete-a-petrole-petite-rouge\/","title":{"rendered":"Lanterne temp\u00eate \u00e0 p\u00e9trole, petite rouge\u00a0"},"content":{"rendered":"<p><span style=\"font-weight: 400;\">Lanterne temp\u00eate \u00e0 p\u00e9trole classique pour une lumi\u00e8re chaude d&rsquo;ambiance dans une tente ou un refuge de montagne.<\/span><span style=\"font-weight: 400;\"><br \/>\n<\/span><span style=\"font-weight: 400;\">Qui ne conna\u00eet pas ces lanternes \u00e0 p\u00e9trole chics et pourtant tr\u00e8s utiles, qui illuminent la plus simple des cabanes, m\u00eame dans le plus orageux des westerns classiques ? Aujourd&rsquo;hui, cette lampe-temp\u00eate est fabriqu\u00e9e en t\u00f4le d&rsquo;acier galvanis\u00e9e pour \u00e9clairer sans probl\u00e8me par tous les temps. Avec son poids plume de 220 g et ses dimensions pratiques de 19 cm de hauteur et 9,5 cm de diam\u00e8tre, elle est facile \u00e0 transporter et ne prend pas beaucoup de place. Bien qu&rsquo;elle soit l\u00e9g\u00e8re, elle est extr\u00eamement stable et r\u00e9siste aux temp\u00eates m\u00eame si vous la tenez \u00e0 la main ou la suspendez par la poign\u00e9e. Le verre r\u00e9sistant \u00e0 la chaleur prot\u00e8ge la flamme du vent et des intemp\u00e9ries. La lampe temp\u00eate est remplie d&rsquo;huile pour lampe, mais fonctionne aussi avec du k\u00e9ros\u00e8ne ou du p\u00e9trole en cas d&rsquo;urgence. Cette lampe est aujourd&rsquo;hui un objet culte, et elle est appr\u00e9ci\u00e9e aussi bien par les campeurs que par les aventuriers.<\/span><\/p>\n<p><b>Informations sur le produit&nbsp;:<\/b><\/p>\n<ul>\n<li><span style=\"font-weight: 400;\">D\u00e9signation&nbsp;: Lanterne temp\u00eate \u00e0 p\u00e9trole, petite<\/span><\/li>\n<li><span style=\"font-weight: 400;\">Utilisation&nbsp;: \u00c9clairage d&rsquo;ext\u00e9rieur, de camping et de jardin&nbsp;<\/span><\/li>\n<li><span style=\"font-weight: 400;\">Ou simplement en tant qu&rsquo;\u00e9l\u00e9ment de d\u00e9coration<\/span><\/li>\n<li><span style=\"font-weight: 400;\">Id\u00e9al pour les soir\u00e9es d\u00e9tente<\/span><\/li>\n<li><span style=\"font-weight: 400;\">Verre r\u00e9sistant \u00e0 la chaleur<\/span><\/li>\n<li><span style=\"font-weight: 400;\">Dimensions&nbsp;: Hauteur 19 cm \/ Diam\u00e8tre 9,5 cm<\/span><\/li>\n<li><span style=\"font-weight: 400;\">Se remplit avec de l&rsquo;huile de lampe \/ de k\u00e9ros\u00e8ne ou de p\u00e9trole<\/span><\/li>\n<li><span style=\"font-weight: 400;\">Couleur&nbsp;: rouge&nbsp;<\/span><\/li>\n<li><span style=\"font-weight: 400;\">Mat\u00e9riau&nbsp;: t\u00f4le d&rsquo;acier galvanis\u00e9e<\/span><\/li>\n<li><span style=\"font-weight: 400;\">Avec m\u00e8che plate 10 mm<\/span><\/li>\n<li><span style=\"font-weight: 400;\">Avec dispositif de suspension et poign\u00e9e de transport<\/span><\/li>\n<li><span style=\"font-weight: 400;\">Capacit\u00e9 du r\u00e9servoir&nbsp;: 190 ml&nbsp;&nbsp;<\/span><\/li>\n<li><span style=\"font-weight: 400;\">Autonomie&nbsp;: 12 heures<\/span><\/li>\n<li><span style=\"font-weight: 400;\">Poids&nbsp;:&nbsp; 220 g <\/span><\/li>\n<\/ul>\n","protected":false},"excerpt":{"rendered":"<p><span style=\"font-weight: 400;\">Lanterne temp\u00eate \u00e0 p\u00e9trole classique pour une lumi\u00e8re chaude d&rsquo;ambiance dans une tente ou un refuge de montagne.<\/span><span style=\"font-weight: 400;\"><br \/>\n<\/span><span style=\"font-weight: 400;\">Qui ne conna\u00eet pas ces lanternes \u00e0 p\u00e9trole chics et pourtant tr\u00e8s utiles, qui illuminent la plus simple des cabanes, m\u00eame dans le plus orageux des westerns classiques ? Aujourd&rsquo;hui, cette lampe-temp\u00eate est fabriqu\u00e9e en t\u00f4le d&rsquo;acier galvanis\u00e9e pour \u00e9clairer sans probl\u00e8me par tous les temps. Avec son poids plume de 220 g et ses dimensions pratiques de 19 cm de hauteur et 9,5 cm de diam\u00e8tre, elle est facile \u00e0 transporter et ne prend pas beaucoup de place. <\/span><\/p>\n","protected":false},"featured_media":151433,"comment_status":"closed","ping_status":"closed","template":"","meta":{"inline_featured_image":false},"product_brand":[],"product_cat":[1343,887,1347,1435],"product_tag":[1773],"class_list":{"0":"post-151444","1":"product","2":"type-product","3":"status-publish","4":"has-post-thumbnail","6":"product_cat-lampes-lampes-de-poche","7":"product_cat-accessoires","8":"product_cat-accessoires-militaires-de-chasse","9":"product_cat-camping-voyage","10":"product_tag-chasse-peche","12":"first","13":"instock","14":"taxable","15":"shipping-taxable","16":"purchasable","17":"product-type-simple"},"_links":{"self":[{"href":"https:\/\/metal-badge.ch\/fr\/wp-json\/wp\/v2\/product\/151444","targetHints":{"allow":["GET"]}}],"collection":[{"href":"https:\/\/metal-badge.ch\/fr\/wp-json\/wp\/v2\/product"}],"about":[{"href":"https:\/\/metal-badge.ch\/fr\/wp-json\/wp\/v2\/types\/product"}],"replies":[{"embeddable":true,"href":"https:\/\/metal-badge.ch\/fr\/wp-json\/wp\/v2\/comments?post=151444"}],"wp:featuredmedia":[{"embeddable":true,"href":"https:\/\/metal-badge.ch\/fr\/wp-json\/wp\/v2\/media\/151433"}],"wp:attachment":[{"href":"https:\/\/metal-badge.ch\/fr\/wp-json\/wp\/v2\/media?parent=151444"}],"wp:term":[{"taxonomy":"product_brand","embeddable":true,"href":"https:\/\/metal-badge.ch\/fr\/wp-json\/wp\/v2\/product_brand?post=151444"},{"taxonomy":"product_cat","embeddable":true,"href":"https:\/\/metal-badge.ch\/fr\/wp-json\/wp\/v2\/product_cat?post=151444"},{"taxonomy":"product_tag","embeddable":true,"href":"https:\/\/metal-badge.ch\/fr\/wp-json\/wp\/v2\/product_tag?post=151444"}],"curies":[{"name":"wp","href":"https:\/\/api.w.org\/{rel}","templated":true}]}}