{"id":151412,"date":"2025-08-09T19:53:22","date_gmt":"2025-08-09T17:53:22","guid":{"rendered":"https:\/\/metal-badge.ch\/product\/151412\/meche-de-remplacement-pour-la-lanterne-tempete-au-petrole\/"},"modified":"2025-08-09T19:53:22","modified_gmt":"2025-08-09T17:53:22","slug":"meche-de-remplacement-pour-la-lanterne-tempete-au-petrole","status":"publish","type":"product","link":"https:\/\/metal-badge.ch\/fr\/product\/151412\/meche-de-remplacement-pour-la-lanterne-tempete-au-petrole\/","title":{"rendered":"M\u00e8che de remplacement pour la lanterne temp\u00eate au p\u00e9trole"},"content":{"rendered":"<p><span style=\"font-weight: 400;\">Vue la tr\u00e8s longue dur\u00e9e de vie des lanternes temp\u00eate, il est in\u00e9vitable de devoir en changer la m\u00e8che un jour ou l\u2019autre. Vous trouverez ici une m\u00e8che de remplacement adapt\u00e9e \u00e0 la lanterne. Avec 14 cm de longueur pour 9 mm de large, la m\u00e8che en coton insuffle une nouvelle vie \u00e0 la lanterne pour longtemps.<\/span> <span style=\"font-weight: 400;\">Sa longueur optimale de 14 cm garantit qu\u2019aucune coupe suppl\u00e9mentaire n&rsquo;est n\u00e9cessaire. La fibre naturelle de coton garantit que la m\u00e8che br\u00fble de mani\u00e8re fiable, en toute s\u00e9curit\u00e9.<\/span> <span style=\"font-weight: 400;\">Les fibres naturelles et la ligne de guidage centrale offrent les meilleures conditions possibles pour une absorption optimale de l&rsquo;huile de la lampe. Cela conf\u00e8re \u00e0 la m\u00e8che plate une excellente absorption de l&rsquo;huile assurant un fonctionnement fiable et s\u00fbr de votre lanterne temp\u00eate.<\/span><\/p>\n<p><b>Informations sur le produit&nbsp;:&nbsp;<\/b><\/p>\n<ul>\n<li><span style=\"font-weight: 400;\">D\u00e9signation&nbsp;: M\u00e8che de remplacement&nbsp;<\/span><\/li>\n<li><span style=\"font-weight: 400;\">M\u00e8che plate<\/span><\/li>\n<li><span style=\"font-weight: 400;\">Mati\u00e8re&nbsp;: Coton&nbsp;<\/span><\/li>\n<li><span style=\"font-weight: 400;\">Longueur&nbsp;: 14 cm&nbsp;<\/span><\/li>\n<li><span style=\"font-weight: 400;\">Largeur&nbsp;: 9 cm&nbsp;<\/span><\/li>\n<li><span style=\"font-weight: 400;\">Poids par m\u00e8che 5 g.&nbsp;<\/span><\/li>\n<li><span style=\"font-weight: 400;\">M\u00e8che de remplacement \u00e0 6 lignes&nbsp;: 18 cm de longueur, 3,5 cm de largeur<\/span><\/li>\n<li><span style=\"font-weight: 400;\">Fabriqu\u00e9e en coton<\/span><\/li>\n<\/ul>\n","protected":false},"excerpt":{"rendered":"<p><span style=\"font-weight: 400;\">Vue la tr\u00e8s longue dur\u00e9e de vie des lanternes temp\u00eate, il est in\u00e9vitable de devoir en changer la m\u00e8che un jour ou l\u2019autre. Vous trouverez ici une m\u00e8che de remplacement adapt\u00e9e \u00e0 la lanterne. Avec 14 cm de longueur pour 9 mm de large, la m\u00e8che en coton insuffle une nouvelle vie \u00e0 la lanterne pour longtemps.<\/span> <span style=\"font-weight: 400;\">Sa longueur optimale de 14 cm garantit qu\u2019aucune coupe suppl\u00e9mentaire n&rsquo;est n\u00e9cessaire. La fibre naturelle de coton garantit que la m\u00e8che br\u00fble de mani\u00e8re fiable, en toute s\u00e9curit\u00e9.<\/span> <span style=\"font-weight: 400;\">Les fibres naturelles et la ligne de guidage centrale offrent les meilleures conditions possibles pour une absorption optimale de l&rsquo;huile de la lampe. Cela conf\u00e8re \u00e0 la m\u00e8che plate une excellente absorption de l&rsquo;huile assurant un fonctionnement fiable et s\u00fbr de votre lanterne temp\u00eate.<\/span><\/p>\n","protected":false},"featured_media":151401,"comment_status":"closed","ping_status":"closed","template":"","meta":{"inline_featured_image":false},"product_brand":[],"product_cat":[1343,887,1347,1435],"product_tag":[1773],"class_list":{"0":"post-151412","1":"product","2":"type-product","3":"status-publish","4":"has-post-thumbnail","6":"product_cat-lampes-lampes-de-poche","7":"product_cat-accessoires","8":"product_cat-accessoires-militaires-de-chasse","9":"product_cat-camping-voyage","10":"product_tag-chasse-peche","12":"first","13":"instock","14":"taxable","15":"shipping-taxable","16":"purchasable","17":"product-type-simple"},"_links":{"self":[{"href":"https:\/\/metal-badge.ch\/fr\/wp-json\/wp\/v2\/product\/151412","targetHints":{"allow":["GET"]}}],"collection":[{"href":"https:\/\/metal-badge.ch\/fr\/wp-json\/wp\/v2\/product"}],"about":[{"href":"https:\/\/metal-badge.ch\/fr\/wp-json\/wp\/v2\/types\/product"}],"replies":[{"embeddable":true,"href":"https:\/\/metal-badge.ch\/fr\/wp-json\/wp\/v2\/comments?post=151412"}],"wp:featuredmedia":[{"embeddable":true,"href":"https:\/\/metal-badge.ch\/fr\/wp-json\/wp\/v2\/media\/151401"}],"wp:attachment":[{"href":"https:\/\/metal-badge.ch\/fr\/wp-json\/wp\/v2\/media?parent=151412"}],"wp:term":[{"taxonomy":"product_brand","embeddable":true,"href":"https:\/\/metal-badge.ch\/fr\/wp-json\/wp\/v2\/product_brand?post=151412"},{"taxonomy":"product_cat","embeddable":true,"href":"https:\/\/metal-badge.ch\/fr\/wp-json\/wp\/v2\/product_cat?post=151412"},{"taxonomy":"product_tag","embeddable":true,"href":"https:\/\/metal-badge.ch\/fr\/wp-json\/wp\/v2\/product_tag?post=151412"}],"curies":[{"name":"wp","href":"https:\/\/api.w.org\/{rel}","templated":true}]}}