{"id":151396,"date":"2025-08-09T19:33:45","date_gmt":"2025-08-09T17:33:45","guid":{"rendered":"https:\/\/metal-badge.ch\/product\/151396\/lampe-pince-mini-led-avec-bandeau-frontal\/"},"modified":"2025-08-09T19:33:45","modified_gmt":"2025-08-09T17:33:45","slug":"lampe-pince-mini-led-avec-bandeau-frontal","status":"publish","type":"product","link":"https:\/\/metal-badge.ch\/fr\/product\/151396\/lampe-pince-mini-led-avec-bandeau-frontal\/","title":{"rendered":"Lampe pince mini LED avec bandeau frontal"},"content":{"rendered":"<p><span style=\"font-weight: 400;\">Cette petite lampe \u00e0 pince mini peut \u00eatre fix\u00e9e \u00e0 un sac \u00e0 dos, un casque, un sac, une veste, une casquette de baseball, ou encore sur le bandeau frontal. La pince peut pivoter de 90\u00b0 par paliers. La t\u00eate de lampe peut \u00e9galement \u00eatre pivot\u00e9e \u00e0 90\u00b0. De plus, le bandeau frontal \u00e9lastique et r\u00e9glable est inclus dans le prix. Le bandeau frontal peut \u00eatre facilement mont\u00e9 et d\u00e9mont\u00e9. Cette petite lampe \u00e0 pince tr\u00e8s robuste a une lumi\u00e8re vive. La lampe \u00e0 pince est \u00e9quip\u00e9e de deux LED \u00e0 l&rsquo;avant. Celles-ci peuvent \u00eatre commut\u00e9es individuellement ou ensemble dans 5 modes diff\u00e9rents, et une gradation est \u00e9galement possible. En plus de la lumi\u00e8re blanche et de la lumi\u00e8re stroboscopique blanche, la lampe est \u00e9galement \u00e9quip\u00e9e d&rsquo;une lumi\u00e8re rouge qui peut \u00eatre allum\u00e9e individuellement et d&rsquo;une lumi\u00e8re clignotante rouge. La petite lampe pesant seulement 38 g avec clip pivotant et t\u00eate de lampe rotative peut \u00eatre utilis\u00e9e comme lampe frontale,en tant que lampe de poche, ou \u00eatre mont\u00e9e sur un sac \u00e0 dos sur un chapeau, une casquette ou un chapeau, ou comme lampe \u00e0 pince. La lampe dispose \u00e9galement d&rsquo;un mode avec d\u00e9tecteur de mouvement. Un c\u00e2ble USB est inclus pour charger la batterie \u00e0 longue dur\u00e9e de vie. La lampe est \u00e9tanche m\u00eame sous la pluie et par temps humide.&nbsp;<\/span><\/p>\n<p><b>Informations sur le produit&nbsp;:&nbsp;<\/b><\/p>\n<ul>\n<li><span style=\"font-weight: 400;\">D\u00e9signation&nbsp;: Mini lampe pince LED avec bandeau frontal&nbsp;<\/span><\/li>\n<li><span style=\"font-weight: 400;\">Couleur&nbsp;: noir&nbsp;<\/span><\/li>\n<li><span style=\"font-weight: 400;\">R\u00e9sistance aux chocs&nbsp;: jusqu&rsquo;\u00e0 1 m<\/span><\/li>\n<li><span style=\"font-weight: 400;\">\u00c9tanche IPX 4<\/span><\/li>\n<li><span style=\"font-weight: 400;\">5 modes diff\u00e9rents&nbsp;<\/span><\/li>\n<li><span style=\"font-weight: 400;\">Lumi\u00e8re clignotante rouge<\/span><\/li>\n<li><span style=\"font-weight: 400;\">Lumi\u00e8re troboscopique blanche&nbsp;<\/span><\/li>\n<li><span style=\"font-weight: 400;\">Lumi\u00e8re blanche claire<\/span><\/li>\n<li><span style=\"font-weight: 400;\">R\u00e9glable en intensit\u00e9&nbsp;<\/span><\/li>\n<li><span style=\"font-weight: 400;\">Lumi\u00e8re blanche env. 170 lm<\/span><\/li>\n<li><span style=\"font-weight: 400;\">Batterie rechargeable avec c\u00e2ble USB compris<\/span><\/li>\n<li><span style=\"font-weight: 400;\">Mati\u00e8re&nbsp;: plastique ABS<\/span><\/li>\n<li><span style=\"font-weight: 400;\">Clip pour casquette de baseball, sac \u00e0 dos, sac, veste et bien plus encore<\/span><\/li>\n<li><span style=\"font-weight: 400;\">Poids&nbsp;: 38 g.&nbsp;<\/span><\/li>\n<li><span style=\"font-weight: 400;\">Avec bandeau \u00e9lastique r\u00e9glable<\/span><\/li>\n<li><span style=\"font-weight: 400;\">Clip pivotant \u00e0 90\u00b0&nbsp;<\/span><\/li>\n<li><span style=\"font-weight: 400;\">T\u00eate de lampe orientable \u00e0 90\u00b0&nbsp;<\/span><\/li>\n<li><span style=\"font-weight: 400;\">Dimensions&nbsp;: Largeur 4,0 cm \/ longueur 7,0 cm \/ profondeur 2,0 cm <\/span><\/li>\n<\/ul>\n","protected":false},"excerpt":{"rendered":"<p><span style=\"font-weight: 400;\">Cette petite lampe \u00e0 pince mini peut \u00eatre fix\u00e9e \u00e0 un sac \u00e0 dos, un casque, un sac, une veste, une casquette de baseball, ou encore sur le bandeau frontal. La pince peut pivoter de 90\u00b0 par paliers. La t\u00eate de lampe peut \u00e9galement \u00eatre pivot\u00e9e \u00e0 90\u00b0. De plus, le bandeau frontal \u00e9lastique et r\u00e9glable est inclus dans le prix. Le bandeau frontal peut \u00eatre facilement mont\u00e9 et d\u00e9mont\u00e9. Cette petite lampe \u00e0 pince tr\u00e8s robuste a une lumi\u00e8re vive. La lampe \u00e0 pince est \u00e9quip\u00e9e de deux LED \u00e0 l&rsquo;avant.<\/span><\/p>\n","protected":false},"featured_media":151369,"comment_status":"closed","ping_status":"closed","template":"","meta":{"inline_featured_image":false},"product_brand":[],"product_cat":[1343,887,1347,1435],"product_tag":[1765],"class_list":{"0":"post-151396","1":"product","2":"type-product","3":"status-publish","4":"has-post-thumbnail","6":"product_cat-lampes-lampes-de-poche","7":"product_cat-accessoires","8":"product_cat-accessoires-militaires-de-chasse","9":"product_cat-camping-voyage","10":"product_tag-sport-outdoor-fr","12":"first","13":"instock","14":"taxable","15":"shipping-taxable","16":"purchasable","17":"product-type-simple"},"_links":{"self":[{"href":"https:\/\/metal-badge.ch\/fr\/wp-json\/wp\/v2\/product\/151396","targetHints":{"allow":["GET"]}}],"collection":[{"href":"https:\/\/metal-badge.ch\/fr\/wp-json\/wp\/v2\/product"}],"about":[{"href":"https:\/\/metal-badge.ch\/fr\/wp-json\/wp\/v2\/types\/product"}],"replies":[{"embeddable":true,"href":"https:\/\/metal-badge.ch\/fr\/wp-json\/wp\/v2\/comments?post=151396"}],"wp:featuredmedia":[{"embeddable":true,"href":"https:\/\/metal-badge.ch\/fr\/wp-json\/wp\/v2\/media\/151369"}],"wp:attachment":[{"href":"https:\/\/metal-badge.ch\/fr\/wp-json\/wp\/v2\/media?parent=151396"}],"wp:term":[{"taxonomy":"product_brand","embeddable":true,"href":"https:\/\/metal-badge.ch\/fr\/wp-json\/wp\/v2\/product_brand?post=151396"},{"taxonomy":"product_cat","embeddable":true,"href":"https:\/\/metal-badge.ch\/fr\/wp-json\/wp\/v2\/product_cat?post=151396"},{"taxonomy":"product_tag","embeddable":true,"href":"https:\/\/metal-badge.ch\/fr\/wp-json\/wp\/v2\/product_tag?post=151396"}],"curies":[{"name":"wp","href":"https:\/\/api.w.org\/{rel}","templated":true}]}}