{"id":151336,"date":"2025-08-09T07:19:21","date_gmt":"2025-08-09T05:19:21","guid":{"rendered":"https:\/\/metal-badge.ch\/product\/151336\/lampe-a-pince-led-zs-19\/"},"modified":"2025-08-09T07:19:21","modified_gmt":"2025-08-09T05:19:21","slug":"lampe-a-pince-led-zs-19","status":"publish","type":"product","link":"https:\/\/metal-badge.ch\/fr\/product\/151336\/lampe-a-pince-led-zs-19\/","title":{"rendered":"Lampe \u00e0 pince LED ZS-19"},"content":{"rendered":"<p><span style=\"font-weight: 400;\">Cette petite lampe \u00e0 pince peut \u00eatre fix\u00e9e \u00e0 un sac \u00e0 dos, un casque, un sac, une veste ou une casquette de baseball. Gr\u00e2ce \u00e0 l&rsquo;angle de r\u00e9glage \u00e0 180\u00b0, le c\u00f4ne d\u2019\u00e9clairage peut \u00eatre r\u00e9gl\u00e9 exactement selon les besoins. Les 6 LED puissantes assurent que vous \u00eates bien \u00e9quip\u00e9, m\u00eame en cas d&rsquo;urgence. Il y a \u00e9galement un indicateur de charge de la batterie pour que vous sachiez toujours combien de batterie il vous reste. La lampe dispose \u00e9galement d&rsquo;un mode avec d\u00e9tecteur de mouvement. Cela peut \u00eatre activ\u00e9 et d\u00e9sactiv\u00e9. Cela signifie que lorsque vous bougez librement vos mains, la source lumineuse peut \u00eatre allum\u00e9e et \u00e9teinte automatiquement. Le c\u00e2ble USB avec prise pour charger la batterie est compris. La lampe est \u00e9tanche m\u00eame sous la pluie et par temps humide.&nbsp;<\/span><\/p>\n<p><b>Informations sur le produit&nbsp;:&nbsp;<\/b><\/p>\n<ul>\n<li><span style=\"font-weight: 400;\">D\u00e9signation&nbsp;: Lampe \u00e0 pince LED ZS-19<\/span><\/li>\n<li><span style=\"font-weight: 400;\">Couleur&nbsp;: noir&nbsp;<\/span><\/li>\n<li><span style=\"font-weight: 400;\">R\u00e9sistance aux chocs&nbsp;: jusqu&rsquo;\u00e0 1 m<\/span><\/li>\n<li><span style=\"font-weight: 400;\">\u00c9tanche IPX 4<\/span><\/li>\n<li><span style=\"font-weight: 400;\">LED 6x&nbsp;<\/span><\/li>\n<li><span style=\"font-weight: 400;\">Lumi\u00e8re blanche env. 170 lm<\/span><\/li>\n<li><span style=\"font-weight: 400;\">Batterie rechargeable avec c\u00e2ble USB compris<\/span><\/li>\n<li><span style=\"font-weight: 400;\">Mati\u00e8re&nbsp;: plastique ABS<\/span><\/li>\n<li><span style=\"font-weight: 400;\">Avec indicateur de charge de la batterie&nbsp;<\/span><\/li>\n<li><span style=\"font-weight: 400;\">La t\u00eate r\u00e9glable peut \u00eatre r\u00e9gl\u00e9e \u00e0 180\u00b0<\/span><\/li>\n<li><span style=\"font-weight: 400;\">Clip pour casquette de baseball, sac \u00e0 dos, sac, veste et bien plus encore<\/span><\/li>\n<li><span style=\"font-weight: 400;\">Avec capteur de mouvement pouvant \u00eatre activ\u00e9 \/ Mains libres&nbsp;<\/span><\/li>\n<li><span style=\"font-weight: 400;\">Poids&nbsp;: 45 g&nbsp;<\/span><\/li>\n<li><span style=\"font-weight: 400;\">Dimensions&nbsp;: Largeur 5,5 cm \/ longueur 7,0 cm \/ profondeur 1,2 cm <\/span><\/li>\n<\/ul>\n","protected":false},"excerpt":{"rendered":"<p><span style=\"font-weight: 400;\">Cette petite lampe \u00e0 pince peut \u00eatre fix\u00e9e \u00e0 un sac \u00e0 dos, un casque, un sac, une veste ou une casquette de baseball. Gr\u00e2ce \u00e0 l&rsquo;angle de r\u00e9glage \u00e0 180\u00b0, le c\u00f4ne d\u2019\u00e9clairage peut \u00eatre r\u00e9gl\u00e9 exactement selon les besoins. Les 6 LED puissantes assurent que vous \u00eates bien \u00e9quip\u00e9, m\u00eame en cas d&rsquo;urgence. Il y a \u00e9galement un indicateur de charge de la batterie pour que vous sachiez toujours combien de batterie il vous reste. La lampe dispose \u00e9galement d&rsquo;un mode avec d\u00e9tecteur de mouvement. Cela peut \u00eatre activ\u00e9 et d\u00e9sactiv\u00e9. Cela signifie que lorsque vous bougez librement vos mains, la source lumineuse peut \u00eatre allum\u00e9e et \u00e9teinte automatiquement. Le c\u00e2ble USB avec prise pour charger la batterie est compris. La lampe est \u00e9tanche m\u00eame sous la pluie et par temps humide.&nbsp;<\/span><\/p>\n","protected":false},"featured_media":151333,"comment_status":"closed","ping_status":"closed","template":"","meta":{"inline_featured_image":false},"product_brand":[],"product_cat":[1343,887,1347],"product_tag":[1765],"class_list":{"0":"post-151336","1":"product","2":"type-product","3":"status-publish","4":"has-post-thumbnail","6":"product_cat-lampes-lampes-de-poche","7":"product_cat-accessoires","8":"product_cat-accessoires-militaires-de-chasse","9":"product_tag-sport-outdoor-fr","11":"first","12":"instock","13":"taxable","14":"shipping-taxable","15":"purchasable","16":"product-type-simple"},"_links":{"self":[{"href":"https:\/\/metal-badge.ch\/fr\/wp-json\/wp\/v2\/product\/151336","targetHints":{"allow":["GET"]}}],"collection":[{"href":"https:\/\/metal-badge.ch\/fr\/wp-json\/wp\/v2\/product"}],"about":[{"href":"https:\/\/metal-badge.ch\/fr\/wp-json\/wp\/v2\/types\/product"}],"replies":[{"embeddable":true,"href":"https:\/\/metal-badge.ch\/fr\/wp-json\/wp\/v2\/comments?post=151336"}],"wp:featuredmedia":[{"embeddable":true,"href":"https:\/\/metal-badge.ch\/fr\/wp-json\/wp\/v2\/media\/151333"}],"wp:attachment":[{"href":"https:\/\/metal-badge.ch\/fr\/wp-json\/wp\/v2\/media?parent=151336"}],"wp:term":[{"taxonomy":"product_brand","embeddable":true,"href":"https:\/\/metal-badge.ch\/fr\/wp-json\/wp\/v2\/product_brand?post=151336"},{"taxonomy":"product_cat","embeddable":true,"href":"https:\/\/metal-badge.ch\/fr\/wp-json\/wp\/v2\/product_cat?post=151336"},{"taxonomy":"product_tag","embeddable":true,"href":"https:\/\/metal-badge.ch\/fr\/wp-json\/wp\/v2\/product_tag?post=151336"}],"curies":[{"name":"wp","href":"https:\/\/api.w.org\/{rel}","templated":true}]}}