{"id":151225,"date":"2025-08-01T08:02:49","date_gmt":"2025-08-01T06:02:50","guid":{"rendered":"https:\/\/metal-badge.ch\/?post_type=product&#038;p=151225"},"modified":"2025-08-01T19:18:46","modified_gmt":"2025-08-01T17:18:46","slug":"protection-contre-les-inondations-sacs-de-sable-petit-pleins","status":"publish","type":"product","link":"https:\/\/metal-badge.ch\/fr\/product\/151225\/protection-contre-les-inondations-sacs-de-sable-petit-pleins\/","title":{"rendered":"Protection contre les inondations \/ sacs de sable petit pleins"},"content":{"rendered":"<p><b><i>Pour la protection contre les inondations \/ la barri\u00e8re anti-inondation par excellence&nbsp;: elle convient \u00e9galement pour alourdir les objets dans le jardin ou sur le balcon en cas de vent fort, etc.&nbsp;<\/i><\/b><\/p>\n<p><span style=\"font-weight: 400;\">En cas d&rsquo;inondation, vous pouvez prot\u00e9ger les entr\u00e9es de votre maison, les portes de cave et les portes de garage avec des sacs de sable pleins, sans perdre de temps&nbsp;!<\/span><\/p>\n<p><b>Longueur x Largeur&nbsp;<\/b><\/p>\n<ul>\n<li><b>Petit 70 x 24 cm = contenu 17 kg&nbsp;&nbsp;&nbsp;&nbsp;<\/b><\/li>\n<\/ul>\n<p><b>Un \u00e9cart de poids de +\/- 10&nbsp;% peut \u00eatre constat\u00e9 selon la mani\u00e8re dont les sacs de sable sont remplis et ferm\u00e9s.<\/b><\/p>\n<p><b>Fermeture<\/b><\/p>\n<p><span style=\"font-weight: 400;\">Les sacs de sable remplis sont attach\u00e9s. Les sacs de sable vides peuvent \u00eatre facilement nou\u00e9s \u00e0 l&rsquo;aide d&rsquo;une sangle.<\/span><\/p>\n<p><span style=\"font-weight: 400;\">Veuillez noter qu&rsquo;aucune garantie ne peut \u00eatre fournie quant \u00e0 la durabilit\u00e9 \u00e0 long terme des sacs de sable, de ballast et \u00e0 silo disponibles, en particulier lorsqu&rsquo;ils sont stock\u00e9s \u00e0 l&rsquo;ext\u00e9rieur.&nbsp;Cela est d\u00fb au fait que les conditions environnementales impr\u00e9visibles telles que le gel intense, la gr\u00eale, l&rsquo;eau sal\u00e9e, la lumi\u00e8re, l&rsquo;intensit\u00e9 et la dur\u00e9e de l&rsquo;ensoleillement sont de nature impr\u00e9visible et peuvent affecter la dur\u00e9e de vie des sacs. Nous vous recommandons de stocker les sacs remplis dans un endroit \u00e0 l&rsquo;abri du gel pour garantir qu&rsquo;ils restent aptes \u00e0 l\u2019utilisation pendant les mois d&rsquo;hiver<\/span><\/p>\n<p><span style=\"font-weight: 400;\">Si vous souhaitez utiliser plusieurs sacs de sable les uns \u00e0 c\u00f4t\u00e9 des autres ou les uns sur les autres, vous devez les disposer en suivant un motif superpos\u00e9, comme une rang\u00e9e de briques. Chaque couche doit chevaucher la couche inf\u00e9rieure de moiti\u00e9. Les sacs de sable offrent suffisamment de flexibilit\u00e9 pour \u00eatre utilis\u00e9s sur n&rsquo;importe quel terrain et b\u00e2timent.<\/span><\/p>\n<p><b>Informations sur le produit&nbsp;:<\/b><\/p>\n<ul>\n<li><span style=\"font-weight: 400;\">D\u00e9signation&nbsp;: Protection contre les inondations, sacs de sable vides ou pleins<\/span><b>&nbsp;<\/b><\/li>\n<li><span style=\"font-weight: 400;\">Une protection id\u00e9ale contre les inondations provoqu\u00e9es par de fortes pluies ou des crues.<\/span><\/li>\n<li><span style=\"font-weight: 400;\">La barri\u00e8re anti-inondations par excellence<\/span><\/li>\n<li><span style=\"font-weight: 400;\">Alourdit les objets du jardin ou sur le balcon en cas de vent<\/span><\/li>\n<li><span style=\"font-weight: 400;\">Protection maximale contre les inondations<\/span><\/li>\n<li><span style=\"font-weight: 400;\">Les sacs de sable pleins prot\u00e8gent les acc\u00e8s de votre maison, les portes de cave et les portes de garage<\/span><\/li>\n<li><span style=\"font-weight: 400;\">Barrage rapide en cas d&rsquo;urgence<\/span><\/li>\n<li><span style=\"font-weight: 400;\">Tr\u00e8s r\u00e9sistants, manipulation facile<\/span><\/li>\n<li><span style=\"font-weight: 400;\">Ind\u00e9chirables<\/span><\/li>\n<li><span style=\"font-weight: 400;\">R\u00e9sistants aux rayons UV<\/span><\/li>\n<li><span style=\"font-weight: 400;\">Peuvent \u00eatre stock\u00e9s et utilis\u00e9s 6 \u00e0 8 ans<\/span><\/li>\n<li><span style=\"font-weight: 400;\">Les sacs de sable usag\u00e9s et remplis peuvent \u00eatre stock\u00e9s plusieurs mois et sont donc r\u00e9utilisables&nbsp;<\/span><\/li>\n<li><span style=\"font-weight: 400;\">Ne glissent pas&nbsp;<\/span><\/li>\n<li><span style=\"font-weight: 400;\">Respectueux de l&rsquo;environnement et faciles \u00e0 \u00e9liminer<\/span><\/li>\n<li><span style=\"font-weight: 400;\">Excellente qualit\u00e9, excellent service<\/span><\/li>\n<li><span style=\"font-weight: 400;\">Excellente relation qualit\u00e9-prix<\/span><\/li>\n<li><span style=\"font-weight: 400;\">Sacs de sable disponibles, vides ou remplis&nbsp;<\/span><\/li>\n<li><span style=\"font-weight: 400;\">Les sacs sont disponibles remplis \u00e0 collecter dans nos entrep\u00f4ts, avec un forfait de mise \u00e0 disposition de 30.-&nbsp;<\/span><\/li>\n<li><span style=\"font-weight: 400;\">Exp\u00e9dition ou livraison possible moyennant un co\u00fbt suppl\u00e9mentaire<\/span><\/li>\n<li><span style=\"font-weight: 400;\">D\u00e9lai de livraison de 5-9 jours&nbsp;!<\/span><\/li>\n<\/ul>\n<p><b>Fermeture<\/b><\/p>\n<ul>\n<li><span style=\"font-weight: 400;\">Les sacs de sable remplis sont attach\u00e9s. Les sacs de sable vides peuvent \u00eatre facilement nou\u00e9s \u00e0 l&rsquo;aide d&rsquo;une sangle.<\/span><\/li>\n<li><span style=\"font-weight: 400;\">Mati\u00e8re&nbsp;: Polyester 60&nbsp;% &#8211; Tissu de coton 40&nbsp;%&nbsp;<\/span><\/li>\n<li><span style=\"font-weight: 400;\">Couleur&nbsp;: vert<\/span><\/li>\n<li><span style=\"font-weight: 400;\">Dimensions du sac de sable&nbsp;: Grand 70 x 40 cm \/ Moyen 70 x 30 cm \/ Petit 70 x 24 cm<\/span><\/li>\n<li><span style=\"font-weight: 400;\">Poids du sac de sable vide&nbsp;: &nbsp; Grand 215 g \/ Moyen 165 g \/ Petit 140 g<\/span><\/li>\n<\/ul>\n<p><strong>Livraison effectu\u00e9e uniquement en Suisse et avec suppl\u00e9ment, apr\u00e8s consultation&nbsp;<\/strong><\/p>\n<p><strong>Ou collecte dans nos entrep\u00f4ts remplis, avec frais de mises \u00e0 disposition de 30.- <\/strong><\/p>\n","protected":false},"excerpt":{"rendered":"<p><b><i>Pour la protection contre les inondations \/ la barri\u00e8re anti-inondation par excellence&nbsp;: elle convient \u00e9galement pour alourdir les objets dans le jardin ou sur le balcon en cas de vent fort, etc.&nbsp;<\/i><\/b><\/p>\n<p><span style=\"font-weight: 400;\">En cas d&rsquo;inondation, vous pouvez prot\u00e9ger les entr\u00e9es de votre maison, les portes de cave et les portes de garage avec des sacs de sable pleins, sans perdre de temps&nbsp;!<\/span><\/p>\n<p><strong>Livraison effectu\u00e9e uniquement en Suisse et avec suppl\u00e9ment, apr\u00e8s consultation&nbsp;<\/strong><\/p>\n<p><strong>Ou collecte dans nos entrep\u00f4ts remplis, avec frais de mises \u00e0 disposition de 30.-<\/strong><\/p>\n","protected":false},"featured_media":151193,"comment_status":"closed","ping_status":"closed","template":"","meta":{"inline_featured_image":false},"product_brand":[],"product_cat":[2537,887],"product_tag":[1785],"class_list":{"0":"post-151225","1":"product","2":"type-product","3":"status-publish","4":"has-post-thumbnail","6":"product_cat-sacs-de-sable-protection-contre-les-inondations","7":"product_cat-accessoires","8":"product_tag-premiers-secours-sauvetage","10":"first","11":"instock","12":"taxable","13":"shipping-taxable","14":"purchasable","15":"product-type-simple"},"_links":{"self":[{"href":"https:\/\/metal-badge.ch\/fr\/wp-json\/wp\/v2\/product\/151225","targetHints":{"allow":["GET"]}}],"collection":[{"href":"https:\/\/metal-badge.ch\/fr\/wp-json\/wp\/v2\/product"}],"about":[{"href":"https:\/\/metal-badge.ch\/fr\/wp-json\/wp\/v2\/types\/product"}],"replies":[{"embeddable":true,"href":"https:\/\/metal-badge.ch\/fr\/wp-json\/wp\/v2\/comments?post=151225"}],"wp:featuredmedia":[{"embeddable":true,"href":"https:\/\/metal-badge.ch\/fr\/wp-json\/wp\/v2\/media\/151193"}],"wp:attachment":[{"href":"https:\/\/metal-badge.ch\/fr\/wp-json\/wp\/v2\/media?parent=151225"}],"wp:term":[{"taxonomy":"product_brand","embeddable":true,"href":"https:\/\/metal-badge.ch\/fr\/wp-json\/wp\/v2\/product_brand?post=151225"},{"taxonomy":"product_cat","embeddable":true,"href":"https:\/\/metal-badge.ch\/fr\/wp-json\/wp\/v2\/product_cat?post=151225"},{"taxonomy":"product_tag","embeddable":true,"href":"https:\/\/metal-badge.ch\/fr\/wp-json\/wp\/v2\/product_tag?post=151225"}],"curies":[{"name":"wp","href":"https:\/\/api.w.org\/{rel}","templated":true}]}}