{"id":151166,"date":"2025-07-31T06:22:25","date_gmt":"2025-07-31T04:22:25","guid":{"rendered":"https:\/\/metal-badge.ch\/product\/151166\/outil-de-sauvetage-rescue-gool-victorinox\/"},"modified":"2025-07-31T06:30:23","modified_gmt":"2025-07-31T04:30:23","slug":"outil-de-sauvetage-rescue-gool-victorinox","status":"publish","type":"product","link":"https:\/\/metal-badge.ch\/fr\/product\/151166\/outil-de-sauvetage-rescue-gool-victorinox\/","title":{"rendered":"Outil de sauvetage \u00ab Rescue Gool \u00bb Victorinox"},"content":{"rendered":"<p><span style=\"font-weight: 400;\">Victorinox a travaill\u00e9 avec des sauveteurs professionnels pendant des ann\u00e9es pour d\u00e9velopper le couteau de poche \u00ab&nbsp;RescueTool&nbsp;\u00bb. Cet outil est utilis\u00e9 par presque tous les pompiers en Suisse.&nbsp;En plus les fonctions standard d&rsquo;un couteau, il comporte un coupe-ceinture, un brise-vitre et une scie \u00e0 vitre pour verre feuillet\u00e9. Les outils conviennent aux droitiers comme aux gauchers, et le manche luminescent facilite la prise en main dans l&rsquo;obscurit\u00e9.<\/span><\/p>\n<p><span style=\"font-weight: 400;\">Un \u00e9tui pratique est inclus.<\/span><\/p>\n<p><span style=\"font-weight: 400;\">Caract\u00e9ristiques principales<\/span><\/p>\n<ul>\n<li style=\"font-weight: 400;\" aria-level=\"1\"><span style=\"font-weight: 400;\">L&rsquo;outil indispensable en cas d&rsquo;urgence pour briser les vitres et couper les ceintures de s\u00e9curit\u00e9.<\/span><\/li>\n<li style=\"font-weight: 400;\" aria-level=\"1\"><span style=\"font-weight: 400;\">Couteau de poche 15 fonctions, fabriqu\u00e9 en Suisse.<\/span><\/li>\n<li style=\"font-weight: 400;\" aria-level=\"1\"><span style=\"font-weight: 400;\">Avec coupe-ceinture, scie \u00e0 vitre pour verre feuillet\u00e9, brise-vitre et \u00e9tui en nylon.<\/span><\/li>\n<\/ul>\n<p><b>Avec 15 fonctions :<\/b><span style=\"font-weight: 400;\"><br \/>\n<\/span><\/p>\n<p><span style=\"font-weight: 400;\">Produits n\u00ba MW 0.8623.MWN&nbsp;<\/span><\/p>\n<p><span style=\"font-weight: 400;\">Made in Switzerland<\/span><span style=\"font-weight: 400;\"><br \/>\n<\/span><span style=\"font-weight: 400;\">1. Lame verrouillable avec ouverture une main et tranchant dentel\u00e9<\/span><span style=\"font-weight: 400;\"><br \/>\n<\/span><span style=\"font-weight: 400;\">2. Tournevis Philips<\/span><span style=\"font-weight: 400;\"><br \/>\n<\/span><span style=\"font-weight: 400;\">3. Brise-vitres<\/span><span style=\"font-weight: 400;\"><br \/>\n<\/span><span style=\"font-weight: 400;\">4. Tournevis\/ouvre-bo\u00eete avec&nbsp;:<\/span><span style=\"font-weight: 400;\"><br \/>\n<\/span><span style=\"font-weight: 400;\">5. &#8211; D\u00e9capsuleur<\/span><span style=\"font-weight: 400;\"><br \/>\n<\/span><span style=\"font-weight: 400;\">6. &#8211; Pince \u00e0 d\u00e9nuder<\/span><span style=\"font-weight: 400;\"><br \/>\n<\/span><span style=\"font-weight: 400;\">7. Al\u00e9soir<\/span><span style=\"font-weight: 400;\"><br \/>\n<\/span><span style=\"font-weight: 400;\">8. Coupe-ceinture<\/span><span style=\"font-weight: 400;\"><br \/>\n<\/span><span style=\"font-weight: 400;\">9. Anneau<\/span><span style=\"font-weight: 400;\"><br \/>\n<\/span><span style=\"font-weight: 400;\">10. Pince \u00e0 \u00e9piler<\/span><span style=\"font-weight: 400;\"><br \/>\n<\/span><span style=\"font-weight: 400;\">11. Cure-dents<\/span><span style=\"font-weight: 400;\"><br \/>\n<\/span><span style=\"font-weight: 400;\">12. Scie \u00e0 pare-brise pour verre feuillet\u00e9<\/span><span style=\"font-weight: 400;\"><br \/>\n<\/span><span style=\"font-weight: 400;\">13. Plaquettes photoluminescentes<\/span><span style=\"font-weight: 400;\"><br \/>\n<\/span><span style=\"font-weight: 400;\">14. Cordon en nylon<\/span><span style=\"font-weight: 400;\"><br \/>\n<\/span><span style=\"font-weight: 400;\">15. \u00c9tui en nylon<\/span><\/p>\n<p><span style=\"font-weight: 400;\">Couleur&nbsp;:&nbsp;Jaune citron<\/span><\/p>\n<p><a href=\"https:\/\/metal-badge.ch\/wp-content\/uploads\/2025\/07\/Users-Guide-X90218.pdf\" target=\"_blank\" rel=\"noopener\">USER GUIDE<\/a><\/p>\n","protected":false},"excerpt":{"rendered":"<p><span style=\"font-weight: 400;\">Victorinox a travaill\u00e9 avec des sauveteurs professionnels pendant des ann\u00e9es pour d\u00e9velopper le couteau de poche \u00ab&nbsp;RescueTool&nbsp;\u00bb. Cet outil est utilis\u00e9 par presque tous les pompiers en Suisse.&nbsp;En plus les fonctions standard d&rsquo;un couteau, il comporte un coupe-ceinture, un brise-vitre et une scie \u00e0 vitre pour verre feuillet\u00e9. Les outils conviennent aux droitiers comme aux gauchers, et le manche luminescent facilite la prise en main dans l&rsquo;obscurit\u00e9.<\/span><\/p>\n","protected":false},"featured_media":151147,"comment_status":"closed","ping_status":"closed","template":"","meta":{"inline_featured_image":false},"product_brand":[],"product_cat":[1347,1035],"product_tag":[1769,1773,1765,1838],"class_list":{"0":"post-151166","1":"product","2":"type-product","3":"status-publish","4":"has-post-thumbnail","6":"product_cat-accessoires-militaires-de-chasse","7":"product_cat-couteaux-machettes","8":"product_tag-army-survival-fr","9":"product_tag-chasse-peche","10":"product_tag-sport-outdoor-fr","11":"product_tag-victorinox-fr","13":"first","14":"instock","15":"taxable","16":"shipping-taxable","17":"purchasable","18":"product-type-simple"},"_links":{"self":[{"href":"https:\/\/metal-badge.ch\/fr\/wp-json\/wp\/v2\/product\/151166","targetHints":{"allow":["GET"]}}],"collection":[{"href":"https:\/\/metal-badge.ch\/fr\/wp-json\/wp\/v2\/product"}],"about":[{"href":"https:\/\/metal-badge.ch\/fr\/wp-json\/wp\/v2\/types\/product"}],"replies":[{"embeddable":true,"href":"https:\/\/metal-badge.ch\/fr\/wp-json\/wp\/v2\/comments?post=151166"}],"wp:featuredmedia":[{"embeddable":true,"href":"https:\/\/metal-badge.ch\/fr\/wp-json\/wp\/v2\/media\/151147"}],"wp:attachment":[{"href":"https:\/\/metal-badge.ch\/fr\/wp-json\/wp\/v2\/media?parent=151166"}],"wp:term":[{"taxonomy":"product_brand","embeddable":true,"href":"https:\/\/metal-badge.ch\/fr\/wp-json\/wp\/v2\/product_brand?post=151166"},{"taxonomy":"product_cat","embeddable":true,"href":"https:\/\/metal-badge.ch\/fr\/wp-json\/wp\/v2\/product_cat?post=151166"},{"taxonomy":"product_tag","embeddable":true,"href":"https:\/\/metal-badge.ch\/fr\/wp-json\/wp\/v2\/product_tag?post=151166"}],"curies":[{"name":"wp","href":"https:\/\/api.w.org\/{rel}","templated":true}]}}