{"id":151134,"date":"2025-07-31T05:44:51","date_gmt":"2025-07-31T03:44:51","guid":{"rendered":"https:\/\/metal-badge.ch\/product\/151134\/victorinox-rangerwood-55\/"},"modified":"2025-07-31T05:44:51","modified_gmt":"2025-07-31T03:44:51","slug":"victorinox-rangerwood-55","status":"publish","type":"product","link":"https:\/\/metal-badge.ch\/fr\/product\/151134\/victorinox-rangerwood-55\/","title":{"rendered":"VICTORINOX RangerWood 55"},"content":{"rendered":"<p><span style=\"font-weight: 400;\">Le Ranger Wood 55 vous aide \u00e0 mener \u00e0 bien presque tous vos travaux. Son \u00e9quipement comprend une scie \u00e0 bois et une grande lame verrouillable. La beaut\u00e9 de ses \u00e9l\u00e9gantes plaquettes en noyer qui lui conf\u00e8rent une prise en main confortable et un look unique frappe d\u2019embl\u00e9e. Avec ses 10 fonctions, ce couteau de poche est id\u00e9al pour les pique-niques et le camping. Nous pouvons \u00e9galement graver les plaquettes du manche au laser, sur demande du client et contre un suppl\u00e9ment.&nbsp;<\/span><\/p>\n<ul>\n<li><span style=\"font-weight: 400;\">Marque&nbsp;: Victorinox&nbsp;<\/span><\/li>\n<li><span style=\"font-weight: 400;\">Made in Switzerland<\/span><\/li>\n<li><span style=\"font-weight: 400;\">Mod\u00e8le&nbsp;: Ranger Wood 55 \u2013 0.9561.63<\/span><\/li>\n<li><span style=\"font-weight: 400;\">Couleur&nbsp;: Brun<\/span><\/li>\n<li><span style=\"font-weight: 400;\">Mati\u00e8re&nbsp;: Bois de noyer&nbsp;<\/span><\/li>\n<li><span style=\"font-weight: 400;\">Dimensions&nbsp;: Longueur 130&nbsp;mm, largeur 32&nbsp;mm, hauteur 32&nbsp;mm<\/span><\/li>\n<li><span style=\"font-weight: 400;\">Lame&nbsp;: Acier inoxydable<\/span><\/li>\n<li><span style=\"font-weight: 400;\">Lame verrouillable&nbsp;<\/span><\/li>\n<li><span style=\"font-weight: 400;\">Ouvre-bo\u00eete avec&nbsp;<\/span><\/li>\n<li><span style=\"font-weight: 400;\">petit tournevis de 3 mm<\/span><\/li>\n<li><span style=\"font-weight: 400;\">D\u00e9capsuleur avec&nbsp;<\/span><\/li>\n<li><span style=\"font-weight: 400;\">tournevis verrouillable&nbsp;<\/span><\/li>\n<li><span style=\"font-weight: 400;\">Pince \u00e0 d\u00e9nuder&nbsp;<\/span><\/li>\n<li><span style=\"font-weight: 400;\">Scie \u00e0 bois&nbsp;<\/span><\/li>\n<li><span style=\"font-weight: 400;\">Al\u00e9soir&nbsp;<\/span><\/li>\n<li><span style=\"font-weight: 400;\">Tire-bouchon&nbsp;<\/span><\/li>\n<li><span style=\"font-weight: 400;\">Bague en acier inoxydable<\/span><\/li>\n<li><span style=\"font-weight: 400;\">Sur demande et moyennant un suppl\u00e9ment, il est possible de le graver au laser.<\/span><\/li>\n<li><span style=\"font-weight: 400;\">Poids&nbsp;: 165 g. <\/span><\/li>\n<\/ul>\n","protected":false},"excerpt":{"rendered":"<p><span style=\"font-weight: 400;\">Le Ranger Wood 55 vous aide \u00e0 mener \u00e0 bien presque tous vos travaux. Son \u00e9quipement comprend une scie \u00e0 bois et une grande lame verrouillable. La beaut\u00e9 de ses \u00e9l\u00e9gantes plaquettes en noyer qui lui conf\u00e8rent une prise en main confortable et un look unique frappe d\u2019embl\u00e9e. Avec ses 10 fonctions, ce couteau de poche est id\u00e9al pour les pique-niques et le camping. Nous pouvons \u00e9galement graver les plaquettes du manche au laser, sur demande du client et contre un suppl\u00e9ment.&nbsp;<\/span><\/p>\n","protected":false},"featured_media":151127,"comment_status":"closed","ping_status":"closed","template":"","meta":{"inline_featured_image":false},"product_brand":[],"product_cat":[1347,1035],"product_tag":[1769,1773,1765,1838],"class_list":{"0":"post-151134","1":"product","2":"type-product","3":"status-publish","4":"has-post-thumbnail","6":"product_cat-accessoires-militaires-de-chasse","7":"product_cat-couteaux-machettes","8":"product_tag-army-survival-fr","9":"product_tag-chasse-peche","10":"product_tag-sport-outdoor-fr","11":"product_tag-victorinox-fr","13":"first","14":"instock","15":"taxable","16":"shipping-taxable","17":"purchasable","18":"product-type-simple"},"_links":{"self":[{"href":"https:\/\/metal-badge.ch\/fr\/wp-json\/wp\/v2\/product\/151134","targetHints":{"allow":["GET"]}}],"collection":[{"href":"https:\/\/metal-badge.ch\/fr\/wp-json\/wp\/v2\/product"}],"about":[{"href":"https:\/\/metal-badge.ch\/fr\/wp-json\/wp\/v2\/types\/product"}],"replies":[{"embeddable":true,"href":"https:\/\/metal-badge.ch\/fr\/wp-json\/wp\/v2\/comments?post=151134"}],"wp:featuredmedia":[{"embeddable":true,"href":"https:\/\/metal-badge.ch\/fr\/wp-json\/wp\/v2\/media\/151127"}],"wp:attachment":[{"href":"https:\/\/metal-badge.ch\/fr\/wp-json\/wp\/v2\/media?parent=151134"}],"wp:term":[{"taxonomy":"product_brand","embeddable":true,"href":"https:\/\/metal-badge.ch\/fr\/wp-json\/wp\/v2\/product_brand?post=151134"},{"taxonomy":"product_cat","embeddable":true,"href":"https:\/\/metal-badge.ch\/fr\/wp-json\/wp\/v2\/product_cat?post=151134"},{"taxonomy":"product_tag","embeddable":true,"href":"https:\/\/metal-badge.ch\/fr\/wp-json\/wp\/v2\/product_tag?post=151134"}],"curies":[{"name":"wp","href":"https:\/\/api.w.org\/{rel}","templated":true}]}}