{"id":151114,"date":"2025-07-30T02:54:11","date_gmt":"2025-07-30T00:54:11","guid":{"rendered":"https:\/\/metal-badge.ch\/product\/151114\/le-pantalon-tactique-attack-est-un-pantalon-tactique-de-qualite-superieure-avec-revetement-en-teflon\/"},"modified":"2025-07-30T02:54:11","modified_gmt":"2025-07-30T00:54:11","slug":"le-pantalon-tactique-attack-est-un-pantalon-tactique-de-qualite-superieure-avec-revetement-en-teflon","status":"publish","type":"product","link":"https:\/\/metal-badge.ch\/fr\/product\/151114\/le-pantalon-tactique-attack-est-un-pantalon-tactique-de-qualite-superieure-avec-revetement-en-teflon\/","title":{"rendered":"Le pantalon tactique \u00ab Attack \u00bb est un pantalon tactique de qualit\u00e9 sup\u00e9rieure avec rev\u00eatement en T\u00e9flon"},"content":{"rendered":"<p><span style=\"font-weight: 400;\">Pantalon tactique de qualit\u00e9 sup\u00e9rieure pour une utilisation dans des conditions extr\u00eames. Le pantalon est recouvert de T\u00e9flon, ce qui le rend r\u00e9sistant \u00e0 la salet\u00e9 et \u00e0 l&rsquo;eau. Le tissu RipStop robuste garantit sa longue dur\u00e9e de vie. Gr\u00e2ce au tissu extensible de haute qualit\u00e9, le pantalon offre une excellente libert\u00e9 de mouvement. Il est l\u00e9ger, confortable \u00e0 porter et s\u00e8che rapidement.<\/span><\/p>\n<p><span style=\"font-weight: 400;\">Durable et r\u00e9sistant \u00e0 la d\u00e9chirure. Fabriqu\u00e9 avec 65&nbsp;% de polyester et 35&nbsp;% de coton, 220 gsm.&nbsp;<\/span><\/p>\n<p><span style=\"font-weight: 400;\">Braguette avec fermeture \u00e9clair et double bouton pression, deux poches arri\u00e8re \u00e0 velcro&nbsp;<\/span><\/p>\n<p><span style=\"font-weight: 400;\">ainsi que deux poches sur l\u2019avant droite\/gauche avec des supports en plastique pour fixer des cl\u00e9s et d&rsquo;autres objets. Le pantalon comporte aussi une poche sur la jambe avec une fermeture velcro et un compartiment \u00e0 tirette de chaque c\u00f4t\u00e9. Le pantalon est muni d&rsquo;un \u00e9lastique \u00e0 la taille pour garantir un ajustement parfait. Les six passants de ceinture de 6,5 cm de hauteur permettent d&rsquo;enfiler facilement des ceintures larges. Ce pantalon tactique offre un confort optimal.<\/span><\/p>\n<p><b>Informations sur le produit&nbsp;:&nbsp;<\/b><\/p>\n<ul>\n<li style=\"font-weight: 400;\" aria-level=\"1\"><span style=\"font-weight: 400;\">Mati\u00e8re&nbsp;: T400 65&nbsp;% polyester 35&nbsp;% coton<\/span><\/li>\n<li style=\"font-weight: 400;\" aria-level=\"1\"><span style=\"font-weight: 400;\">Mod\u00e8le&nbsp;: FP23027<\/span><\/li>\n<li style=\"font-weight: 400;\" aria-level=\"1\"><span style=\"font-weight: 400;\">\u00c9lastique recouvert de t\u00e9flon, r\u00e9sistant \u00e0 la salet\u00e9 et \u00e9tanche&nbsp;<\/span><\/li>\n<li style=\"font-weight: 400;\" aria-level=\"1\"><span style=\"font-weight: 400;\">Couleur&nbsp;: noir &nbsp;<\/span><\/li>\n<li style=\"font-weight: 400;\" aria-level=\"1\"><span style=\"font-weight: 400;\">Tissu ripstop 220 gsm<\/span><\/li>\n<li style=\"font-weight: 400;\" aria-level=\"1\"><span style=\"font-weight: 400;\">2 poches arri\u00e8re avec fermeture velcro<\/span><\/li>\n<li style=\"font-weight: 400;\" aria-level=\"1\"><span style=\"font-weight: 400;\">deux poches sur l\u2019avant droite\/gauche avec des supports en plastique pour fixer des cl\u00e9s, etc.<\/span><\/li>\n<li style=\"font-weight: 400;\" aria-level=\"1\"><span style=\"font-weight: 400;\">2 poches sur les jambes avec poches velcro des deux c\u00f4t\u00e9s et une poche zipp\u00e9e large<\/span><\/li>\n<li style=\"font-weight: 400;\" aria-level=\"1\"><span style=\"font-weight: 400;\">\u00c9lastique des deux c\u00f4t\u00e9s de la ceinture pour un meilleur ajustement&nbsp;<\/span><\/li>\n<li style=\"font-weight: 400;\" aria-level=\"1\"><span style=\"font-weight: 400;\">Taille&nbsp;: small, Medium, Large, XLarge, 2XLarge&nbsp;<\/span><\/li>\n<li style=\"font-weight: 400;\" aria-level=\"1\"><span style=\"font-weight: 400;\">Ajustement normal<\/span><\/li>\n<li style=\"font-weight: 400;\" aria-level=\"1\"><span style=\"font-weight: 400;\">6 passants d\u2019une hauteur de 6,5 cm&nbsp;<\/span><\/li>\n<li style=\"font-weight: 400;\" aria-level=\"1\"><span style=\"font-weight: 400;\">Double bouton \u00e0 pression sur l\u2019avant avec fermeture \u00e9clair&nbsp;<\/span><\/li>\n<li style=\"font-weight: 400;\" aria-level=\"1\"><span style=\"font-weight: 400;\">Poids : 460 g.&nbsp;<\/span><\/li>\n<li style=\"font-weight: 400;\" aria-level=\"1\"><span style=\"font-weight: 400;\">Genou \u00e0 double renforcement<\/span><\/li>\n<\/ul>\n","protected":false},"excerpt":{"rendered":"<p><span style=\"font-weight: 400;\">Pantalon tactique de qualit\u00e9 sup\u00e9rieure pour une utilisation dans des conditions extr\u00eames. Le pantalon est recouvert de T\u00e9flon, ce qui le rend r\u00e9sistant \u00e0 la salet\u00e9 et \u00e0 l&rsquo;eau. Le tissu RipStop robuste garantit sa longue dur\u00e9e de vie. Gr\u00e2ce au tissu extensible de haute qualit\u00e9, le pantalon offre une excellente libert\u00e9 de mouvement. Il est l\u00e9ger, confortable \u00e0 porter et s\u00e8che rapidement.<\/span><\/p>\n","protected":false},"featured_media":151091,"comment_status":"closed","ping_status":"closed","template":"","meta":{"inline_featured_image":false},"product_brand":[],"product_cat":[1614,2189],"product_tag":[],"class_list":{"0":"post-151114","1":"product","2":"type-product","3":"status-publish","4":"has-post-thumbnail","6":"product_cat-pantalons-et-shorts","7":"product_cat-vetementsdeloisirs","9":"first","10":"instock","11":"taxable","12":"shipping-taxable","13":"purchasable","14":"product-type-simple"},"_links":{"self":[{"href":"https:\/\/metal-badge.ch\/fr\/wp-json\/wp\/v2\/product\/151114","targetHints":{"allow":["GET"]}}],"collection":[{"href":"https:\/\/metal-badge.ch\/fr\/wp-json\/wp\/v2\/product"}],"about":[{"href":"https:\/\/metal-badge.ch\/fr\/wp-json\/wp\/v2\/types\/product"}],"replies":[{"embeddable":true,"href":"https:\/\/metal-badge.ch\/fr\/wp-json\/wp\/v2\/comments?post=151114"}],"wp:featuredmedia":[{"embeddable":true,"href":"https:\/\/metal-badge.ch\/fr\/wp-json\/wp\/v2\/media\/151091"}],"wp:attachment":[{"href":"https:\/\/metal-badge.ch\/fr\/wp-json\/wp\/v2\/media?parent=151114"}],"wp:term":[{"taxonomy":"product_brand","embeddable":true,"href":"https:\/\/metal-badge.ch\/fr\/wp-json\/wp\/v2\/product_brand?post=151114"},{"taxonomy":"product_cat","embeddable":true,"href":"https:\/\/metal-badge.ch\/fr\/wp-json\/wp\/v2\/product_cat?post=151114"},{"taxonomy":"product_tag","embeddable":true,"href":"https:\/\/metal-badge.ch\/fr\/wp-json\/wp\/v2\/product_tag?post=151114"}],"curies":[{"name":"wp","href":"https:\/\/api.w.org\/{rel}","templated":true}]}}