{"id":151086,"date":"2025-07-30T02:28:04","date_gmt":"2025-07-30T00:28:04","guid":{"rendered":"https:\/\/metal-badge.ch\/product\/151086\/pantalon-tactique-pour-cargo-ripstop-ix7-vert\/"},"modified":"2025-07-30T02:28:04","modified_gmt":"2025-07-30T00:28:04","slug":"pantalon-tactique-pour-cargo-ripstop-ix7-vert","status":"publish","type":"product","link":"https:\/\/metal-badge.ch\/fr\/product\/151086\/pantalon-tactique-pour-cargo-ripstop-ix7-vert\/","title":{"rendered":"Pantalon tactique pour cargo ripstop IX7 vert"},"content":{"rendered":"<p><span style=\"font-weight: 400;\">Ce pantalon cargo ripstop tactique de couleur olive offre un confort optimal. Durable et ind\u00e9chirable. Fabriqu\u00e9 avec 65 % polyester et 35 % coton 220 gsm. Braguette avec fermeture \u00e9clair et bouton, deux poches revolver avec compartiment \u00e0 velcro et \u00e0 crayon ainsi que deux poches avant droite \/ gauche avec support en plastique pour attacher un trousseau de cl\u00e9s et plus encore. De plus, il y a une poche sur la jambe avec fermeture \u00e9clair et une poche velcro sur le c\u00f4t\u00e9 droit \/ gauche pour les ustensiles d\u2019\u00e9criture, le couteau de poche, le t\u00e9l\u00e9phone portable. Le pantalon est \u00e9quip\u00e9 d\u2019un \u00e9lastique \u00e0 l\u2019arri\u00e8re de la ceinture, offrant ainsi un ajustement encore meilleur. Les passants de ceinture de 5 cm permettent \u00e9galement d\u2019utiliser facilement des ceintures un peu plus larges.<\/span><\/p>\n<p><b>Informations du produit:&nbsp;<\/b><\/p>\n<ul>\n<li style=\"font-weight: 400;\" aria-level=\"1\"><span style=\"font-weight: 400;\">Mati\u00e8re: 65 % polyester, 35 % coton<\/span><\/li>\n<li style=\"font-weight: 400;\" aria-level=\"1\"><span style=\"font-weight: 400;\">Mod\u00e8le: IX7&nbsp;&nbsp;<\/span><\/li>\n<li style=\"font-weight: 400;\" aria-level=\"1\"><span style=\"font-weight: 400;\">Couleur: vert&nbsp;<\/span><\/li>\n<li style=\"font-weight: 400;\" aria-level=\"1\"><span style=\"font-weight: 400;\">Ripstop 220 gsm<\/span><\/li>\n<li style=\"font-weight: 400;\" aria-level=\"1\"><span style=\"font-weight: 400;\">2 poches revolver avec fermeture velcro et poche pour stylo<\/span><\/li>\n<li style=\"font-weight: 400;\" aria-level=\"1\"><span style=\"font-weight: 400;\">2 poches avant, droite \/ gauche avec support en plastique pour fixer un porte-cl\u00e9, etc.<\/span><\/li>\n<li style=\"font-weight: 400;\" aria-level=\"1\"><span style=\"font-weight: 400;\">2 poches sur les jambes avec fermeture \u00e9clair, 15 cm (largeur) x 18 cm (hauteur)<\/span><\/li>\n<li style=\"font-weight: 400;\" aria-level=\"1\"><span style=\"font-weight: 400;\">2 x poches \u00e0 velcro sur le devant pour les couteaux de poche, le portable, les ustensiles d\u2019\u00e9criture<\/span><\/li>\n<li style=\"font-weight: 400;\" aria-level=\"1\"><span style=\"font-weight: 400;\">Taille \u00e9lastique pour un meilleur ajustement&nbsp;<\/span><\/li>\n<li style=\"font-weight: 400;\" aria-level=\"1\"><span style=\"font-weight: 400;\">Tailles: S, M, L, XL&nbsp;<\/span><\/li>\n<li style=\"font-weight: 400;\" aria-level=\"1\"><span style=\"font-weight: 400;\">Ajustement normal<\/span><\/li>\n<li style=\"font-weight: 400;\" aria-level=\"1\"><span style=\"font-weight: 400;\">Poids: 460 g<\/span><\/li>\n<\/ul>\n","protected":false},"excerpt":{"rendered":"<p><span style=\"font-weight: 400;\">Ce pantalon cargo ripstop tactique de couleur olive offre un confort optimal. Durable et ind\u00e9chirable. Fabriqu\u00e9 avec 65 % polyester et 35 % coton 220 gsm. Braguette avec fermeture \u00e9clair et bouton, deux poches revolver avec compartiment \u00e0 velcro et \u00e0 crayon ainsi que deux poches avant droite \/ gauche avec support en plastique pour attacher un trousseau de cl\u00e9s et plus encore. De plus, il y a une poche sur la jambe avec fermeture \u00e9clair et une poche velcro sur le c\u00f4t\u00e9 droit \/ gauche pour les ustensiles d\u2019\u00e9criture, le couteau de poche, le t\u00e9l\u00e9phone portable. Le pantalon est \u00e9quip\u00e9 d\u2019un \u00e9lastique \u00e0 l\u2019arri\u00e8re de la ceinture, offrant ainsi un ajustement encore meilleur. Les passants de ceinture de 5 cm permettent \u00e9galement d\u2019utiliser facilement des ceintures un peu plus larges.<\/span><\/p>\n","protected":false},"featured_media":151031,"comment_status":"closed","ping_status":"closed","template":"","meta":{"inline_featured_image":false},"product_brand":[],"product_cat":[1579,2189],"product_tag":[],"class_list":{"0":"post-151086","1":"product","2":"type-product","3":"status-publish","4":"has-post-thumbnail","6":"product_cat-chemises","7":"product_cat-vetementsdeloisirs","9":"first","10":"instock","11":"taxable","12":"shipping-taxable","13":"purchasable","14":"product-type-simple"},"_links":{"self":[{"href":"https:\/\/metal-badge.ch\/fr\/wp-json\/wp\/v2\/product\/151086","targetHints":{"allow":["GET"]}}],"collection":[{"href":"https:\/\/metal-badge.ch\/fr\/wp-json\/wp\/v2\/product"}],"about":[{"href":"https:\/\/metal-badge.ch\/fr\/wp-json\/wp\/v2\/types\/product"}],"replies":[{"embeddable":true,"href":"https:\/\/metal-badge.ch\/fr\/wp-json\/wp\/v2\/comments?post=151086"}],"wp:featuredmedia":[{"embeddable":true,"href":"https:\/\/metal-badge.ch\/fr\/wp-json\/wp\/v2\/media\/151031"}],"wp:attachment":[{"href":"https:\/\/metal-badge.ch\/fr\/wp-json\/wp\/v2\/media?parent=151086"}],"wp:term":[{"taxonomy":"product_brand","embeddable":true,"href":"https:\/\/metal-badge.ch\/fr\/wp-json\/wp\/v2\/product_brand?post=151086"},{"taxonomy":"product_cat","embeddable":true,"href":"https:\/\/metal-badge.ch\/fr\/wp-json\/wp\/v2\/product_cat?post=151086"},{"taxonomy":"product_tag","embeddable":true,"href":"https:\/\/metal-badge.ch\/fr\/wp-json\/wp\/v2\/product_tag?post=151086"}],"curies":[{"name":"wp","href":"https:\/\/api.w.org\/{rel}","templated":true}]}}