{"id":150978,"date":"2025-07-30T01:34:47","date_gmt":"2025-07-29T23:34:48","guid":{"rendered":"https:\/\/metal-badge.ch\/?post_type=product&#038;p=150978"},"modified":"2025-07-31T06:52:52","modified_gmt":"2025-07-31T04:52:52","slug":"pantalon-dintervention-tactique-elastique-noir","status":"publish","type":"product","link":"https:\/\/metal-badge.ch\/fr\/product\/150978\/pantalon-dintervention-tactique-elastique-noir\/","title":{"rendered":"Pantalon d\u2019intervention tactique \u00e9lastique noir"},"content":{"rendered":"<p><span style=\"font-weight: 400;\">Notre pantalon d&rsquo;intervention tactique est le choix id\u00e9al pour le personnel de s\u00e9curit\u00e9 et les forces d&rsquo;intervention actives. Fabriqu\u00e9 dans un m\u00e9lange de nylon et d&rsquo;\u00e9lasthanne de haute qualit\u00e9, il est tr\u00e8s extensible et confortable. D\u00e9velopp\u00e9 pour r\u00e9pondre \u00e0 des exigences \u00e9lev\u00e9es.<\/span><\/p>\n<p><span style=\"font-weight: 400;\">Ce pantalon d&rsquo;intervention noir offre un confort optimal. Durable et r\u00e9sistant \u00e0 la d\u00e9chirure. Fabriqu\u00e9 en 90&nbsp;% nylon et 10&nbsp;% \u00e9lasthanne 160 gsm. Braguette \u00e0 fermeture \u00e9clair et bouton, quatre poches arri\u00e8re, deux poches avant droite\/gauche. Le pantalon comporte aussi une poche sur la jambe avec une fermeture \u00e9clair de chaque c\u00f4t\u00e9. Le pantalon est muni d&rsquo;un \u00e9lastique de chaque c\u00f4t\u00e9 de la taille pour garantir un ajustement parfait. Les passants de ceinture de 5 cm permettent d&rsquo;enfiler facilement des ceintures larges.<\/span><span style=\"font-weight: 400;\"> Nous disposons \u00e9galement d\u2019une chemise \u00e0 manches longues assortie \u00e0 ce pantalon, voir en suivant le lien&nbsp;:<\/span><a href=\"https:\/\/metal-badge.ch\/fr\/product\/150974\/t-shirt-dintervention-tactique-noir-a-manches-longues\/\" target=\"_blank\" rel=\"noopener\"><span style=\"font-weight: 400;\"> T-shirt d\u2019intervention tactique noir \u00e0 manches longues<\/span><\/a><\/p>\n<p><b>Informations sur le produit&nbsp;:&nbsp;<\/b><\/p>\n<ul>\n<li><span style=\"font-weight: 400;\">Mati\u00e8re&nbsp;: 90&nbsp;% nylon, 10&nbsp;% \u00e9lasthanne<\/span><\/li>\n<li><span style=\"font-weight: 400;\">Mat\u00e9riau int\u00e9rieur&nbsp;: Tissu en maille fine 100&nbsp;% polyester absorbant la transpiration<\/span><\/li>\n<li><span style=\"font-weight: 400;\">Mod\u00e8le&nbsp;: FP22225<\/span><\/li>\n<li><span style=\"font-weight: 400;\">Couleur&nbsp;: noir&nbsp;<\/span><\/li>\n<li><span style=\"font-weight: 400;\">GSM&nbsp;: 160 g\/m<\/span><span style=\"font-weight: 400;\">2<\/span><\/li>\n<li><span style=\"font-weight: 400;\">Facile d\u2019entretien<\/span><\/li>\n<li><span style=\"font-weight: 400;\">Tr\u00e8s confortable et agr\u00e9able \u00e0 porter<\/span><\/li>\n<li><span style=\"font-weight: 400;\">4 poches arri\u00e8re, deux poches lat\u00e9rales et 2 poches plaqu\u00e9es&nbsp;<\/span><\/li>\n<li><span style=\"font-weight: 400;\">2 poches avant, droite \/ gauche<\/span><\/li>\n<li><span style=\"font-weight: 400;\">2 poches \u00e9lastiques \u00e0 droite \u00e0 l\u2019avant, pour couteaux ou lampes&nbsp;<\/span><\/li>\n<li><span style=\"font-weight: 400;\">2 poches sur les jambes avec fermeture \u00e9clair, \u00e9lastiques largeur de 15 cm x hauteur de 20 cm<\/span><\/li>\n<li><span style=\"font-weight: 400;\">\u00c9lastique lat\u00e9ral \u00e0 la taille pour un meilleur ajustement&nbsp;<\/span><\/li>\n<li><span style=\"font-weight: 400;\">Tailles&nbsp;: Small 30, Medium 32, Large 34, XLarge 36, 2XL 38, 3XL 40<\/span><\/li>\n<li><span style=\"font-weight: 400;\">Ajustement normal<\/span><\/li>\n<li><span style=\"font-weight: 400;\">Poids&nbsp;: 410 g.<\/span><\/li>\n<\/ul>\n","protected":false},"excerpt":{"rendered":"<p><span style=\"font-weight: 400;\">Notre pantalon d&rsquo;intervention tactique est le choix id\u00e9al pour le personnel de s\u00e9curit\u00e9 et les forces d&rsquo;intervention actives. Fabriqu\u00e9 dans un m\u00e9lange de nylon et d&rsquo;\u00e9lasthanne de haute qualit\u00e9, il est tr\u00e8s extensible et confortable. D\u00e9velopp\u00e9 pour r\u00e9pondre \u00e0 des exigences \u00e9lev\u00e9es.<\/span><\/p>\n<p><span style=\"font-weight: 400;\">Ce pantalon d&rsquo;intervention noir offre un confort optimal. Durable et r\u00e9sistant \u00e0 la d\u00e9chirure. Fabriqu\u00e9 en 90&nbsp;% nylon et 10&nbsp;% \u00e9lasthanne 160 gsm. Braguette \u00e0 fermeture \u00e9clair et bouton, quatre poches arri\u00e8re, deux poches avant droite\/gauche. Le pantalon comporte aussi une poche sur la jambe avec une fermeture \u00e9clair de chaque c\u00f4t\u00e9. Le pantalon est muni d&rsquo;un \u00e9lastique de chaque c\u00f4t\u00e9 de la taille pour garantir un ajustement parfait. Les passants de ceinture de 5 cm permettent d&rsquo;enfiler facilement des ceintures larges.<\/span><span style=\"font-weight: 400;\"> Nous disposons \u00e9galement d\u2019une chemise \u00e0 manches longues assortie \u00e0 ce pantalon, voir en suivant le lien&nbsp;:<\/span><a href=\"https:\/\/metal-badge.ch\/fr\/product\/150974\/t-shirt-dintervention-tactique-noir-a-manches-longues\/\" target=\"_blank\" rel=\"noopener\"><span style=\"font-weight: 400;\"> T-shirt d\u2019intervention tactique noir \u00e0 manches longues<\/span><\/a><\/p>\n","protected":false},"featured_media":150982,"comment_status":"closed","ping_status":"closed","template":"","meta":{"inline_featured_image":false},"product_brand":[],"product_cat":[2189,1614],"product_tag":[],"class_list":{"0":"post-150978","1":"product","2":"type-product","3":"status-publish","4":"has-post-thumbnail","6":"product_cat-vetementsdeloisirs","7":"product_cat-pantalons-et-shorts","9":"first","10":"instock","11":"taxable","12":"shipping-taxable","13":"purchasable","14":"product-type-simple"},"_links":{"self":[{"href":"https:\/\/metal-badge.ch\/fr\/wp-json\/wp\/v2\/product\/150978","targetHints":{"allow":["GET"]}}],"collection":[{"href":"https:\/\/metal-badge.ch\/fr\/wp-json\/wp\/v2\/product"}],"about":[{"href":"https:\/\/metal-badge.ch\/fr\/wp-json\/wp\/v2\/types\/product"}],"replies":[{"embeddable":true,"href":"https:\/\/metal-badge.ch\/fr\/wp-json\/wp\/v2\/comments?post=150978"}],"wp:featuredmedia":[{"embeddable":true,"href":"https:\/\/metal-badge.ch\/fr\/wp-json\/wp\/v2\/media\/150982"}],"wp:attachment":[{"href":"https:\/\/metal-badge.ch\/fr\/wp-json\/wp\/v2\/media?parent=150978"}],"wp:term":[{"taxonomy":"product_brand","embeddable":true,"href":"https:\/\/metal-badge.ch\/fr\/wp-json\/wp\/v2\/product_brand?post=150978"},{"taxonomy":"product_cat","embeddable":true,"href":"https:\/\/metal-badge.ch\/fr\/wp-json\/wp\/v2\/product_cat?post=150978"},{"taxonomy":"product_tag","embeddable":true,"href":"https:\/\/metal-badge.ch\/fr\/wp-json\/wp\/v2\/product_tag?post=150978"}],"curies":[{"name":"wp","href":"https:\/\/api.w.org\/{rel}","templated":true}]}}