{"id":150974,"date":"2025-07-30T01:00:36","date_gmt":"2025-07-29T23:00:36","guid":{"rendered":"https:\/\/metal-badge.ch\/product\/150974\/t-shirt-dintervention-tactique-noir-a-manches-longues\/"},"modified":"2025-07-30T02:05:13","modified_gmt":"2025-07-30T00:05:13","slug":"t-shirt-dintervention-tactique-noir-a-manches-longues","status":"publish","type":"product","link":"https:\/\/metal-badge.ch\/fr\/product\/150974\/t-shirt-dintervention-tactique-noir-a-manches-longues\/","title":{"rendered":"T-shirt d&rsquo;intervention tactique noir \u00e0 manches longues"},"content":{"rendered":"<p><span style=\"font-weight: 400;\">Notre t-shirt d&rsquo;intervention tactique est le choix id\u00e9al pour le personnel de s\u00e9curit\u00e9 et les forces d&rsquo;intervention actives. Fabriqu\u00e9 dans un m\u00e9lange de nylon et d&rsquo;\u00e9lasthanne de haute qualit\u00e9, ce t-shirt est tr\u00e8s extensible et confortable. Comme le pantalon qui l&rsquo;accompagne, ce t-shirt d&rsquo;intervention a \u00e9t\u00e9 con\u00e7u pour r\u00e9pondre aux exigences les plus \u00e9lev\u00e9es. Ce t-shirt d&rsquo;intervention noir offre un confort optimal. Durable et r\u00e9sistant \u00e0 la d\u00e9chirure. Fabriqu\u00e9 en 90&nbsp;% nylon et 10&nbsp;% \u00e9lasthanne 160 gsm. Notre t-shirt d&rsquo;intervention est \u00e9quip\u00e9 de velcro aux extr\u00e9mit\u00e9s des manches, ce qui permet de l&rsquo;ajuster facilement. Le col peut \u00eatre relev\u00e9 et est muni d&rsquo;une fermeture \u00e9clair. Sur la partie sup\u00e9rieure de la manche droite, un velcro de 10 x 7 cm est pr\u00e9vu pour fixer des badges. La manche gauche comporte une poche zipp\u00e9e de 10 x 10 cm pour diff\u00e9rents petits accessoires. De plus, deux poches sur la manche gauche permettent de ranger de petites lampes, des stylos, etc.&nbsp;<\/span><\/p>\n<p><span style=\"font-weight: 400;\">Nous disposons \u00e9galement d&rsquo;un pantalon assorti \u00e0 ce t-shirt d&rsquo;intervention. Voir le lien ici. <a href=\"https:\/\/metal-badge.ch\/fr\/product\/150978\/pantalon-dintervention-tactique-elastique-noir\/\" target=\"_blank\" rel=\"noopener\">Pantalon d\u2019intervention tactique \u00e9lastique noir<\/a><\/span><\/p>\n<p><b>Informations sur le produit&nbsp;:&nbsp;<\/b><\/p>\n<ul>\n<li><span style=\"font-weight: 400;\">Mati\u00e8re&nbsp;: 90&nbsp;% nylon, 10&nbsp;% \u00e9lasthanne<\/span><\/li>\n<li><span style=\"font-weight: 400;\">Mat\u00e9riau int\u00e9rieur&nbsp;: Tissu en maille fine 100&nbsp;% polyester absorbant la transpiration<\/span><\/li>\n<li><span style=\"font-weight: 400;\">Mod\u00e8le&nbsp;: FW22041-A<\/span><\/li>\n<li><span style=\"font-weight: 400;\">Couleur&nbsp;: noir&nbsp;<\/span><\/li>\n<li><span style=\"font-weight: 400;\">GSM&nbsp;: 160 g\/m<\/span><span style=\"font-weight: 400;\">2<\/span><\/li>\n<li><span style=\"font-weight: 400;\">Facile d\u2019entretien<\/span><\/li>\n<li><span style=\"font-weight: 400;\">Tr\u00e8s confortable et agr\u00e9able \u00e0 porter<\/span><\/li>\n<li><span style=\"font-weight: 400;\">1 velcro velours sur la manche droite de 10 x 7 cm pour fixer des badges&nbsp;<\/span><\/li>\n<li><span style=\"font-weight: 400;\">1 poche \u00e0 fermeture \u00e9clair sur la manche gauche de 10 x 10 cm pour de petits objets<\/span><\/li>\n<li><span style=\"font-weight: 400;\">2 poches sur la manche gauche pour lampes, stylos, etc.&nbsp;<\/span><\/li>\n<li><span style=\"font-weight: 400;\">2 extr\u00e9mit\u00e9s de manches \u00e9quip\u00e9es de velcro pour le r\u00e9glage<\/span><\/li>\n<li><span style=\"font-weight: 400;\">Col avec fermeture \u00e9clair pour \u00eatre relev\u00e9&nbsp;<\/span><\/li>\n<li><span style=\"font-weight: 400;\">Tailles&nbsp;: Small, Medium, Large, XLarge, 2XL, 3XL&nbsp;<\/span><\/li>\n<li><span style=\"font-weight: 400;\">Ajustement normal, \u00e9lastique&nbsp;<\/span><\/li>\n<li><span style=\"font-weight: 400;\">Poids&nbsp;: 350 g<\/span><\/li>\n<\/ul>\n","protected":false},"excerpt":{"rendered":"<p><span style=\"font-weight: 400;\">Notre t-shirt d&rsquo;intervention tactique est le choix id\u00e9al pour le personnel de s\u00e9curit\u00e9 et les forces d&rsquo;intervention actives. Fabriqu\u00e9 dans un m\u00e9lange de nylon et d&rsquo;\u00e9lasthanne de haute qualit\u00e9, ce t-shirt est tr\u00e8s extensible et confortable. Comme le pantalon qui l&rsquo;accompagne, ce t-shirt d&rsquo;intervention a \u00e9t\u00e9 con\u00e7u pour r\u00e9pondre aux exigences les plus \u00e9lev\u00e9es. Ce t-shirt d&rsquo;intervention noir offre un confort optimal. Durable et r\u00e9sistant \u00e0 la d\u00e9chirure. Fabriqu\u00e9 en 90&nbsp;% nylon et 10&nbsp;% \u00e9lasthanne 160 gsm. Notre t-shirt d&rsquo;intervention est \u00e9quip\u00e9 de velcro aux extr\u00e9mit\u00e9s des manches, ce qui permet de l&rsquo;ajuster facilement. Le col peut \u00eatre relev\u00e9 et est muni d&rsquo;une fermeture \u00e9clair. Sur la partie sup\u00e9rieure de la manche droite, un velcro de 10 x 7 cm est pr\u00e9vu pour fixer des badges. La manche gauche comporte une poche zipp\u00e9e de 10 x 10 cm pour diff\u00e9rents petits accessoires. De plus, deux poches sur la manche gauche permettent de ranger de petites lampes, des stylos, etc.&nbsp;<\/span><\/p>\n<p><span style=\"font-weight: 400;\">Nous disposons \u00e9galement d&rsquo;un pantalon assorti \u00e0 ce t-shirt d&rsquo;intervention. Voir le lien ici. <a href=\"https:\/\/metal-badge.ch\/fr\/product\/150978\/pantalon-dintervention-tactique-elastique-noir\/\" target=\"_blank\" rel=\"noopener\">Pantalon d\u2019intervention tactique \u00e9lastique noir<\/a><\/span><\/p>\n","protected":false},"featured_media":150923,"comment_status":"closed","ping_status":"closed","template":"","meta":{"inline_featured_image":false},"product_brand":[],"product_cat":[1579,2189],"product_tag":[],"class_list":{"0":"post-150974","1":"product","2":"type-product","3":"status-publish","4":"has-post-thumbnail","6":"product_cat-chemises","7":"product_cat-vetementsdeloisirs","9":"first","10":"instock","11":"taxable","12":"shipping-taxable","13":"purchasable","14":"product-type-simple"},"_links":{"self":[{"href":"https:\/\/metal-badge.ch\/fr\/wp-json\/wp\/v2\/product\/150974","targetHints":{"allow":["GET"]}}],"collection":[{"href":"https:\/\/metal-badge.ch\/fr\/wp-json\/wp\/v2\/product"}],"about":[{"href":"https:\/\/metal-badge.ch\/fr\/wp-json\/wp\/v2\/types\/product"}],"replies":[{"embeddable":true,"href":"https:\/\/metal-badge.ch\/fr\/wp-json\/wp\/v2\/comments?post=150974"}],"wp:featuredmedia":[{"embeddable":true,"href":"https:\/\/metal-badge.ch\/fr\/wp-json\/wp\/v2\/media\/150923"}],"wp:attachment":[{"href":"https:\/\/metal-badge.ch\/fr\/wp-json\/wp\/v2\/media?parent=150974"}],"wp:term":[{"taxonomy":"product_brand","embeddable":true,"href":"https:\/\/metal-badge.ch\/fr\/wp-json\/wp\/v2\/product_brand?post=150974"},{"taxonomy":"product_cat","embeddable":true,"href":"https:\/\/metal-badge.ch\/fr\/wp-json\/wp\/v2\/product_cat?post=150974"},{"taxonomy":"product_tag","embeddable":true,"href":"https:\/\/metal-badge.ch\/fr\/wp-json\/wp\/v2\/product_tag?post=150974"}],"curies":[{"name":"wp","href":"https:\/\/api.w.org\/{rel}","templated":true}]}}