{"id":150910,"date":"2025-07-29T21:45:57","date_gmt":"2025-07-29T19:45:58","guid":{"rendered":"https:\/\/metal-badge.ch\/?post_type=product&#038;p=150910"},"modified":"2025-07-29T21:59:45","modified_gmt":"2025-07-29T19:59:45","slug":"uniforme-de-travail-pour-les-services-de-securite-en-bleu","status":"publish","type":"product","link":"https:\/\/metal-badge.ch\/fr\/product\/150910\/uniforme-de-travail-pour-les-services-de-securite-en-bleu\/","title":{"rendered":"Uniforme de travail pour les services de s\u00e9curit\u00e9 en bleu"},"content":{"rendered":"<p><span style=\"font-weight: 400;\">Cet uniforme de travail professionnel a \u00e9t\u00e9 sp\u00e9cialement con\u00e7u pour les prestataires de services de s\u00e9curit\u00e9 qui exigent le meilleur de leurs v\u00eatements, en int\u00e9rieur comme en ext\u00e9rieur. L&rsquo;ensemble compos\u00e9 d&rsquo;un pantalon, d&rsquo;une chemise et d&rsquo;une casquette combine fonctionnalit\u00e9, confort et durabilit\u00e9. Fabriqu\u00e9 en tissu nylon \/ \u00e9lasthanne, l&rsquo;ensemble offre une excellente r\u00e9sistance \u00e0 l&rsquo;usure et une grande \u00e9lasticit\u00e9 pour une libert\u00e9 de mouvement maximale. Gr\u00e2ce \u00e0 son \u00e9lasticit\u00e9, l&rsquo;uniforme de travail est tr\u00e8s agr\u00e9able \u00e0 porter et bien ajust\u00e9, ce qui lui assure une apparence professionnelle. Durabilit\u00e9 et entretien&nbsp;: Le nylon n&rsquo;est pas seulement robuste, mais aussi facile \u00e0 entretenir. L&rsquo;uniforme est facile \u00e0 nettoyer ; il conserve sa forme et sa fonctionnalit\u00e9 m\u00eame apr\u00e8s un usage fr\u00e9quent.<\/span><\/p>\n<p><b>Informations sur le produit&nbsp;:&nbsp;<\/b><\/p>\n<ul>\n<li><span style=\"font-weight: 400;\">D\u00e9signation&nbsp;: R56 Rescue<\/span><\/li>\n<li><span style=\"font-weight: 400;\">Uniforme de travail pour services de s\u00e9curit\u00e9&nbsp;: pantalon, chemise, casquette<\/span><\/li>\n<li><span style=\"font-weight: 400;\">Parfait pour une utilisation quotidienne des services de s\u00e9curit\u00e9&nbsp;:fonctionnel, robuste et confortable<\/span><\/li>\n<li><span style=\"font-weight: 400;\">Polyvalence&nbsp;: Id\u00e9al pour les patrouilles de surveillance, la protection d&rsquo;objets et la s\u00e9curisation d&rsquo;\u00e9v\u00e9nements<\/span><\/li>\n<li><span style=\"font-weight: 400;\">Couleur&nbsp;: bleu&nbsp;<\/span><\/li>\n<li><span style=\"font-weight: 400;\">Mati\u00e8re&nbsp;: 87&nbsp;% nylon \/ 13&nbsp;% \u00e9lasthanne&nbsp;<\/span><\/li>\n<li><span style=\"font-weight: 400;\">R\u00e9sistant, ind\u00e9chirable et facile d&rsquo;entretien<\/span><\/li>\n<li><span style=\"font-weight: 400;\">Confort&nbsp;: Tissu \u00e9lastique pour une grande flexibilit\u00e9 et libert\u00e9 de mouvement<\/span><\/li>\n<li><span style=\"font-weight: 400;\">Tissu extensible&nbsp;<\/span><\/li>\n<li><span style=\"font-weight: 400;\">GSM&nbsp;: 155 g\/m<\/span><span style=\"font-weight: 400;\">2<\/span><span style=\"font-weight: 400;\">&nbsp;<\/span><\/li>\n<li><span style=\"font-weight: 400;\">\u00c9tanche<\/span><\/li>\n<li><span style=\"font-weight: 400;\">Facile d&rsquo;entretien et lavable en machine \u00e0 40\u00b0<\/span><\/li>\n<\/ul>\n<p><b>Chemise d&rsquo;uniforme&nbsp;:<\/b><span style=\"font-weight: 400;\">&nbsp;<\/span><\/p>\n<ul>\n<li><span style=\"font-weight: 400;\">La chemise avec beaucoup de d\u00e9tails suppl\u00e9mentaires<\/span><\/li>\n<li><span style=\"font-weight: 400;\">T-shirt \u00e0 manches longues noir \u00e9lastique pour un confort optimal<\/span><span style=\"font-weight: 400;\"><br \/>\n<\/span><\/li>\n<li><span style=\"font-weight: 400;\">Velcro velours 5 cm x 7 cm sur la manche droite&nbsp;<\/span><\/li>\n<li><span style=\"font-weight: 400;\">Velcro velours 5 cm x 7 cm sur la manche gauche&nbsp;<\/span><\/li>\n<li><span style=\"font-weight: 400;\">Passants sous les aisselles pour insignes, etc.&nbsp;<\/span><\/li>\n<li><span style=\"font-weight: 400;\">Extr\u00e9mit\u00e9s des manches r\u00e9glables avec 2 boutons<\/span><\/li>\n<li><span style=\"font-weight: 400;\">Col montant \/ rabattu&nbsp;<\/span><\/li>\n<li><span style=\"font-weight: 400;\">Grande poche sur la poitrine avec fermeture velcro \u00e0 gauche<\/span><\/li>\n<li><span style=\"font-weight: 400;\">Grande poche sur la poitrine avec fermeture \u00e9clair verticale \u00e9tanche&nbsp;<\/span><\/li>\n<li><span style=\"font-weight: 400;\">Velcro velours au dos 26 x 6 cm&nbsp;<\/span><\/li>\n<li><span style=\"font-weight: 400;\">Velcro velours \u00e0 gauche pour noms 7 x 2,5 cm<\/span><\/li>\n<li><span style=\"font-weight: 400;\">Support \u00e0 gauche pour stylo ou support radio&nbsp;<\/span><\/li>\n<li><span style=\"font-weight: 400;\">Patte de boutonnage avec 7 boutons<\/span><\/li>\n<\/ul>\n<p><b>Pantalon d&rsquo;uniforme&nbsp;:<\/b><\/p>\n<ul>\n<li><span style=\"font-weight: 400;\">Couleur&nbsp;: bleu<\/span><\/li>\n<li><span style=\"font-weight: 400;\">\u00e9lastique avec bonne coupe<\/span><span style=\"font-weight: 400;\"><br \/>\n<\/span><\/li>\n<li><span style=\"font-weight: 400;\">2 grandes poches arri\u00e8res avec fermeture par velcro<\/span><span style=\"font-weight: 400;\"><br \/>\n<\/span><\/li>\n<li><span style=\"font-weight: 400;\">2 grandes poches frontales int\u00e9gr\u00e9es<\/span><b>&nbsp;<\/b><\/li>\n<li><span style=\"font-weight: 400;\">2 grandes poches sur les jambes avec fermeture \u00e0 velcro<\/span><\/li>\n<li><span style=\"font-weight: 400;\">2 poches lat\u00e9rales droites ouvertes sur la jambe pour les lampes ou les stylos<\/span><span style=\"font-weight: 400;\"><br \/>\n<\/span><\/li>\n<li><span style=\"font-weight: 400;\">Bas de jambe&nbsp;:&nbsp;Avec fermeture velcro pour r\u00e9glage individuel<\/span><\/li>\n<li><span style=\"font-weight: 400;\">Braguette avec bouton \u00e0 pression et fermeture \u00e9clair<\/span><span style=\"font-weight: 400;\"><br \/>\n<\/span><\/li>\n<li><span style=\"font-weight: 400;\">5 passants pour ceinture de 5,5 cm de hauteur<\/span><\/li>\n<li><span style=\"font-weight: 400;\">2 anneaux en plastique pour y accrocher un trousseau de cl\u00e9s, etc.&nbsp;<\/span><\/li>\n<li><span style=\"font-weight: 400;\">Ceinture de pantalon r\u00e9glable lat\u00e9ralement par velcro et \u00e9lasthanne<\/span><\/li>\n<li><span style=\"font-weight: 400;\">En suppl\u00e9ment&nbsp;:&nbsp;Le pantalon d&rsquo;uniforme et la chemise sont livr\u00e9s avec une casquette r\u00e9glable, \u00e9galement \u00e9quip\u00e9e d&rsquo;un velcro velours pour la fixation de badges.<\/span><\/li>\n<\/ul>\n<p><b>Casquette&nbsp;:<\/b><b><br \/>\n<\/b><\/p>\n<ul>\n<li><span style=\"font-weight: 400;\">Taille&nbsp;:&nbsp;r\u00e9glable<\/span><span style=\"font-weight: 400;\"><br \/>\n<\/span><\/li>\n<li><span style=\"font-weight: 400;\">Particularit\u00e9&nbsp;:&nbsp;Velcro velours \u00e0 l&rsquo;avant pour la fixation de badges<\/span><\/li>\n<\/ul>\n<p><b><i>Ce pantalon d&rsquo;uniforme avec chemise et casquette est le choix parfait pour tous ceux qui accordent de l&rsquo;importance \u00e0 la fonctionnalit\u00e9, au confort et \u00e0 l&rsquo;aspect professionnel. Id\u00e9al pour une utilisation dans le domaine de la s\u00e9curit\u00e9.<\/i><\/b><\/p>\n<ul>\n<li><span style=\"font-weight: 400;\">Poids&nbsp;: Pantalon avec chemise et casquette&nbsp;: env. 850 g en taille L<\/span><\/li>\n<li><span style=\"font-weight: 400;\">Tailles pour l\u2019Asie&nbsp;:&nbsp; L, XL, 2XL, 3XL, 4XL, 5XL&nbsp;<\/span><\/li>\n<\/ul>\n","protected":false},"excerpt":{"rendered":"<p><span style=\"font-weight: 400;\">Cet uniforme de travail professionnel a \u00e9t\u00e9 sp\u00e9cialement con\u00e7u pour les prestataires de services de s\u00e9curit\u00e9 qui exigent le meilleur de leurs v\u00eatements, en int\u00e9rieur comme en ext\u00e9rieur. L&rsquo;ensemble compos\u00e9 d&rsquo;un pantalon, d&rsquo;une chemise et d&rsquo;une casquette combine fonctionnalit\u00e9, confort et durabilit\u00e9. Fabriqu\u00e9 en tissu nylon \/ \u00e9lasthanne, l&rsquo;ensemble offre une excellente r\u00e9sistance \u00e0 l&rsquo;usure et une grande \u00e9lasticit\u00e9 pour une libert\u00e9 de mouvement maximale. Gr\u00e2ce \u00e0 son \u00e9lasticit\u00e9, l&rsquo;uniforme de travail est tr\u00e8s agr\u00e9able \u00e0 porter et bien ajust\u00e9, ce qui lui assure une apparence professionnelle. Durabilit\u00e9 et entretien&nbsp;: Le nylon n&rsquo;est pas seulement robuste, mais aussi facile \u00e0 entretenir. L&rsquo;uniforme est facile \u00e0 nettoyer ; il conserve sa forme et sa fonctionnalit\u00e9 m\u00eame apr\u00e8s un usage fr\u00e9quent.<\/span><\/p>\n","protected":false},"featured_media":150914,"comment_status":"closed","ping_status":"closed","template":"","meta":{"inline_featured_image":false},"product_brand":[],"product_cat":[1579,1614,1103],"product_tag":[],"class_list":{"0":"post-150910","1":"product","2":"type-product","3":"status-publish","4":"has-post-thumbnail","6":"product_cat-chemises","7":"product_cat-pantalons-et-shorts","8":"product_cat-vetements","10":"first","11":"instock","12":"taxable","13":"shipping-taxable","14":"purchasable","15":"product-type-simple"},"_links":{"self":[{"href":"https:\/\/metal-badge.ch\/fr\/wp-json\/wp\/v2\/product\/150910","targetHints":{"allow":["GET"]}}],"collection":[{"href":"https:\/\/metal-badge.ch\/fr\/wp-json\/wp\/v2\/product"}],"about":[{"href":"https:\/\/metal-badge.ch\/fr\/wp-json\/wp\/v2\/types\/product"}],"replies":[{"embeddable":true,"href":"https:\/\/metal-badge.ch\/fr\/wp-json\/wp\/v2\/comments?post=150910"}],"wp:featuredmedia":[{"embeddable":true,"href":"https:\/\/metal-badge.ch\/fr\/wp-json\/wp\/v2\/media\/150914"}],"wp:attachment":[{"href":"https:\/\/metal-badge.ch\/fr\/wp-json\/wp\/v2\/media?parent=150910"}],"wp:term":[{"taxonomy":"product_brand","embeddable":true,"href":"https:\/\/metal-badge.ch\/fr\/wp-json\/wp\/v2\/product_brand?post=150910"},{"taxonomy":"product_cat","embeddable":true,"href":"https:\/\/metal-badge.ch\/fr\/wp-json\/wp\/v2\/product_cat?post=150910"},{"taxonomy":"product_tag","embeddable":true,"href":"https:\/\/metal-badge.ch\/fr\/wp-json\/wp\/v2\/product_tag?post=150910"}],"curies":[{"name":"wp","href":"https:\/\/api.w.org\/{rel}","templated":true}]}}