{"id":150754,"date":"2025-07-29T20:11:02","date_gmt":"2025-07-29T18:11:02","guid":{"rendered":"https:\/\/metal-badge.ch\/?post_type=product&#038;p=150754"},"modified":"2025-07-29T20:27:52","modified_gmt":"2025-07-29T18:27:52","slug":"gilet-tactique-jaune-fluo-orange","status":"publish","type":"product","link":"https:\/\/metal-badge.ch\/fr\/product\/150754\/gilet-tactique-jaune-fluo-orange\/","title":{"rendered":"Gilet tactique jaune fluo \/ orange"},"content":{"rendered":"<p><span style=\"font-weight: 400;\">Gilet tactique jaune\/orange en maille polyester robuste 425 GSM, mat\u00e9riau de base et tissu nylon 1000 deniers avec rev\u00eatement PU hydrofuge&nbsp;; compte de nombreux extras. Le gilet est disponible en plusieurs tailles et peut \u00eatre ferm\u00e9 \u00e0 l&rsquo;avant par une fermeture \u00e9clair YKK. Le dos du gilet est \u00e9quip\u00e9 d&rsquo;une large bande velcro, de sorte que les panneaux en velcro puissent <\/span><b>SECURITY \/ POLICE \/ Rettungsdienst \/ PARAMEDIC \/ FEUERWEHR \/ Notarzt<\/b><span style=\"font-weight: 400;\">, etc., puissent \u00eatre facilement plac\u00e9s ou enlev\u00e9s Les dimensions du velcro de fixation au dos sont de 30 cm x 10 cm. Deux fixations velcro de 12 cm x 4 cm pour nos panneaux <\/span><b>SECURITY \/ POLICE \/ Rettungsdienst \/ PARAMEDIC \/ FEUERWEHR \/ Notarzt<\/b><span style=\"font-weight: 400;\">, etc., figurent \u00e9galement \u00e0 l&rsquo;avant, sur la poitrine. La partie inf\u00e9rieure du gilet est \u00e9quip\u00e9e de diff\u00e9rentes poches. Le gilet est \u00e9quip\u00e9 d&rsquo;un total de 4 poches multifonctionnelles \u00e0 l&rsquo;avant ainsi que d&rsquo;une poche radio universelle, qui peut \u00eatre r\u00e9gl\u00e9e pour votre radio par velcro ainsi qu\u2019\u00e0 l\u2019aide d\u2019un bouton-pression et d\u2019\u00e9lastiques. De plus, un dispositif avec une boucle, un support et un bouton-pression pour lampe de poche ou pour tout autre accessoire est fix\u00e9 \u00e0 une poche appos\u00e9e. Les deux poches inf\u00e9rieures sont dot\u00e9es de fermetures \u00e9clair sur tout le pourtour. Les deux poches sont con\u00e7ues comme des poches \u00e0 m\u00e9dicaments, etc. et sont \u00e9quip\u00e9es de nombreuses petites fixations \u00e9lastiques et de compartiments.<\/span><\/p>\n<p><span style=\"font-weight: 400;\">De plus, des compartiments de rangement sont plac\u00e9s sur les deux poches. Une poche de fixation avec un compartiment suppl\u00e9mentaire \u00e0 fixation velcro se trouve \u00e0 l\u2019ext\u00e9rieur. Deux grands emplacements de rangement de cartes ou compartiments pour pistolets des deux c\u00f4t\u00e9s, pour les utilisateurs gauchers et droitiers, sont fix\u00e9s \u00e0 l&rsquo;avant avec des fermetures \u00e9clair, sous les poches, et sont facilement accessibles. Des attaches rapides sont appos\u00e9es \u00e0 l&rsquo;avant de l\u2019\u00e9paule des deux c\u00f4t\u00e9s pour le microphone, ainsi que des porte-stylos, etc. 4 anneaux en D robustes suppl\u00e9mentaires se trouvent \u00e0 l&rsquo;avant.<\/span><\/p>\n<p><span style=\"font-weight: 400;\">Vous pouvez r\u00e9gler le gilet \u00e0 votre guise au niveau des \u00e9paules et des hanches gr\u00e2ce aux fermetures velcro. Le gilet peut \u00eatre ouvert sur les c\u00f4t\u00e9s et en haut de la zone des \u00e9paules avec une fermeture velcro, ce qui permet de l&rsquo;ajuster encore mieux \u00e0 son porteur. Les fermetures velcro sur les c\u00f4t\u00e9s comptent \u00e9galement de deux poches suppl\u00e9mentaires \u00e0 l&rsquo;ext\u00e9rieur, qui sont \u00e9quip\u00e9es de fermetures \u00e9clair YKK. Une fixation rapide est appos\u00e9e \u00e0 l&rsquo;avant de l\u2019\u00e9paule pour le microphone, ainsi que des porte-stylos des deux c\u00f4t\u00e9s.<\/span><\/p>\n<p><span style=\"font-weight: 400;\">Ce gilet poss\u00e8de \u00e9galement une poign\u00e9e de transport en haut. Des bandes de s\u00e9curit\u00e9 r\u00e9fl\u00e9chissantes conformes \u00e0 la norme EN 471 sont cousues \u00e0 l&rsquo;avant et \u00e0 l&rsquo;arri\u00e8re du gilet. Cela permet de s&rsquo;assurer que son porteur est visible m\u00eame dans le noir.<\/span><\/p>\n<p><b>Informations sur le produit&nbsp;:<\/b><\/p>\n<ul>\n<li style=\"font-weight: 400;\" aria-level=\"1\"><span style=\"font-weight: 400;\">Mati\u00e8re&nbsp;: Fabriqu\u00e9 en maille polyester robuste 425 GSM&nbsp;; mat\u00e9riau de base et tissu nylon 1000 deniers avec rev\u00eatement PU hydrofuge.<\/span><\/li>\n<li style=\"font-weight: 400;\" aria-level=\"1\"><span style=\"font-weight: 400;\">Le gilet peut \u00eatre ouvert en haut de la zone des \u00e9paules et sur les c\u00f4t\u00e9s avec une fermeture velcro, ce qui permet de l&rsquo;ajuster encore mieux \u00e0 son porteur.<\/span><\/li>\n<li style=\"font-weight: 400;\" aria-level=\"1\"><span style=\"font-weight: 400;\">Poign\u00e9e de transport<\/span><\/li>\n<li style=\"font-weight: 400;\" aria-level=\"1\"><span style=\"font-weight: 400;\">Support de microphone sur l&rsquo;\u00e9paule droite<\/span><\/li>\n<li style=\"font-weight: 400;\" aria-level=\"1\"><span style=\"font-weight: 400;\">4 anneaux en D robustes \/ supports \/ porte-cl\u00e9s<\/span><\/li>\n<li style=\"font-weight: 400;\" aria-level=\"1\"><span style=\"font-weight: 400;\">Diff\u00e9rentes \u00e9querres de fixation et \u0153illets m\u00e9talliques<\/span><\/li>\n<li style=\"font-weight: 400;\" aria-level=\"1\"><span style=\"font-weight: 400;\">Avec bandes de s\u00e9curit\u00e9 r\u00e9fl\u00e9chissantes argent\u00e9es cousues<\/span><\/li>\n<li style=\"font-weight: 400;\" aria-level=\"1\"><span style=\"font-weight: 400;\">Panneaux avec inscriptions&nbsp;: Velcro amovible<\/span><\/li>\n<li style=\"font-weight: 400;\" aria-level=\"1\"><span style=\"font-weight: 400;\">1 poche radio universelle<\/span><\/li>\n<li style=\"font-weight: 400;\" aria-level=\"1\"><span style=\"font-weight: 400;\">Poches avant&nbsp;: 4 poches multifonctionnelles<\/span><\/li>\n<li style=\"font-weight: 400;\" aria-level=\"1\"><span style=\"font-weight: 400;\">2 poches \u00e0 fermeture \u00e9clair sur le velcro lat\u00e9ral \u00e0 l&rsquo;ext\u00e9rieur.<\/span><\/li>\n<li style=\"font-weight: 400;\" aria-level=\"1\"><span style=\"font-weight: 400;\">Couleur&nbsp;: jaune fluo \/ orange<\/span><\/li>\n<li style=\"font-weight: 400;\" aria-level=\"1\"><span style=\"font-weight: 400;\">Taille&nbsp;: S, M, L, XL, 2XL<\/span><\/li>\n<li style=\"font-weight: 400;\" aria-level=\"1\"><span style=\"font-weight: 400;\">Poids&nbsp;: 840 g<\/span><\/li>\n<li style=\"font-weight: 400;\" aria-level=\"1\"><span style=\"font-weight: 400;\">Dimensions 2 poches ext\u00e9rieures devant avec fermeture velcro&nbsp;:&nbsp;Largeur 12,5 cm \/ Hauteur 13 cm \/ Profondeur 4 cm<\/span><\/li>\n<li style=\"font-weight: 400;\" aria-level=\"1\"><span style=\"font-weight: 400;\">Dimensions 1 poche ext\u00e9rieure devant avec fermeture \u00e9clair&nbsp;:&nbsp;Largeur 13 cm \/ Hauteur 22 cm \/ Profondeur 4 cm<\/span><\/li>\n<li style=\"font-weight: 400;\" aria-level=\"1\"><span style=\"font-weight: 400;\">Dimensions 1 poche ext\u00e9rieure devant avec fermeture \u00e9clair&nbsp;:&nbsp;Largeur 17 cm \/ Hauteur 22 cm \/ Profondeur 7 cm<\/span><\/li>\n<\/ul>\n<p><b>Vous pouvez b\u00e9n\u00e9ficier d\u2019une inscription personnalis\u00e9e sur demande et d\u2019un prix r\u00e9duit pour les commandes de plus de 20 unit\u00e9s. Si n\u00e9cessaire, le gilet est \u00e9galement disponible dans d&rsquo;autres tailles \u00e0 partir de 10 unit\u00e9s.<\/b><\/p>\n","protected":false},"excerpt":{"rendered":"<p><span style=\"font-weight: 400;\">Gilet tactique jaune\/orange en maille polyester robuste 425 GSM, mat\u00e9riau de base et tissu nylon 1000 deniers avec rev\u00eatement PU hydrofuge&nbsp;; compte de nombreux extras. Le gilet est disponible en plusieurs tailles et peut \u00eatre ferm\u00e9 \u00e0 l&rsquo;avant par une fermeture \u00e9clair YKK. Le dos du gilet est \u00e9quip\u00e9 d&rsquo;une large bande velcro, de sorte que les panneaux en velcro puissent <\/span><b>SECURITY \/ POLICE \/ Rettungsdienst \/ PARAMEDIC \/ FEUERWEHR \/ Notarzt<\/b><span style=\"font-weight: 400;\">, etc., puissent \u00eatre facilement plac\u00e9s ou enlev\u00e9s Les dimensions du velcro de fixation au dos sont de 30 cm x 10 cm. Deux fixations velcro de 12 cm x 4 cm pour nos panneaux <\/span><b>SECURITY \/ POLICE \/ Rettungsdienst \/ PARAMEDIC \/ FEUERWEHR \/ Notarzt<\/b><span style=\"font-weight: 400;\">, etc.<\/span><\/p>\n","protected":false},"featured_media":150758,"comment_status":"closed","ping_status":"closed","template":"","meta":{"inline_featured_image":false},"product_brand":[],"product_cat":[2215],"product_tag":[],"class_list":{"0":"post-150754","1":"product","2":"type-product","3":"status-publish","4":"has-post-thumbnail","6":"product_cat-vestes_tactiques","8":"first","9":"instock","10":"taxable","11":"shipping-taxable","12":"purchasable","13":"product-type-simple"},"_links":{"self":[{"href":"https:\/\/metal-badge.ch\/fr\/wp-json\/wp\/v2\/product\/150754","targetHints":{"allow":["GET"]}}],"collection":[{"href":"https:\/\/metal-badge.ch\/fr\/wp-json\/wp\/v2\/product"}],"about":[{"href":"https:\/\/metal-badge.ch\/fr\/wp-json\/wp\/v2\/types\/product"}],"replies":[{"embeddable":true,"href":"https:\/\/metal-badge.ch\/fr\/wp-json\/wp\/v2\/comments?post=150754"}],"wp:featuredmedia":[{"embeddable":true,"href":"https:\/\/metal-badge.ch\/fr\/wp-json\/wp\/v2\/media\/150758"}],"wp:attachment":[{"href":"https:\/\/metal-badge.ch\/fr\/wp-json\/wp\/v2\/media?parent=150754"}],"wp:term":[{"taxonomy":"product_brand","embeddable":true,"href":"https:\/\/metal-badge.ch\/fr\/wp-json\/wp\/v2\/product_brand?post=150754"},{"taxonomy":"product_cat","embeddable":true,"href":"https:\/\/metal-badge.ch\/fr\/wp-json\/wp\/v2\/product_cat?post=150754"},{"taxonomy":"product_tag","embeddable":true,"href":"https:\/\/metal-badge.ch\/fr\/wp-json\/wp\/v2\/product_tag?post=150754"}],"curies":[{"name":"wp","href":"https:\/\/api.w.org\/{rel}","templated":true}]}}