{"id":150721,"date":"2025-07-29T07:26:30","date_gmt":"2025-07-29T05:26:30","guid":{"rendered":"https:\/\/metal-badge.ch\/product\/150721\/holster-pour-pistolet-molle-noir-droitier\/"},"modified":"2025-07-29T07:26:30","modified_gmt":"2025-07-29T05:26:30","slug":"holster-pour-pistolet-molle-noir-droitier","status":"publish","type":"product","link":"https:\/\/metal-badge.ch\/fr\/product\/150721\/holster-pour-pistolet-molle-noir-droitier\/","title":{"rendered":"Holster pour pistolet Molle, noir, droitier"},"content":{"rendered":"<p><span style=\"font-weight: 400;\">Holster Molle robuste et durable. Ce holster peut \u00eatre fix\u00e9 \u00e0 tous les syst\u00e8mes de base Molle gr\u00e2ce \u00e0 la boucle de fixation Molle. En r\u00e8gle g\u00e9n\u00e9rale, ce holster est utilis\u00e9 sur des porte-plaques ou des gilets avec des boucles Molle. Il est compatible avec tous les pistolets et revolvers usuels. Une poche \u00e9lastique pour chargeur ou une poche pour lampe de poche se trouvent \u00e0 l&rsquo;avant. Le holster est \u00e9quip\u00e9 d&rsquo;un double syst\u00e8me de s\u00e9curit\u00e9,c&rsquo;est-\u00e0-dire un syst\u00e8me de fixation rapide \u00e0 clipser et une fermeture velcro \u00e0 bouton-pression suppl\u00e9mentaire. La fermeture velcro sup\u00e9rieure \u00e0 bouton-pression et la fixation rapide inf\u00e9rieure peuvent \u00eatre ajust\u00e9es en fonction de l&rsquo;arme.&nbsp;<\/span><\/p>\n<p><b>Informations sur le produit&nbsp;:&nbsp;<\/b><\/p>\n<ul>\n<li><span style=\"font-weight: 400;\">D\u00e9signation&nbsp;: Holster pour pistolet Molle droit ZW212D<\/span><\/li>\n<li><span style=\"font-weight: 400;\">Mati\u00e8re&nbsp;: 100 % polyester<\/span><\/li>\n<li><span style=\"font-weight: 400;\">Poids&nbsp;: 155 g.&nbsp;<\/span><\/li>\n<li><span style=\"font-weight: 400;\">Dimensions&nbsp;: hauteur devant 18,5 cm \/ largeur au milieu env. 11 cm \/ profondeur env. 3 cm \u00e9lastique<\/span><\/li>\n<li><span style=\"font-weight: 400;\">Couleur&nbsp;: noir \/ coyote<\/span><span style=\"font-weight: 400;\">&nbsp;<\/span><\/li>\n<li><span style=\"font-weight: 400;\">Adapt\u00e9 \u00e0 tous les pistolets courants&nbsp;<\/span><\/li>\n<li><span style=\"font-weight: 400;\">Avec les boucles du syst\u00e8me Molles, il est \u00e9galement possible de monter le holster sur un gilet.<\/span><\/li>\n<li><span style=\"font-weight: 400;\">Sangles Molle avec deux boutons-pression \u00e0 l&rsquo;int\u00e9rieur<\/span><\/li>\n<li><span style=\"font-weight: 400;\">Fixation de la ceinture&nbsp;: environ 8 cm&nbsp;<\/span><\/li>\n<li><span style=\"font-weight: 400;\">Double s\u00e9curit\u00e9 avec bouton-pression \/ velcro et fermeture rapide par clic<\/span><\/li>\n<li><span style=\"font-weight: 400;\">Velcro et sangle de s\u00e9curit\u00e9 r\u00e9glables&nbsp;<\/span><\/li>\n<li><span style=\"font-weight: 400;\">Avec poche pour chargeur \u00e9lastique \u00e0 l&rsquo;avant<\/span><\/li>\n<li><span style=\"font-weight: 400;\">Convient aux droitiers<\/span><\/li>\n<\/ul>\n","protected":false},"excerpt":{"rendered":"<p><span style=\"font-weight: 400;\">Holster Molle robuste et durable. Ce holster peut \u00eatre fix\u00e9 \u00e0 tous les syst\u00e8mes de base Molle gr\u00e2ce \u00e0 la boucle de fixation Molle. En r\u00e8gle g\u00e9n\u00e9rale, ce holster est utilis\u00e9 sur des porte-plaques ou des gilets avec des boucles Molle. Il est compatible avec tous les pistolets et revolvers usuels. Une poche \u00e9lastique pour chargeur ou une poche pour lampe de poche se trouvent \u00e0 l&rsquo;avant. Le holster est \u00e9quip\u00e9 d&rsquo;un double syst\u00e8me de s\u00e9curit\u00e9,c&rsquo;est-\u00e0-dire un syst\u00e8me de fixation rapide \u00e0 clipser et une fermeture velcro \u00e0 bouton-pression suppl\u00e9mentaire. La fermeture velcro sup\u00e9rieure \u00e0 bouton-pression et la fixation rapide inf\u00e9rieure peuvent \u00eatre ajust\u00e9es en fonction de l&rsquo;arme.&nbsp;<\/span><\/p>\n","protected":false},"featured_media":150702,"comment_status":"closed","ping_status":"closed","template":"","meta":{"inline_featured_image":false},"product_brand":[],"product_cat":[1479,887],"product_tag":[1781],"class_list":{"0":"post-150721","1":"product","2":"type-product","3":"status-publish","4":"has-post-thumbnail","6":"product_cat-etuis-de-revolver","7":"product_cat-accessoires","8":"product_tag-police-securite","10":"first","11":"instock","12":"taxable","13":"shipping-taxable","14":"purchasable","15":"product-type-simple"},"_links":{"self":[{"href":"https:\/\/metal-badge.ch\/fr\/wp-json\/wp\/v2\/product\/150721","targetHints":{"allow":["GET"]}}],"collection":[{"href":"https:\/\/metal-badge.ch\/fr\/wp-json\/wp\/v2\/product"}],"about":[{"href":"https:\/\/metal-badge.ch\/fr\/wp-json\/wp\/v2\/types\/product"}],"replies":[{"embeddable":true,"href":"https:\/\/metal-badge.ch\/fr\/wp-json\/wp\/v2\/comments?post=150721"}],"wp:featuredmedia":[{"embeddable":true,"href":"https:\/\/metal-badge.ch\/fr\/wp-json\/wp\/v2\/media\/150702"}],"wp:attachment":[{"href":"https:\/\/metal-badge.ch\/fr\/wp-json\/wp\/v2\/media?parent=150721"}],"wp:term":[{"taxonomy":"product_brand","embeddable":true,"href":"https:\/\/metal-badge.ch\/fr\/wp-json\/wp\/v2\/product_brand?post=150721"},{"taxonomy":"product_cat","embeddable":true,"href":"https:\/\/metal-badge.ch\/fr\/wp-json\/wp\/v2\/product_cat?post=150721"},{"taxonomy":"product_tag","embeddable":true,"href":"https:\/\/metal-badge.ch\/fr\/wp-json\/wp\/v2\/product_tag?post=150721"}],"curies":[{"name":"wp","href":"https:\/\/api.w.org\/{rel}","templated":true}]}}