{"id":150665,"date":"2025-07-29T06:55:54","date_gmt":"2025-07-29T04:55:55","guid":{"rendered":"https:\/\/metal-badge.ch\/?post_type=product&#038;p=150665"},"modified":"2025-09-05T19:59:39","modified_gmt":"2025-09-05T17:59:39","slug":"coffre-fort-pour-armes-a-feu-caisse-pour-argent-avec-poignee-de-transport-jp-115","status":"publish","type":"product","link":"https:\/\/metal-badge.ch\/fr\/product\/150665\/coffre-fort-pour-armes-a-feu-caisse-pour-argent-avec-poignee-de-transport-jp-115\/","title":{"rendered":"Coffre-fort pour armes \u00e0 feu \/ caisse pour argent avec poign\u00e9e de transport JP-115"},"content":{"rendered":"<p><span style=\"font-weight: 400;\">Petit coffre-fort portable avec poign\u00e9e de transport et cadenas \u00e0 chiffres pour les meubles, la caravane et la voiture.<\/span><\/p>\n<p><span style=\"font-weight: 400;\">Robuste et s\u00fbr&nbsp;:&nbsp;le bo\u00eetier en acier thermolaqu\u00e9, r\u00e9sistant aux rayures, ne peut pas \u00eatre forc\u00e9. La cassette est verrouill\u00e9e avec un cadenas de s\u00e9curit\u00e9 \u00e0 combinaison de 3 chiffres.<\/span><\/p>\n<p><b>Informations sur le produit&nbsp;:<\/b><\/p>\n<ul>\n<li style=\"font-weight: 400;\" aria-level=\"1\"><span style=\"font-weight: 400;\">D\u00e9signation&nbsp;: Coffre-fort \/ coffre-fort \u00e0 pistolet JP-115<\/span><\/li>\n<li style=\"font-weight: 400;\" aria-level=\"1\"><span style=\"font-weight: 400;\">Construction en acier solide et durable avec doublure int\u00e9rieure souple.<\/span><\/li>\n<li style=\"font-weight: 400;\" aria-level=\"1\"><span style=\"font-weight: 400;\">Avec poign\u00e9e de transport robuste<\/span><\/li>\n<li style=\"font-weight: 400;\" aria-level=\"1\"><span style=\"font-weight: 400;\">Id\u00e9al pour s\u00e9curiser votre arme \u00e0 feu, votre GPS, votre portefeuille et vos cl\u00e9s ou autres objets de valeur.<\/span><\/li>\n<li style=\"font-weight: 400;\" aria-level=\"1\"><span style=\"font-weight: 400;\">Mat\u00e9riau&nbsp;: acier poudr\u00e9 Q235A<\/span><\/li>\n<li style=\"font-weight: 400;\" aria-level=\"1\"><span style=\"font-weight: 400;\">Couleur&nbsp;: noir mat<\/span><\/li>\n<li style=\"font-weight: 400;\" aria-level=\"1\"><span style=\"font-weight: 400;\">La combinaison de num\u00e9ros peut \u00eatre modifi\u00e9e \u00e0 tout moment.&nbsp;<\/span><\/li>\n<li style=\"font-weight: 400;\" aria-level=\"1\"><span style=\"font-weight: 400;\">La cassette est verrouill\u00e9e de la m\u00eame mani\u00e8re avec la combinaison de chiffres souhait\u00e9e.<\/span><\/li>\n<li style=\"font-weight: 400;\" aria-level=\"1\"><span style=\"font-weight: 400;\">L\u00e9ger, compact et facile \u00e0 transporter<\/span><\/li>\n<li style=\"font-weight: 400;\" aria-level=\"1\"><span style=\"font-weight: 400;\">Dimensions&nbsp;: Longueur 31 cm x largeur 21 cm x hauteur 10 cm<\/span><\/li>\n<li style=\"font-weight: 400;\" aria-level=\"1\"><span style=\"font-weight: 400;\">Poids&nbsp;: 2950 g.<\/span><\/li>\n<\/ul>\n<ul>\n<li style=\"font-weight: 400;\" aria-level=\"1\"><span style=\"font-weight: 400;\">Weight: 2950 gm.<\/span><\/li>\n<\/ul>\n","protected":false},"excerpt":{"rendered":"<p><span style=\"font-weight: 400;\">Petit coffre-fort portable avec poign\u00e9e de transport et cadenas \u00e0 chiffres pour les meubles, la caravane et la voiture.<\/span><\/p>\n<p><span style=\"font-weight: 400;\">Robuste et s\u00fbr&nbsp;:&nbsp;le bo\u00eetier en acier thermolaqu\u00e9, r\u00e9sistant aux rayures, ne peut pas \u00eatre forc\u00e9. La cassette est verrouill\u00e9e avec un cadenas de s\u00e9curit\u00e9 \u00e0 combinaison de 3 chiffres.<\/span><\/p>\n","protected":false},"featured_media":150669,"comment_status":"closed","ping_status":"closed","template":"","meta":{"inline_featured_image":false},"product_brand":[],"product_cat":[887,1347,2554],"product_tag":[1777,1781],"class_list":{"0":"post-150665","1":"product","2":"type-product","3":"status-publish","4":"has-post-thumbnail","6":"product_cat-accessoires","7":"product_cat-accessoires-militaires-de-chasse","8":"product_cat-coffre-fort-pour-armes-a-feu-cadenas-coffre-fort","9":"product_tag-camping-voyage","10":"product_tag-police-securite","12":"first","13":"instock","14":"taxable","15":"shipping-taxable","16":"purchasable","17":"product-type-simple"},"_links":{"self":[{"href":"https:\/\/metal-badge.ch\/fr\/wp-json\/wp\/v2\/product\/150665","targetHints":{"allow":["GET"]}}],"collection":[{"href":"https:\/\/metal-badge.ch\/fr\/wp-json\/wp\/v2\/product"}],"about":[{"href":"https:\/\/metal-badge.ch\/fr\/wp-json\/wp\/v2\/types\/product"}],"replies":[{"embeddable":true,"href":"https:\/\/metal-badge.ch\/fr\/wp-json\/wp\/v2\/comments?post=150665"}],"wp:featuredmedia":[{"embeddable":true,"href":"https:\/\/metal-badge.ch\/fr\/wp-json\/wp\/v2\/media\/150669"}],"wp:attachment":[{"href":"https:\/\/metal-badge.ch\/fr\/wp-json\/wp\/v2\/media?parent=150665"}],"wp:term":[{"taxonomy":"product_brand","embeddable":true,"href":"https:\/\/metal-badge.ch\/fr\/wp-json\/wp\/v2\/product_brand?post=150665"},{"taxonomy":"product_cat","embeddable":true,"href":"https:\/\/metal-badge.ch\/fr\/wp-json\/wp\/v2\/product_cat?post=150665"},{"taxonomy":"product_tag","embeddable":true,"href":"https:\/\/metal-badge.ch\/fr\/wp-json\/wp\/v2\/product_tag?post=150665"}],"curies":[{"name":"wp","href":"https:\/\/api.w.org\/{rel}","templated":true}]}}