{"id":150625,"date":"2025-07-29T06:42:49","date_gmt":"2025-07-29T04:42:50","guid":{"rendered":"https:\/\/metal-badge.ch\/?post_type=product&#038;p=150625"},"modified":"2025-07-29T06:49:54","modified_gmt":"2025-07-29T04:49:54","slug":"coffre-fort-biometrique-pour-armes-courtes-coffre-fort-a-empreinte-digitale-mad700c","status":"publish","type":"product","link":"https:\/\/metal-badge.ch\/fr\/product\/150625\/coffre-fort-biometrique-pour-armes-courtes-coffre-fort-a-empreinte-digitale-mad700c\/","title":{"rendered":"Coffre-fort biom\u00e9trique pour armes courtes \/ coffre-fort \u00e0 empreinte digitale MAD700C"},"content":{"rendered":"<p><span style=\"font-weight: 400;\">Coffre-fort biom\u00e9trique \u00e0 empreintes digitales, coffre-fort personnel avec serrure \u00e0 clavier, coffre-fort de s\u00e9curit\u00e9 avec 2 cl\u00e9s, coffre-fort domestique pour objets de valeur, argent liquide, bijoux, documents importants, armes, etc.&nbsp;<\/span><\/p>\n<p><span style=\"font-weight: 400;\">Trois options d&rsquo;acc\u00e8s&nbsp;: Notre coffre-fort pour pistolet compte trois m\u00e9canismes de d\u00e9verrouillage&nbsp;: empreinte digitale, cl\u00e9 et code num\u00e9rique. Avec son d\u00e9lai de d\u00e9verrouillage inf\u00e9rieur \u00e0 1 seconde et un taux de r\u00e9ussite sup\u00e9rieur \u00e0 98&nbsp;%, vous \u00eates certain de pouvoir acc\u00e9der rapidement \u00e0 vos objets de valeur. Nous proposons \u00e9galement deux cl\u00e9s et le choix d\u2019un mot de passe \u00e0 4 ou 6 chiffres pour garantir \u00e0 la fois votre s\u00e9curit\u00e9 et votre confort.<\/span><\/p>\n<p><span style=\"font-weight: 400;\">Installation avec double s\u00e9curit\u00e9&nbsp;: Pour assurer votre s\u00e9curit\u00e9, notre coffre-fort pour pistolets et objets de valeur est \u00e9quip\u00e9 de 2 trous de vis et des vis fournies. Fixez le coffre-fort \u00e0 n&rsquo;importe quel objet fixe pour \u00eatre encore mieux prot\u00e9g\u00e9 contre le vol. Une corde en acier d&rsquo;un m\u00e8tre de long est aussi incluse. Elle permet de s\u00e9curiser\/fixer le coffre-fort avec une s\u00e9curit\u00e9 suppl\u00e9mentaire de l&rsquo;int\u00e9rieur, \u00e0 n&rsquo;importe quel endroit. Utilisation possible dans une voiture, une caravane, etc. Le montage du coffre est rapide et facile.&nbsp;<\/span><\/p>\n<p><span style=\"font-weight: 400;\">Protection interne am\u00e9lior\u00e9e&nbsp;: L&rsquo;int\u00e9rieur de notre coffre-fort pour pistolet est \u00e9quip\u00e9 d&rsquo;un insert en mousse amovible pour encore plus de confort. La plaque en acier Q235 de 2 mm d&rsquo;\u00e9paisseur, lamin\u00e9e \u00e0 froid et poudr\u00e9e est garante de durabilit\u00e9 et de r\u00e9sistance&nbsp;; elle garantit que vos objets de valeur seront totalement prot\u00e9g\u00e9s Le coffre-fort est \u00e9quip\u00e9 d&rsquo;une poign\u00e9e confortable et facile \u00e0 manipuler.&nbsp;<\/span><\/p>\n<p><span style=\"font-weight: 400;\">Son mode silencieux vous permet d&rsquo;acc\u00e9der \u00e0 vos effets personnels en toute discr\u00e9tion sans d\u00e9ranger personne.<\/span><\/p>\n<p><span style=\"font-weight: 400;\">Des dimensions r\u00e9duites avec beaucoup d&rsquo;espace de rangement&nbsp;: Malgr\u00e9 ses dimensions compactes, notre coffre-fort pour armes offre un espace de rangement suffisant pour au moins deux armes de poing, des objets de valeur personnels ou des documents importants. Le coffre-fort est aliment\u00e9 par une batterie int\u00e9gr\u00e9e rechargeable de 2500 mAh \/ 1,5 V. Celle-ci peut durer jusqu&rsquo;\u00e0 1 an lorsqu&rsquo;elle est compl\u00e8tement charg\u00e9e. Pour charger la batterie au lithium, retirer le cache en caoutchouc noir \u00e0 l&rsquo;avant pour pouvoir brancher le c\u00e2ble USB fourni.&nbsp;<\/span><\/p>\n<p><span style=\"font-weight: 400;\">Le coffre est aussi muni d&rsquo;une serrure de remplacement avec deux cl\u00e9s de s\u00e9curit\u00e9. Veillez \u00e0 conserver les cl\u00e9s \u00e0 l&rsquo;ext\u00e9rieur du coffre-fort. Le couvercle s&rsquo;ouvre automatiquement quand la combinaison de chiffres est saisie ou l&#8217;empreinte digitale pr\u00e9sent\u00e9e.&nbsp;<\/span><\/p>\n<p><span style=\"font-weight: 400;\">Votre empreinte digitale suffit, et pourtant, ce coffre est plus s\u00e9curis\u00e9 que n\u2019importe quel autre mod\u00e8le! Chaque personne a une empreinte digitale unique ; seules les personnes dont les empreintes digitales ont \u00e9t\u00e9 stock\u00e9es au pr\u00e9alable peuvent ouvrir la bo\u00eete. Il suffit de poser le doigt sur le scanner et en moins d&rsquo;une seconde, le coffre est ouvert. Jusqu\u2019\u00e0 50 empreintes digitales peuvent \u00eatre programm\u00e9es.&nbsp;<\/span><\/p>\n<p><b>Informations sur le produit&nbsp;:<\/b><\/p>\n<ul>\n<li><span style=\"font-weight: 400;\">D\u00e9signation&nbsp;: Coffre-fort Stabile&nbsp;<\/span><\/li>\n<li><span style=\"font-weight: 400;\">Mati\u00e8re&nbsp;:&nbsp; En acier lamin\u00e9 \u00e0 froid Q235 \u00e0 rev\u00eatement poudr\u00e9<\/span><\/li>\n<li><span style=\"font-weight: 400;\">Mod\u00e8le&nbsp;:&nbsp; MAD700C avec lecteur d\u2019empreintes digitales et combinaison de chiffres<\/span><\/li>\n<li><span style=\"font-weight: 400;\">Le coffre compte 2 trous \u00e0 vis et 2 vis.&nbsp;<\/span><\/li>\n<li><span style=\"font-weight: 400;\">Le coffre-fort est livr\u00e9 avec un c\u00e2ble de s\u00e9curit\u00e9 en acier de 1 m\u00e8tre de long pour fixation dans une voiture, un camping-car, etc.&nbsp;<\/span><\/li>\n<li><span style=\"font-weight: 400;\">La bo\u00eete peut m\u00e9moriser jusqu&rsquo;\u00e0 50 empreintes digitales.<\/span><\/li>\n<li><span style=\"font-weight: 400;\">Prot\u00e9gez votre arme, votre argent ou vos objets de valeur chez vous, dans votre voiture ou encore au bureau&nbsp;<\/span><\/li>\n<li><span style=\"font-weight: 400;\">Couleur&nbsp;: noir<\/span><\/li>\n<li><span style=\"font-weight: 400;\">Poids&nbsp;: 3600 g batterie comprise<\/span><\/li>\n<li><span style=\"font-weight: 400;\">Alimentation \u00e9lectrique&nbsp;: Batterie rechargeable int\u00e9gr\u00e9e de 2500 mAh \/ 1,5 V. (comprise)<\/span><\/li>\n<li><span style=\"font-weight: 400;\">C\u00e2ble USB pour charger la batterie (dure jusqu&rsquo;\u00e0 1 an sans charge)&nbsp;; faible consommation d&rsquo;\u00e9nergie<\/span><\/li>\n<li><span style=\"font-weight: 400;\">R\u00e9solution biom\u00e9trique&nbsp;: 500 DPI<\/span><\/li>\n<li><span style=\"font-weight: 400;\">D\u00e9lai de reconnaissance des empreintes digitales&nbsp;: moins d&rsquo;une seconde<\/span><\/li>\n<li><span style=\"font-weight: 400;\">Probabilit\u00e9 de rejet si l&#8217;empreinte digitale est correcte&nbsp;: max. 0,01&nbsp;%.<\/span><\/li>\n<li><span style=\"font-weight: 400;\">Probabilit\u00e9 qu&rsquo;une empreinte digitale erron\u00e9e conduise \u00e0 une ouverture&nbsp;: 0,0001&nbsp;% maximum.<\/span><\/li>\n<li><span style=\"font-weight: 400;\">Dimensions&nbsp;: 300 x 240 x 60 (mm)<\/span><\/li>\n<li><span style=\"font-weight: 400;\">Lorsque les piles sont vides, le bo\u00eetier peut \u00eatre ouvert \u00e0 l&rsquo;aide de la cl\u00e9 de secours.<\/span><\/li>\n<li><span style=\"font-weight: 400;\">Les empreintes digitales stock\u00e9es ne sont pas perdues lors du changement de piles.<\/span><\/li>\n<li><span style=\"font-weight: 400;\">2 cl\u00e9s de secours sont incluses dans la livraison, veuillez toujours les garder \u00e0 l&rsquo;ext\u00e9rieur de la cassette.<\/span><\/li>\n<li><span style=\"font-weight: 400;\">De plus, il est \u00e9galement possible d&rsquo;enregistrer un code num\u00e9rique pour l\u2019ouverture du coffre-fort&nbsp;<\/span><\/li>\n<li><span style=\"font-weight: 400;\">Un manuel d&rsquo;instructions en anglais et deux cl\u00e9s de rechange sont aussi fournis.&nbsp;<\/span><\/li>\n<li><span style=\"font-weight: 400;\">Manipulation simple&nbsp;<\/span><\/li>\n<li><span style=\"font-weight: 400;\">Avec poign\u00e9e de transport <\/span><\/li>\n<\/ul>\n","protected":false},"excerpt":{"rendered":"<p><span style=\"font-weight: 400;\">Coffre-fort biom\u00e9trique \u00e0 empreintes digitales, coffre-fort personnel avec serrure \u00e0 clavier, coffre-fort de s\u00e9curit\u00e9 avec 2 cl\u00e9s, coffre-fort domestique pour objets de valeur, argent liquide, bijoux, documents importants, armes, etc.&nbsp;<\/span><\/p>\n<p><span style=\"font-weight: 400;\">Trois options d&rsquo;acc\u00e8s&nbsp;: Notre coffre-fort pour pistolet compte trois m\u00e9canismes de d\u00e9verrouillage&nbsp;: empreinte digitale, cl\u00e9 et code num\u00e9rique. Avec son d\u00e9lai de d\u00e9verrouillage inf\u00e9rieur \u00e0 1 seconde et un taux de r\u00e9ussite sup\u00e9rieur \u00e0 98&nbsp;%, vous \u00eates certain de pouvoir acc\u00e9der rapidement \u00e0 vos objets de valeur. Nous proposons \u00e9galement deux cl\u00e9s et le choix d\u2019un mot de passe \u00e0 4 ou 6 chiffres pour garantir \u00e0 la fois votre s\u00e9curit\u00e9 et votre confort.<\/span><\/p>\n","protected":false},"featured_media":150629,"comment_status":"closed","ping_status":"closed","template":"","meta":{"inline_featured_image":false},"product_brand":[],"product_cat":[887,1347,2554],"product_tag":[1777,1781],"class_list":{"0":"post-150625","1":"product","2":"type-product","3":"status-publish","4":"has-post-thumbnail","6":"product_cat-accessoires","7":"product_cat-accessoires-militaires-de-chasse","8":"product_cat-coffre-fort-pour-armes-a-feu-cadenas-coffre-fort","9":"product_tag-camping-voyage","10":"product_tag-police-securite","12":"first","13":"instock","14":"taxable","15":"shipping-taxable","16":"purchasable","17":"product-type-simple"},"_links":{"self":[{"href":"https:\/\/metal-badge.ch\/fr\/wp-json\/wp\/v2\/product\/150625","targetHints":{"allow":["GET"]}}],"collection":[{"href":"https:\/\/metal-badge.ch\/fr\/wp-json\/wp\/v2\/product"}],"about":[{"href":"https:\/\/metal-badge.ch\/fr\/wp-json\/wp\/v2\/types\/product"}],"replies":[{"embeddable":true,"href":"https:\/\/metal-badge.ch\/fr\/wp-json\/wp\/v2\/comments?post=150625"}],"wp:featuredmedia":[{"embeddable":true,"href":"https:\/\/metal-badge.ch\/fr\/wp-json\/wp\/v2\/media\/150629"}],"wp:attachment":[{"href":"https:\/\/metal-badge.ch\/fr\/wp-json\/wp\/v2\/media?parent=150625"}],"wp:term":[{"taxonomy":"product_brand","embeddable":true,"href":"https:\/\/metal-badge.ch\/fr\/wp-json\/wp\/v2\/product_brand?post=150625"},{"taxonomy":"product_cat","embeddable":true,"href":"https:\/\/metal-badge.ch\/fr\/wp-json\/wp\/v2\/product_cat?post=150625"},{"taxonomy":"product_tag","embeddable":true,"href":"https:\/\/metal-badge.ch\/fr\/wp-json\/wp\/v2\/product_tag?post=150625"}],"curies":[{"name":"wp","href":"https:\/\/api.w.org\/{rel}","templated":true}]}}