{"id":150459,"date":"2025-07-28T21:51:19","date_gmt":"2025-07-28T19:51:19","guid":{"rendered":"https:\/\/metal-badge.ch\/product\/150459\/lampe-de-signalisation-durgence-sos-eclairage-panoramique-360-avec-sifflet-de-secours-orange\/"},"modified":"2025-07-28T21:51:19","modified_gmt":"2025-07-28T19:51:19","slug":"lampe-de-signalisation-durgence-sos-eclairage-panoramique-360-avec-sifflet-de-secours-orange","status":"publish","type":"product","link":"https:\/\/metal-badge.ch\/fr\/product\/150459\/lampe-de-signalisation-durgence-sos-eclairage-panoramique-360-avec-sifflet-de-secours-orange\/","title":{"rendered":"Lampe de signalisation d&rsquo;urgence SOS \/ \u00e9clairage panoramique 360\u00b0 avec sifflet de secours orange"},"content":{"rendered":"<p><span style=\"font-weight: 400;\">Cette lampe de signalisation avec sifflet de sauvetage est indispensable pour faire face aux cas d\u2019urgente en mer. La lampe de signalisation d&rsquo;urgence \u00e0 piles devrait \u00eatre toujours \u00e0 port\u00e9e de main en tant que dispositif de s\u00e9curit\u00e9 pour toutes les activit\u00e9s nautiques que vous pratiquez. Disponible en orange vif ou jaune&nbsp;; flotte et reste toujours \u00e0 la surface. La lampe de 32 lumens est visible jusqu&rsquo;\u00e0 6 km sur l&rsquo;eau, de nuit. Cette lampe de signalisation d&rsquo;urgence \u00e0 piles de couleur orange vif est un dispositif de s\u00e9curit\u00e9 essentiel pour les activit\u00e9s nautiques.<\/span><span style=\"font-weight: 400;\"><br \/>\n<\/span><span style=\"font-weight: 400;\"><br \/>\n<\/span><b>Description du produit&nbsp;:&nbsp;<\/b><\/p>\n<ul>\n<li><span style=\"font-weight: 400;\">Lampe de signalisation d&rsquo;urgence \u00e0 piles<\/span><\/li>\n<li><span style=\"font-weight: 400;\">Flottante&nbsp;:&nbsp;Reste \u00e0 la surface<\/span><\/li>\n<li><span style=\"font-weight: 400;\">Luminosit\u00e9&nbsp;:&nbsp;32 lumens, visible dans l&rsquo;obscurit\u00e9 jusqu&rsquo;\u00e0 6 km<\/span><\/li>\n<li><span style=\"font-weight: 400;\">Fonction clignotante SOS&nbsp;:&nbsp;Envoie un signal de d\u00e9tresse clair<\/span><\/li>\n<li><span style=\"font-weight: 400;\">Lampe flash LED \u00e9tanche, 50 \u00e0 70 flashs\/min.<\/span><\/li>\n<li><span style=\"font-weight: 400;\">Id\u00e9ale pour la voile, la p\u00eache et autres sports nautiques, pour plus de s\u00e9curit\u00e9 sur l&rsquo;eau<\/span><\/li>\n<li><span style=\"font-weight: 400;\">Lampe de signalisation pour bou\u00e9es ou filets de p\u00eache<\/span><\/li>\n<li><span style=\"font-weight: 400;\">Avec dragonne&nbsp;<\/span><\/li>\n<li><span style=\"font-weight: 400;\">Deux boucles de fixation sur le c\u00f4t\u00e9 de la lampe&nbsp;<\/span><\/li>\n<li><span style=\"font-weight: 400;\">Manipulation facile&nbsp;:&nbsp;Pr\u00eate \u00e0 l\u2019utilisation rapidement<\/span><\/li>\n<li><span style=\"font-weight: 400;\">Dur\u00e9e d\u2019utilisation&nbsp;: env. 48 heures&nbsp;<\/span><\/li>\n<li><span style=\"font-weight: 400;\">Couleur&nbsp;: orange&nbsp;<\/span><\/li>\n<li><span style=\"font-weight: 400;\">Mati\u00e8re&nbsp;: Plastique ABS&nbsp;<\/span><\/li>\n<li><span style=\"font-weight: 400;\">Poids sans piles&nbsp;: 200 g.&nbsp;<\/span><\/li>\n<li><span style=\"font-weight: 400;\">Dimensions&nbsp;: Longueur 23 cm<\/span><\/li>\n<li><span style=\"font-weight: 400;\">Diam\u00e8tre de la lampe&nbsp;: 60 cm<\/span><\/li>\n<li><span style=\"font-weight: 400;\">Piles&nbsp;: 2 pc \/ C-LR 14 \/ 1,5&nbsp;V&nbsp;<\/span><\/li>\n<li><span style=\"font-weight: 400;\">Lumi\u00e8re de signalisation&nbsp;: blanche<\/span><span style=\"font-weight: 400;\">&nbsp;<\/span><\/li>\n<li><span style=\"font-weight: 400;\">Le prix comprend \u00e9galement un sifflet d&rsquo;urgence avec dragonne et pince<\/span><\/li>\n<\/ul>\n","protected":false},"excerpt":{"rendered":"<p><span style=\"font-weight: 400;\">Cette lampe de signalisation avec sifflet de sauvetage est indispensable pour faire face aux cas d\u2019urgente en mer. La lampe de signalisation d&rsquo;urgence \u00e0 piles devrait \u00eatre toujours \u00e0 port\u00e9e de main en tant que dispositif de s\u00e9curit\u00e9 pour toutes les activit\u00e9s nautiques que vous pratiquez. Disponible en orange vif ou jaune&nbsp;; flotte et reste toujours \u00e0 la surface. La lampe de 32 lumens est visible jusqu&rsquo;\u00e0 6 km sur l&rsquo;eau, de nuit. Cette lampe de signalisation d&rsquo;urgence \u00e0 piles de couleur orange vif est un dispositif de s\u00e9curit\u00e9 essentiel pour les activit\u00e9s nautiques.<\/span><\/p>\n","protected":false},"featured_media":150428,"comment_status":"closed","ping_status":"closed","template":"","meta":{"inline_featured_image":false},"product_brand":[],"product_cat":[1343,887,1946],"product_tag":[1781,1785],"class_list":{"0":"post-150459","1":"product","2":"type-product","3":"status-publish","4":"has-post-thumbnail","6":"product_cat-lampes-lampes-de-poche","7":"product_cat-accessoires","8":"product_cat-organisations-lumiere-bleue-securite","9":"product_tag-police-securite","10":"product_tag-premiers-secours-sauvetage","12":"first","13":"instock","14":"taxable","15":"shipping-taxable","16":"purchasable","17":"product-type-simple"},"_links":{"self":[{"href":"https:\/\/metal-badge.ch\/fr\/wp-json\/wp\/v2\/product\/150459","targetHints":{"allow":["GET"]}}],"collection":[{"href":"https:\/\/metal-badge.ch\/fr\/wp-json\/wp\/v2\/product"}],"about":[{"href":"https:\/\/metal-badge.ch\/fr\/wp-json\/wp\/v2\/types\/product"}],"replies":[{"embeddable":true,"href":"https:\/\/metal-badge.ch\/fr\/wp-json\/wp\/v2\/comments?post=150459"}],"wp:featuredmedia":[{"embeddable":true,"href":"https:\/\/metal-badge.ch\/fr\/wp-json\/wp\/v2\/media\/150428"}],"wp:attachment":[{"href":"https:\/\/metal-badge.ch\/fr\/wp-json\/wp\/v2\/media?parent=150459"}],"wp:term":[{"taxonomy":"product_brand","embeddable":true,"href":"https:\/\/metal-badge.ch\/fr\/wp-json\/wp\/v2\/product_brand?post=150459"},{"taxonomy":"product_cat","embeddable":true,"href":"https:\/\/metal-badge.ch\/fr\/wp-json\/wp\/v2\/product_cat?post=150459"},{"taxonomy":"product_tag","embeddable":true,"href":"https:\/\/metal-badge.ch\/fr\/wp-json\/wp\/v2\/product_tag?post=150459"}],"curies":[{"name":"wp","href":"https:\/\/api.w.org\/{rel}","templated":true}]}}