{"id":150403,"date":"2025-07-28T21:14:53","date_gmt":"2025-07-28T19:14:53","guid":{"rendered":"https:\/\/metal-badge.ch\/product\/150403\/zt9p-zak-tool-cle-a-menottes\/"},"modified":"2025-07-28T21:14:53","modified_gmt":"2025-07-28T19:14:53","slug":"zt9p-zak-tool-cle-a-menottes","status":"publish","type":"product","link":"https:\/\/metal-badge.ch\/fr\/product\/150403\/zt9p-zak-tool-cle-a-menottes\/","title":{"rendered":"ZT9P Zak Tool Cl\u00e9 \u00e0 menottes"},"content":{"rendered":"<p><span style=\"font-weight: 400;\">Ce porte-cl\u00e9s plat et ergonomique vous permet d&rsquo;ouvrir facilement les menottes m\u00eame lorsque vous portez des gants.&nbsp;<\/span><\/p>\n<p><span style=\"font-weight: 400;\">Toutes les cl\u00e9s sont fabriqu\u00e9es en acier inoxydable trait\u00e9 thermiquement et con\u00e7ues pour une utilisation ind\u00e9finie. Gr\u00e2ce \u00e0 des mat\u00e9riaux de haute qualit\u00e9 et \u00e0 une fabrication experte, nous pouvons vous offrir une garantie de dur\u00e9e de vie ind\u00e9finie. S&rsquo;adapte \u00e0 la plupart des menottes standard et permet une manipulation plus facile en cas de besoin gr\u00e2ce \u00e0 la tige allong\u00e9e avec fonction pivotante. Ce mod\u00e8le \u00e0 t\u00eate rotative plate est extr\u00eamement facile \u00e0 prendre en main, et est \u00e9galement \u00e9quip\u00e9 d&rsquo;un porte-cl\u00e9s d&rsquo;un diam\u00e8tre de 3,5 cm.<\/span><\/p>\n<p><b>Informations sur le produit&nbsp;:<\/b><\/p>\n<ul>\n<li><span style=\"font-weight: 400;\">Marque&nbsp;: Zak Tool&nbsp;<\/span><\/li>\n<li><span style=\"font-weight: 400;\">Mod\u00e8le&nbsp;: ZT9P&nbsp;<\/span><\/li>\n<li><span style=\"font-weight: 400;\">Mati\u00e8re&nbsp;:&nbsp; Acier inoxydable&nbsp;<\/span><\/li>\n<li><span style=\"font-weight: 400;\">Rev\u00eatement en polym\u00e8re&nbsp;<\/span><\/li>\n<li><span style=\"font-weight: 400;\">T\u00eate rotative plate avec une bonne adh\u00e9rence en cas de port de gants<\/span><\/li>\n<li><span style=\"font-weight: 400;\">Poids&nbsp;: 22 g.<\/span><span style=\"font-weight: 400;\"><br \/>\n<\/span><\/li>\n<li><span style=\"font-weight: 400;\">Longueur&nbsp;: 10 cm<\/span><span style=\"font-weight: 400;\"><br \/>\n<\/span><\/li>\n<li><span style=\"font-weight: 400;\">Couleur&nbsp;: noir mat<\/span><span style=\"font-weight: 400;\"><br \/>\n<\/span><\/li>\n<li><span style=\"font-weight: 400;\">Avec anneau porte-cl\u00e9s de 3,5 cm<\/span><\/li>\n<\/ul>\n","protected":false},"excerpt":{"rendered":"<p><span style=\"font-weight: 400;\">Ce porte-cl\u00e9s plat et ergonomique vous permet d&rsquo;ouvrir facilement les menottes m\u00eame lorsque vous portez des gants.&nbsp;<\/span><\/p>\n<p><span style=\"font-weight: 400;\">Toutes les cl\u00e9s sont fabriqu\u00e9es en acier inoxydable trait\u00e9 thermiquement et con\u00e7ues pour une utilisation ind\u00e9finie. Gr\u00e2ce \u00e0 des mat\u00e9riaux de haute qualit\u00e9 et \u00e0 une fabrication experte, nous pouvons vous offrir une garantie de dur\u00e9e de vie ind\u00e9finie. S&rsquo;adapte \u00e0 la plupart des menottes standard et permet une manipulation plus facile en cas de besoin gr\u00e2ce \u00e0 la tige allong\u00e9e avec fonction pivotante. Ce mod\u00e8le \u00e0 t\u00eate rotative plate est extr\u00eamement facile \u00e0 prendre en main, et est \u00e9galement \u00e9quip\u00e9 d&rsquo;un porte-cl\u00e9s d&rsquo;un diam\u00e8tre de 3,5 cm.<\/span><\/p>\n","protected":false},"featured_media":151118,"comment_status":"closed","ping_status":"closed","template":"","meta":{"inline_featured_image":false},"product_brand":[],"product_cat":[1463,887],"product_tag":[],"class_list":{"0":"post-150403","1":"product","2":"type-product","3":"status-publish","4":"has-post-thumbnail","6":"product_cat-menottes-bracelets-de-cheville-zak-tool","7":"product_cat-accessoires","9":"first","10":"instock","11":"taxable","12":"shipping-taxable","13":"purchasable","14":"product-type-simple"},"_links":{"self":[{"href":"https:\/\/metal-badge.ch\/fr\/wp-json\/wp\/v2\/product\/150403","targetHints":{"allow":["GET"]}}],"collection":[{"href":"https:\/\/metal-badge.ch\/fr\/wp-json\/wp\/v2\/product"}],"about":[{"href":"https:\/\/metal-badge.ch\/fr\/wp-json\/wp\/v2\/types\/product"}],"replies":[{"embeddable":true,"href":"https:\/\/metal-badge.ch\/fr\/wp-json\/wp\/v2\/comments?post=150403"}],"wp:featuredmedia":[{"embeddable":true,"href":"https:\/\/metal-badge.ch\/fr\/wp-json\/wp\/v2\/media\/151118"}],"wp:attachment":[{"href":"https:\/\/metal-badge.ch\/fr\/wp-json\/wp\/v2\/media?parent=150403"}],"wp:term":[{"taxonomy":"product_brand","embeddable":true,"href":"https:\/\/metal-badge.ch\/fr\/wp-json\/wp\/v2\/product_brand?post=150403"},{"taxonomy":"product_cat","embeddable":true,"href":"https:\/\/metal-badge.ch\/fr\/wp-json\/wp\/v2\/product_cat?post=150403"},{"taxonomy":"product_tag","embeddable":true,"href":"https:\/\/metal-badge.ch\/fr\/wp-json\/wp\/v2\/product_tag?post=150403"}],"curies":[{"name":"wp","href":"https:\/\/api.w.org\/{rel}","templated":true}]}}