{"id":150353,"date":"2025-07-27T06:17:51","date_gmt":"2025-07-27T04:17:51","guid":{"rendered":"https:\/\/metal-badge.ch\/product\/150353\/zak-tool-zt-70b\/"},"modified":"2025-07-27T06:17:51","modified_gmt":"2025-07-27T04:17:51","slug":"zak-tool-zt-70b","status":"publish","type":"product","link":"https:\/\/metal-badge.ch\/fr\/product\/150353\/zak-tool-zt-70b\/","title":{"rendered":"Zak Tool ZT 70B"},"content":{"rendered":"<p><span style=\"font-weight: 400;\">Toutes les cl\u00e9s sont fabriqu\u00e9es en acier inoxydable trait\u00e9 thermiquement et con\u00e7ues pour une utilisation ind\u00e9finie. Gr\u00e2ce \u00e0 des mat\u00e9riaux de haute qualit\u00e9 et \u00e0 une fabrication experte, nous pouvons vous offrir une garantie de dur\u00e9e de vie ind\u00e9finie. Compatible avec la plupart des versions standard de menottes. Le porte-cl\u00e9s est \u00e9galement inclus dans cette extension.&nbsp;<\/span><\/p>\n<p><b>Informations sur le produit&nbsp;:<\/b><\/p>\n<ul>\n<li><span style=\"font-weight: 400;\">Marque&nbsp;: Zak Tool<\/span><\/li>\n<li><span style=\"font-weight: 400;\">Mod\u00e8le&nbsp;: ZT 70B<\/span><\/li>\n<li><span style=\"font-weight: 400;\">Diam\u00e8tre de l\u2019anneau&nbsp;: 3,5 cm<\/span><\/li>\n<li><span style=\"font-weight: 400;\">Couleur&nbsp;: Noir mat<\/span><span style=\"font-weight: 400;\"><br \/>\n<\/span><\/li>\n<li><span style=\"font-weight: 400;\">Poids&nbsp;: 30 g.<\/span><span style=\"font-weight: 400;\"><br \/>\n<\/span><\/li>\n<li><span style=\"font-weight: 400;\">Longueur&nbsp;: 11,5 cm<\/span><span style=\"font-weight: 400;\"><br \/>\n<\/span><\/li>\n<li><span style=\"font-weight: 400;\">Mat\u00e9riau&nbsp;: Acier inoxydable<\/span><b>&nbsp;<\/b><\/li>\n<\/ul>\n","protected":false},"excerpt":{"rendered":"<p><span style=\"font-weight: 400;\">Toutes les cl\u00e9s sont fabriqu\u00e9es en acier inoxydable trait\u00e9 thermiquement et con\u00e7ues pour une utilisation ind\u00e9finie. Gr\u00e2ce \u00e0 des mat\u00e9riaux de haute qualit\u00e9 et \u00e0 une fabrication experte, nous pouvons vous offrir une garantie de dur\u00e9e de vie ind\u00e9finie. Compatible avec la plupart des versions standard de menottes. Le porte-cl\u00e9s est \u00e9galement inclus dans cette extension.&nbsp;<\/span><\/p>\n","protected":false},"featured_media":150338,"comment_status":"closed","ping_status":"closed","template":"","meta":{"inline_featured_image":false},"product_brand":[],"product_cat":[1463,887],"product_tag":[],"class_list":{"0":"post-150353","1":"product","2":"type-product","3":"status-publish","4":"has-post-thumbnail","6":"product_cat-menottes-bracelets-de-cheville-zak-tool","7":"product_cat-accessoires","9":"first","10":"instock","11":"taxable","12":"shipping-taxable","13":"purchasable","14":"product-type-simple"},"_links":{"self":[{"href":"https:\/\/metal-badge.ch\/fr\/wp-json\/wp\/v2\/product\/150353","targetHints":{"allow":["GET"]}}],"collection":[{"href":"https:\/\/metal-badge.ch\/fr\/wp-json\/wp\/v2\/product"}],"about":[{"href":"https:\/\/metal-badge.ch\/fr\/wp-json\/wp\/v2\/types\/product"}],"replies":[{"embeddable":true,"href":"https:\/\/metal-badge.ch\/fr\/wp-json\/wp\/v2\/comments?post=150353"}],"wp:featuredmedia":[{"embeddable":true,"href":"https:\/\/metal-badge.ch\/fr\/wp-json\/wp\/v2\/media\/150338"}],"wp:attachment":[{"href":"https:\/\/metal-badge.ch\/fr\/wp-json\/wp\/v2\/media?parent=150353"}],"wp:term":[{"taxonomy":"product_brand","embeddable":true,"href":"https:\/\/metal-badge.ch\/fr\/wp-json\/wp\/v2\/product_brand?post=150353"},{"taxonomy":"product_cat","embeddable":true,"href":"https:\/\/metal-badge.ch\/fr\/wp-json\/wp\/v2\/product_cat?post=150353"},{"taxonomy":"product_tag","embeddable":true,"href":"https:\/\/metal-badge.ch\/fr\/wp-json\/wp\/v2\/product_tag?post=150353"}],"curies":[{"name":"wp","href":"https:\/\/api.w.org\/{rel}","templated":true}]}}