{"id":150333,"date":"2025-07-27T06:04:40","date_gmt":"2025-07-27T04:04:40","guid":{"rendered":"https:\/\/metal-badge.ch\/product\/150333\/zak-tool-zt90-la-plus-legere-des-cles-de-menottes\/"},"modified":"2025-07-27T06:04:40","modified_gmt":"2025-07-27T04:04:40","slug":"zak-tool-zt90-la-plus-legere-des-cles-de-menottes","status":"publish","type":"product","link":"https:\/\/metal-badge.ch\/fr\/product\/150333\/zak-tool-zt90-la-plus-legere-des-cles-de-menottes\/","title":{"rendered":"Zak Tool ZT90, la plus l\u00e9g\u00e8re des cl\u00e9s de menottes"},"content":{"rendered":"<p><span style=\"font-weight: 400;\">Cette cl\u00e9 est en acier inoxydable trait\u00e9 thermiquement et con\u00e7ues pour une utilisation ind\u00e9finie. La partie arri\u00e8re de l&rsquo;extension de la cl\u00e9 est en plastique polym\u00e8re, ce qui fait de cette cl\u00e9 de menotte l&rsquo;une des plus l\u00e9g\u00e8res qui existent, avec un poids de seulement 15 grammes. Il ne faut cependant pas sous-estimer sa robustesse et sa durabilit\u00e9. Compatible avec la plupart des versions standard de menottes. De la maison ZAK Tool.<\/span><\/p>\n<p><b>Informations sur le produit&nbsp;:<\/b><\/p>\n<ul>\n<li><span style=\"font-weight: 400;\">Marque&nbsp;: Zak Tool<\/span><\/li>\n<li><span style=\"font-weight: 400;\">Mod\u00e8le&nbsp;: ZT 90<\/span><\/li>\n<li><span style=\"font-weight: 400;\">Couleur&nbsp;: Noir mat<\/span><span style=\"font-weight: 400;\"><br \/>\n<\/span><\/li>\n<li><span style=\"font-weight: 400;\">Poids&nbsp;: 15 g.<\/span><span style=\"font-weight: 400;\"><br \/>\n<\/span><\/li>\n<li><span style=\"font-weight: 400;\">Longueur&nbsp;: 13 cm<\/span><span style=\"font-weight: 400;\"><br \/>\n<\/span><\/li>\n<li><span style=\"font-weight: 400;\">Mat\u00e9riau&nbsp;: Acier inoxydable<\/span><b>&nbsp;<\/b><\/li>\n<\/ul>\n","protected":false},"excerpt":{"rendered":"<p><span style=\"font-weight: 400;\">Cette cl\u00e9 est en acier inoxydable trait\u00e9 thermiquement et con\u00e7ues pour une utilisation ind\u00e9finie. La partie arri\u00e8re de l&rsquo;extension de la cl\u00e9 est en plastique polym\u00e8re, ce qui fait de cette cl\u00e9 de menotte l&rsquo;une des plus l\u00e9g\u00e8res qui existent, avec un poids de seulement 15 grammes. Il ne faut cependant pas sous-estimer sa robustesse et sa durabilit\u00e9. Compatible avec la plupart des versions standard de menottes. De la maison ZAK Tool.<\/span><\/p>\n","protected":false},"featured_media":150322,"comment_status":"closed","ping_status":"closed","template":"","meta":{"inline_featured_image":false},"product_brand":[],"product_cat":[887,1463],"product_tag":[],"class_list":{"0":"post-150333","1":"product","2":"type-product","3":"status-publish","4":"has-post-thumbnail","6":"product_cat-accessoires","7":"product_cat-menottes-bracelets-de-cheville-zak-tool","9":"first","10":"instock","11":"taxable","12":"shipping-taxable","13":"purchasable","14":"product-type-simple"},"_links":{"self":[{"href":"https:\/\/metal-badge.ch\/fr\/wp-json\/wp\/v2\/product\/150333","targetHints":{"allow":["GET"]}}],"collection":[{"href":"https:\/\/metal-badge.ch\/fr\/wp-json\/wp\/v2\/product"}],"about":[{"href":"https:\/\/metal-badge.ch\/fr\/wp-json\/wp\/v2\/types\/product"}],"replies":[{"embeddable":true,"href":"https:\/\/metal-badge.ch\/fr\/wp-json\/wp\/v2\/comments?post=150333"}],"wp:featuredmedia":[{"embeddable":true,"href":"https:\/\/metal-badge.ch\/fr\/wp-json\/wp\/v2\/media\/150322"}],"wp:attachment":[{"href":"https:\/\/metal-badge.ch\/fr\/wp-json\/wp\/v2\/media?parent=150333"}],"wp:term":[{"taxonomy":"product_brand","embeddable":true,"href":"https:\/\/metal-badge.ch\/fr\/wp-json\/wp\/v2\/product_brand?post=150333"},{"taxonomy":"product_cat","embeddable":true,"href":"https:\/\/metal-badge.ch\/fr\/wp-json\/wp\/v2\/product_cat?post=150333"},{"taxonomy":"product_tag","embeddable":true,"href":"https:\/\/metal-badge.ch\/fr\/wp-json\/wp\/v2\/product_tag?post=150333"}],"curies":[{"name":"wp","href":"https:\/\/api.w.org\/{rel}","templated":true}]}}