{"id":150313,"date":"2025-07-27T05:51:02","date_gmt":"2025-07-27T03:51:02","guid":{"rendered":"https:\/\/metal-badge.ch\/product\/150313\/brise-vitre-durgence-zt57-combine-a-une-cle-pour-menottes-de-zak-tool\/"},"modified":"2025-07-27T05:51:02","modified_gmt":"2025-07-27T03:51:02","slug":"brise-vitre-durgence-zt57-combine-a-une-cle-pour-menottes-de-zak-tool","status":"publish","type":"product","link":"https:\/\/metal-badge.ch\/fr\/product\/150313\/brise-vitre-durgence-zt57-combine-a-une-cle-pour-menottes-de-zak-tool\/","title":{"rendered":"Brise-vitre d&rsquo;urgence ZT57 combin\u00e9 \u00e0 une cl\u00e9 pour menottes de ZAK-Tool"},"content":{"rendered":"<p><span style=\"font-weight: 400;\">Le b\u00e2ton d&rsquo;urgence de ZAK-Tool avec cl\u00e9 universelle pour tous les types de menottes courants a \u00e9t\u00e9 d\u00e9velopp\u00e9 par des professionnels des forces d&rsquo;intervention. Les nouvelles vitres de plus en plus r\u00e9sistantes de tous les v\u00e9hicules posent sans cesse de nouveaux d\u00e9fis aux forces d&rsquo;intervention. Gr\u00e2ce \u00e0 sa pointe sp\u00e9cialement tremp\u00e9e, le b\u00e2ton ZAK-Tool peut briser des vitres de jusqu&rsquo;\u00e0 10 mm d&rsquo;\u00e9paisseur, et est donc \u00e9galement \u00e9quip\u00e9 pour les vitres de voitures derni\u00e8re g\u00e9n\u00e9ration. Le syst\u00e8me \u00e0 ressort rend l&rsquo;utilisation est simple, s\u00fbre et contr\u00f4l\u00e9e. Utilisation&nbsp;: Placer la pointe de l&rsquo;outil sur la vitre, tirer l\u00e9g\u00e8rement vers l&rsquo;arri\u00e8re le \u00ab syst\u00e8me de traction \u00e0 ressort \u00bb, puis rel\u00e2cher. La vitre est alors bris\u00e9e en quelques secondes. Le ZT57 dispose \u00e9galement d&rsquo;un pince en acier \u00e0 ressort. &nbsp;<\/span><\/p>\n<p><span style=\"font-weight: 400;\">Toutes les cl\u00e9s sont fabriqu\u00e9es en acier inoxydable trait\u00e9 thermiquement et con\u00e7ues pour une utilisation ind\u00e9finie. Gr\u00e2ce \u00e0 des mat\u00e9riaux de haute qualit\u00e9 et \u00e0 une fabrication experte, nous pouvons vous offrir une garantie de dur\u00e9e de vie ind\u00e9finie. Compatible avec la plupart des versions standard de menottes.<\/span><\/p>\n<p><b>Informations sur le produit&nbsp;:<\/b><\/p>\n<ul>\n<li><span style=\"font-weight: 400;\">Marque&nbsp;: Zak Tool<\/span><\/li>\n<li><span style=\"font-weight: 400;\">Mod\u00e8le&nbsp;: ZT 57<\/span><\/li>\n<li><span style=\"font-weight: 400;\">Combine une cl\u00e9 universelle pour menottes et un brise-vitre d\u2019urgence&nbsp;<\/span><\/li>\n<li><span style=\"font-weight: 400;\">Couleur&nbsp;: Noir mat<\/span><span style=\"font-weight: 400;\"><br \/>\n<\/span><\/li>\n<li><span style=\"font-weight: 400;\">Poids&nbsp;: 40 g.<\/span><span style=\"font-weight: 400;\"><br \/>\n<\/span><\/li>\n<li><span style=\"font-weight: 400;\">Longueur&nbsp;: 13 cm<\/span><span style=\"font-weight: 400;\"><br \/>\n<\/span><\/li>\n<li><span style=\"font-weight: 400;\">Mat\u00e9riau&nbsp;: Acier inoxydable<\/span><b>&nbsp;<\/b><\/li>\n<\/ul>\n","protected":false},"excerpt":{"rendered":"<p><span style=\"font-weight: 400;\">Le b\u00e2ton d&rsquo;urgence de ZAK-Tool avec cl\u00e9 universelle pour tous les types de menottes courants a \u00e9t\u00e9 d\u00e9velopp\u00e9 par des professionnels des forces d&rsquo;intervention. Les nouvelles vitres de plus en plus r\u00e9sistantes de tous les v\u00e9hicules posent sans cesse de nouveaux d\u00e9fis aux forces d&rsquo;intervention. Gr\u00e2ce \u00e0 sa pointe sp\u00e9cialement tremp\u00e9e, le b\u00e2ton ZAK-Tool peut briser des vitres de jusqu&rsquo;\u00e0 10 mm d&rsquo;\u00e9paisseur, et est donc \u00e9galement \u00e9quip\u00e9 pour les vitres de voitures derni\u00e8re g\u00e9n\u00e9ration. Le syst\u00e8me \u00e0 ressort rend l&rsquo;utilisation est simple, s\u00fbre et contr\u00f4l\u00e9e. Utilisation&nbsp;: Placer la pointe de l&rsquo;outil sur la vitre, tirer l\u00e9g\u00e8rement vers l&rsquo;arri\u00e8re le \u00ab syst\u00e8me de traction \u00e0 ressort \u00bb, puis rel\u00e2cher. La vitre est alors bris\u00e9e en quelques secondes. Le ZT57 dispose \u00e9galement d&rsquo;un pince en acier \u00e0 ressort. &nbsp;<\/span><\/p>\n","protected":false},"featured_media":150294,"comment_status":"closed","ping_status":"closed","template":"","meta":{"inline_featured_image":false},"product_brand":[],"product_cat":[1463,887],"product_tag":[],"class_list":{"0":"post-150313","1":"product","2":"type-product","3":"status-publish","4":"has-post-thumbnail","6":"product_cat-menottes-bracelets-de-cheville-zak-tool","7":"product_cat-accessoires","9":"first","10":"instock","11":"taxable","12":"shipping-taxable","13":"purchasable","14":"product-type-simple"},"_links":{"self":[{"href":"https:\/\/metal-badge.ch\/fr\/wp-json\/wp\/v2\/product\/150313","targetHints":{"allow":["GET"]}}],"collection":[{"href":"https:\/\/metal-badge.ch\/fr\/wp-json\/wp\/v2\/product"}],"about":[{"href":"https:\/\/metal-badge.ch\/fr\/wp-json\/wp\/v2\/types\/product"}],"replies":[{"embeddable":true,"href":"https:\/\/metal-badge.ch\/fr\/wp-json\/wp\/v2\/comments?post=150313"}],"wp:featuredmedia":[{"embeddable":true,"href":"https:\/\/metal-badge.ch\/fr\/wp-json\/wp\/v2\/media\/150294"}],"wp:attachment":[{"href":"https:\/\/metal-badge.ch\/fr\/wp-json\/wp\/v2\/media?parent=150313"}],"wp:term":[{"taxonomy":"product_brand","embeddable":true,"href":"https:\/\/metal-badge.ch\/fr\/wp-json\/wp\/v2\/product_brand?post=150313"},{"taxonomy":"product_cat","embeddable":true,"href":"https:\/\/metal-badge.ch\/fr\/wp-json\/wp\/v2\/product_cat?post=150313"},{"taxonomy":"product_tag","embeddable":true,"href":"https:\/\/metal-badge.ch\/fr\/wp-json\/wp\/v2\/product_tag?post=150313"}],"curies":[{"name":"wp","href":"https:\/\/api.w.org\/{rel}","templated":true}]}}