{"id":150289,"date":"2025-07-27T05:38:20","date_gmt":"2025-07-27T03:38:20","guid":{"rendered":"https:\/\/metal-badge.ch\/product\/150289\/epee-des-rois-des-vikings\/"},"modified":"2025-07-27T05:38:20","modified_gmt":"2025-07-27T03:38:20","slug":"epee-des-rois-des-vikings","status":"publish","type":"product","link":"https:\/\/metal-badge.ch\/fr\/product\/150289\/epee-des-rois-des-vikings\/","title":{"rendered":"\u00c9p\u00e9e des rois des Vikings"},"content":{"rendered":"<p><span style=\"font-weight: 400;\">\u00c9p\u00e9e des rois viking d\u00e9cor\u00e9e avec diff\u00e9rentes imitations de pierres pr\u00e9cieuses de plusieurs couleurs diff\u00e9rentes sur le manche. La lame en acier inoxydable 420 hautement polie porte l&rsquo;inscription runique viking \u00ab&nbsp;Schwert der K\u00f6nige&nbsp;\u00bb (\u00c9p\u00e9e des Rois).<\/span><\/p>\n<p><span style=\"font-weight: 400;\">Cette r\u00e9plique de l&rsquo;\u00e9p\u00e9e appartenant au roi des vikings, <\/span><b>Ragnar Lothbrok<\/b><span style=\"font-weight: 400;\"> est livr\u00e9e avec un magnifique fourreau en cuir noir \u00e9galement d\u00e9cor\u00e9 d\u2019imitations de pierres pr\u00e9cieuses.<\/span><\/p>\n<p><span style=\"font-weight: 400;\">Historiquement, de nombreuses \u00e9p\u00e9es vikings \u00e9taient fabriqu\u00e9es selon des mod\u00e8les ou avec des mat\u00e9riaux uniques, ce qui en faisait des objets tr\u00e8s recherch\u00e9s.<\/span><\/p>\n<p><span style=\"font-weight: 400;\">Cette r\u00e9plique d&rsquo;\u00e9p\u00e9e viking poss\u00e8de une lame large \u00e0 double tranchant avec une large gorge. L&rsquo;\u00e9p\u00e9e a \u00e9t\u00e9 fabriqu\u00e9e \u00e0 la main en acier forg\u00e9. Avec son pommeau \u00e0 la d\u00e9coration typique et sa longueur de poign\u00e9e de 18,5 cm, cette \u00e9p\u00e9e tiendra confortablement dans votre main. Une pi\u00e8ce de collection unique&nbsp;<\/span><\/p>\n<p><b>Informations sur le produit&nbsp;:&nbsp;<\/b><\/p>\n<ul>\n<li><span style=\"font-weight: 400;\">D\u00e9signation&nbsp;: R\u00e9plique de l\u2019\u00c9p\u00e9e des Rois viking SJ-SWD-912&nbsp;<\/span><\/li>\n<li><span style=\"font-weight: 400;\">Mati\u00e8re&nbsp;: Garde et pommeau en zinc moul\u00e9<\/span><\/li>\n<li><span style=\"font-weight: 400;\">Mati\u00e8re&nbsp;: Lame forg\u00e9e en acier inoxydable 420&nbsp;<\/span><\/li>\n<li><span style=\"font-weight: 400;\">Longueur totale avec fourreau&nbsp;: 99 cm<\/span><\/li>\n<li><span style=\"font-weight: 400;\">Longueur de la lame&nbsp;: 76 cm<\/span><\/li>\n<li><span style=\"font-weight: 400;\">Longueur de la garde transversale&nbsp;: 9 cm<\/span><\/li>\n<li><span style=\"font-weight: 400;\">Longueur de la poign\u00e9e&nbsp;: Espace pour la main&nbsp;: 13 cm<\/span><\/li>\n<li><span style=\"font-weight: 400;\">Largeur de lame avant la garde&nbsp;: 50 mm<\/span><\/li>\n<li><span style=\"font-weight: 400;\">Largeur du pommeau d\u2019environ 70 mm&nbsp;<\/span><\/li>\n<li><span style=\"font-weight: 400;\">\u00c9paisseur de mat\u00e9riau du pommeau&nbsp;: 25 mm<\/span><\/li>\n<li><span style=\"font-weight: 400;\">Le centre de gravit\u00e9 de l&rsquo;\u00e9p\u00e9e se trouve \u00e0 22,5 cm de la garde<\/span><\/li>\n<li><span style=\"font-weight: 400;\">La lame est hautement polie<\/span><\/li>\n<li><span style=\"font-weight: 400;\">Poids de l&rsquo;\u00e9p\u00e9e d\u2019environ. 1107 g.<\/span><\/li>\n<li><span style=\"font-weight: 400;\">Poids du fourreau d&rsquo;environ 420 g<\/span><\/li>\n<li><span style=\"font-weight: 400;\">Poign\u00e9e en zinc moul\u00e9<\/span><\/li>\n<li><span style=\"font-weight: 400;\">L&rsquo;\u00e9p\u00e9e est livr\u00e9e dans un tr\u00e8s beau fourreau en cuir et bois avec deux sangles<\/span><\/li>\n<li><span style=\"font-weight: 400;\">Pi\u00e8ce de collection<\/span><\/li>\n<\/ul>\n","protected":false},"excerpt":{"rendered":"<p><span style=\"font-weight: 400;\">\u00c9p\u00e9e des rois viking d\u00e9cor\u00e9e avec diff\u00e9rentes imitations de pierres pr\u00e9cieuses de plusieurs couleurs diff\u00e9rentes sur le manche. La lame en acier inoxydable 420 hautement polie porte l&rsquo;inscription runique viking \u00ab&nbsp;Schwert der K\u00f6nige&nbsp;\u00bb (\u00c9p\u00e9e des Rois).<\/span><\/p>\n<p><span style=\"font-weight: 400;\">Cette r\u00e9plique de l&rsquo;\u00e9p\u00e9e appartenant au roi des vikings, <\/span><b>Ragnar Lothbrok<\/b><span style=\"font-weight: 400;\"> est livr\u00e9e avec un magnifique fourreau en cuir noir \u00e9galement d\u00e9cor\u00e9 d\u2019imitations de pierres pr\u00e9cieuses.<\/span><\/p>\n","protected":false},"featured_media":150270,"comment_status":"closed","ping_status":"closed","template":"","meta":{"inline_featured_image":false},"product_brand":[],"product_cat":[1035,887],"product_tag":[],"class_list":{"0":"post-150289","1":"product","2":"type-product","3":"status-publish","4":"has-post-thumbnail","6":"product_cat-couteaux-machettes","7":"product_cat-accessoires","9":"first","10":"instock","11":"taxable","12":"shipping-taxable","13":"purchasable","14":"product-type-simple"},"_links":{"self":[{"href":"https:\/\/metal-badge.ch\/fr\/wp-json\/wp\/v2\/product\/150289","targetHints":{"allow":["GET"]}}],"collection":[{"href":"https:\/\/metal-badge.ch\/fr\/wp-json\/wp\/v2\/product"}],"about":[{"href":"https:\/\/metal-badge.ch\/fr\/wp-json\/wp\/v2\/types\/product"}],"replies":[{"embeddable":true,"href":"https:\/\/metal-badge.ch\/fr\/wp-json\/wp\/v2\/comments?post=150289"}],"wp:featuredmedia":[{"embeddable":true,"href":"https:\/\/metal-badge.ch\/fr\/wp-json\/wp\/v2\/media\/150270"}],"wp:attachment":[{"href":"https:\/\/metal-badge.ch\/fr\/wp-json\/wp\/v2\/media?parent=150289"}],"wp:term":[{"taxonomy":"product_brand","embeddable":true,"href":"https:\/\/metal-badge.ch\/fr\/wp-json\/wp\/v2\/product_brand?post=150289"},{"taxonomy":"product_cat","embeddable":true,"href":"https:\/\/metal-badge.ch\/fr\/wp-json\/wp\/v2\/product_cat?post=150289"},{"taxonomy":"product_tag","embeddable":true,"href":"https:\/\/metal-badge.ch\/fr\/wp-json\/wp\/v2\/product_tag?post=150289"}],"curies":[{"name":"wp","href":"https:\/\/api.w.org\/{rel}","templated":true}]}}